{"id":4396567,"date":"2023-05-11T17:22:48","date_gmt":"2023-05-11T15:22:48","guid":{"rendered":"https:\/\/www.comebsrl.it\/fresa-baulatrice-rullo-baulatore-idraulico-vendita\/"},"modified":"2025-11-26T12:54:27","modified_gmt":"2025-11-26T11:54:27","slug":"dammfraese-mit-hydraulisch-angetriebener-walze","status":"publish","type":"page","link":"https:\/\/www.comebsrl.it\/de\/fresa-baulatrice-rullo-baulatore-idraulico-vendita\/","title":{"rendered":"Dammfr\u00e4se mit hydraulisch angetriebener Walze"},"content":{"rendered":"<p>[et_pb_section fb_built=&#8220;1&#8243; _builder_version=&#8220;4.21.0&#8243; _module_preset=&#8220;default&#8220; background_color=&#8220;RGBA(255,255,255,0)&#8220; custom_padding=&#8220;0px||||false|false&#8220; global_colors_info=&#8220;{}&#8220;][et_pb_row custom_padding_last_edited=&#8220;off|desktop&#8220; _builder_version=&#8220;4.21.0&#8243; _module_preset=&#8220;default&#8220; background_color=&#8220;RGBA(255,255,255,0)&#8220; custom_padding=&#8220;||||true|false&#8220; custom_padding_tablet=&#8220;14vh||14vh||true|false&#8220; custom_padding_phone=&#8220;12vh||7vh||false|false&#8220; global_colors_info=&#8220;{}&#8220;][et_pb_column type=&#8220;4_4&#8243; _builder_version=&#8220;4.21.0&#8243; _module_preset=&#8220;default&#8220; global_colors_info=&#8220;{}&#8220;][dsm_breadcrumbs align=&#8220;center&#8220; _builder_version=&#8220;4.21.0&#8243; _module_preset=&#8220;default&#8220; items_font=&#8220;|||on|||||&#8220; items_text_color=&#8220;#181f1c&#8220; home_icon_text_color=&#8220;#181f1c&#8220; separators_text_color=&#8220;#181f1c&#8220; current_font=&#8220;|600||on|||||&#8220; current_text_color=&#8220;#f6a534&#8243; global_colors_info=&#8220;{}&#8220;][\/dsm_breadcrumbs][\/et_pb_column][\/et_pb_row][et_pb_row column_structure=&#8220;3_5,2_5&#8243; _builder_version=&#8220;4.21.0&#8243; _module_preset=&#8220;default&#8220; global_colors_info=&#8220;{}&#8220;][et_pb_column type=&#8220;3_5&#8243; _builder_version=&#8220;4.21.0&#8243; _module_preset=&#8220;default&#8220; global_colors_info=&#8220;{}&#8220;][et_pb_image src=&#8220;https:\/\/www.comebsrl.it\/wp-content\/uploads\/2023\/11\/Baulatrice-con-rullo-forzato-idraulico.jpg&#8220; alt=&#8220;Baulatrice-con-rullo-forzato-idraulico&#8220; title_text=&#8220;Baulatrice-con-rullo-forzato-idraulico&#8220; _builder_version=&#8220;4.21.0&#8243; _module_preset=&#8220;default&#8220; custom_margin=&#8220;||0px||false|false&#8220; global_colors_info=&#8220;{}&#8220;][\/et_pb_image][\/et_pb_column][et_pb_column type=&#8220;2_5&#8243; _builder_version=&#8220;4.21.0&#8243; _module_preset=&#8220;default&#8220; custom_padding=&#8220;2vh||||false|false&#8220; global_colors_info=&#8220;{}&#8220;][et_pb_text _builder_version=&#8220;4.27.4&#8243; _module_preset=&#8220;default&#8220; text_font=&#8220;|300|||||||&#8220; header_font=&#8220;||||||||&#8220; header_font_size=&#8220;32px&#8220; header_2_text_align=&#8220;left&#8220; header_2_font_size=&#8220;27px&#8220; header_2_line_height=&#8220;1.4em&#8220; header_6_font=&#8220;|800|||||||&#8220; header_6_text_color=&#8220;#f6a534&#8243; custom_margin=&#8220;||0px||false|false&#8220; global_colors_info=&#8220;{}&#8220;]<\/p>\n<h1><strong>Bettformer mit hydraulisch angetriebener Druckwalze<\/strong><\/h1>\n<p>[\/et_pb_text][et_pb_text _builder_version=&#8220;4.27.4&#8243; _module_preset=&#8220;default&#8220; text_font=&#8220;||||||||&#8220; global_colors_info=&#8220;{}&#8220;]Die Bettformer mit hydraulisch angetriebener Druckwalze erzeugen einen oder mehrere Bodenr\u00fccken durch Verdichtung des Bodens.<br \/>\nDurch den Einsatz von zwei seitlichen konischen Scheiben in zwei H\u00f6hen (11 cm oder 15 cm) wird das Saatbett entsprechend dem Bedarf vorbereitet.<\/p>\n<p>Die Umkehrfr\u00e4se mit Bettformer ist mit einer <strong>hydraulisch angetriebenen Glattwalze<\/strong> ausgestattet, deren Geschwindigkeit unabh\u00e4ngig von der Fahrgeschwindigkeit geregelt werden kann. Sie kann betrieben werden:<\/p>\n<p><strong>&#8211; durch ein unabh\u00e4ngiges Hydraulikaggregat, das an der Maschine montiert ist;<\/strong><br \/>\n<strong>&#8211; durch eine vom Traktor angetriebene Hydraulikanlage.<\/strong><\/p>\n<p>Es k\u00f6nnen <strong>zus\u00e4tzliche konische Scheiben<\/strong> in einer der beiden verf\u00fcgbaren H\u00f6hen (separat erh\u00e4ltlich) angebracht werden, um mehrere Bodenr\u00fccken gleichzeitig zu formen.<\/p>\n<p>Zubeh\u00f6r auf Anfrage:<\/p>\n<ul>\n<li><strong>Vordere Scheiben (empfohlen)<\/strong><\/li>\n<li><strong>Kit f\u00fcr hydraulisches Anheben der Haube<\/strong><\/li>\n<li><strong>Zus\u00e4tzliche konische Scheiben zur Erstellung mehrerer Beete in zwei H\u00f6hen (11 cm oder 15 cm)<\/strong><\/li>\n<\/ul>\n<p>Wenn Sie ein einfach zu bedienendes, sicheres, zuverl\u00e4ssiges und effizientes Produkt suchen, um ein oder mehrere Saatbetten sowohl im Freiland als auch im Gew\u00e4chshaus anzulegen, k\u00f6nnen Sie zwischen unseren Modellen von Umkehrfr\u00e4sen mit Bettformer w\u00e4hlen.<br \/>\nBeim Kauf sind <strong>\u00c4nderungen<\/strong> und <strong>Personalisierungen<\/strong> m\u00f6glich, indem Sie kompatible Zubeh\u00f6rteile und Komponenten ausw\u00e4hlen.<\/p>\n<p><strong>F\u00fcr weitere Informationen oder zur Anforderung eines kostenlosen und unverbindlichen Angebots laden wir Sie ein, uns zu kontaktieren.<\/strong>[\/et_pb_text][et_pb_button button_url=&#8220;@ET-DC@eyJkeW5hbWljIjp0cnVlLCJjb250ZW50IjoicG9zdF9saW5rX3VybF9wYWdlIiwic2V0dGluZ3MiOnsicG9zdF9pZCI6IjUwIn19@&#8220; button_text=&#8220;KONTAKTIEREN SIE UNS&#8220; _builder_version=&#8220;4.27.4&#8243; _dynamic_attributes=&#8220;button_url&#8220; _module_preset=&#8220;default&#8220; custom_button=&#8220;on&#8220; button_text_size=&#8220;15px&#8220; button_text_color=&#8220;#FFFFFF&#8220; button_bg_color=&#8220;#f6a534&#8243; button_border_width=&#8220;0px&#8220; button_border_color=&#8220;RGBA(255,255,255,0)&#8220; button_border_radius=&#8220;0px&#8220; button_letter_spacing=&#8220;1px&#8220; button_font=&#8220;Lato|600||on|||||&#8220; custom_padding=&#8220;8px|20px|8px|20px|true|true&#8220; global_module=&#8220;4393015&#8243; saved_tabs=&#8220;all&#8220; global_colors_info=&#8220;{}&#8220;][\/et_pb_button][\/et_pb_column][\/et_pb_row][\/et_pb_section][et_pb_section fb_built=&#8220;1&#8243; _builder_version=&#8220;4.21.0&#8243; _module_preset=&#8220;default&#8220; custom_padding=&#8220;0px||0px||true|false&#8220; global_colors_info=&#8220;{}&#8220;][et_pb_row _builder_version=&#8220;4.21.0&#8243; _module_preset=&#8220;default&#8220; width=&#8220;100%&#8220; max_width=&#8220;2560px&#8220; custom_padding=&#8220;0px||0px||true|false&#8220; global_colors_info=&#8220;{}&#8220;][et_pb_column type=&#8220;4_4&#8243; _builder_version=&#8220;4.21.0&#8243; _module_preset=&#8220;default&#8220; global_colors_info=&#8220;{}&#8220;][dsm_image_carousel gallery_ids=&#8220;4394268,4394271,4394269,4394273,4394909,4394910&#8243; speed=&#8220;1000&#8243; space_between=&#8220;0&#8243; arrows=&#8220;off&#8220; dots=&#8220;off&#8220; grab=&#8220;off&#8220; show_lightbox=&#8220;on&#8220; _builder_version=&#8220;4.21.0&#8243; _module_preset=&#8220;default&#8220; custom_margin=&#8220;||-10px||false|false&#8220; global_colors_info=&#8220;{}&#8220;][\/dsm_image_carousel][\/et_pb_column][\/et_pb_row][\/et_pb_section][et_pb_section fb_built=&#8220;1&#8243; module_id=&#8220;get-started&#8220; _builder_version=&#8220;4.21.0&#8243; background_color=&#8220;#f6a534&#8243; custom_padding=&#8220;0px||0px|&#8220; global_module=&#8220;63&#8243; global_colors_info=&#8220;{}&#8220;][et_pb_row column_structure=&#8220;2_3,1_3&#8243; _builder_version=&#8220;4.21.0&#8243; custom_padding=&#8220;|50px||50px&#8220; global_colors_info=&#8220;{}&#8220;][et_pb_column type=&#8220;2_3&#8243; _builder_version=&#8220;4.16&#8243; custom_padding=&#8220;|||&#8220; global_colors_info=&#8220;{}&#8220; custom_padding__hover=&#8220;|||&#8220;][et_pb_text _builder_version=&#8220;4.27.4&#8243; header_3_font_size=&#8220;25px&#8220; global_colors_info=&#8220;{}&#8220;]<\/p>\n<h3>F\u00fcr weitere Informationen kontaktieren Sie uns!<\/h3>\n<p>F\u00fcllen Sie das Formular aus \u2013 wir werden Ihnen so schnell wie m\u00f6glich antworten.[\/et_pb_text][\/et_pb_column][et_pb_column type=&#8220;1_3&#8243; _builder_version=&#8220;4.16&#8243; custom_padding=&#8220;|||&#8220; global_colors_info=&#8220;{}&#8220; custom_padding__hover=&#8220;|||&#8220;][et_pb_button button_url=&#8220;https:\/\/www.comebsrl.it\/contatti\/&#8220; button_text=&#8220;Kontaktieren Sie uns&#8220; button_alignment=&#8220;center&#8220; _builder_version=&#8220;4.27.4&#8243; custom_button=&#8220;on&#8220; button_text_size=&#8220;16&#8243; button_text_color=&#8220;#ffffff&#8220; button_bg_color=&#8220;#15537c&#8220; button_border_width=&#8220;0px&#8220; button_border_color=&#8220;RGBA(255,255,255,0)&#8220; button_border_radius=&#8220;0px&#8220; button_letter_spacing=&#8220;1px&#8220; button_font=&#8220;Lato|700||on|||||&#8220; button_use_icon=&#8220;off&#8220; background_layout=&#8220;dark&#8220; custom_padding=&#8220;8px||8px||true|false&#8220; custom_css_main_element=&#8220;padding:12px 35px!important;&#8220; button_text_color_hover=&#8220;#42ddcd&#8220; button_border_color_hover=&#8220;#42ddcd&#8220; button_bg_color_hover=&#8220;#ffffff&#8220; global_colors_info=&#8220;{}&#8220; button_text_size__hover_enabled=&#8220;off&#8220; button_one_text_size__hover_enabled=&#8220;off&#8220; button_two_text_size__hover_enabled=&#8220;off&#8220; button_text_color__hover_enabled=&#8220;on&#8220; button_text_color__hover=&#8220;#42ddcd&#8220; button_one_text_color__hover_enabled=&#8220;off&#8220; button_two_text_color__hover_enabled=&#8220;off&#8220; button_border_width__hover_enabled=&#8220;off&#8220; button_one_border_width__hover_enabled=&#8220;off&#8220; button_two_border_width__hover_enabled=&#8220;off&#8220; button_border_color__hover_enabled=&#8220;off|desktop&#8220; button_border_color__hover=&#8220;#42ddcd&#8220; button_one_border_color__hover_enabled=&#8220;off&#8220; button_two_border_color__hover_enabled=&#8220;off&#8220; button_border_radius__hover_enabled=&#8220;off&#8220; button_one_border_radius__hover_enabled=&#8220;off&#8220; button_two_border_radius__hover_enabled=&#8220;off&#8220; button_letter_spacing__hover_enabled=&#8220;off&#8220; button_one_letter_spacing__hover_enabled=&#8220;off&#8220; button_two_letter_spacing__hover_enabled=&#8220;off&#8220; button_bg_color__hover_enabled=&#8220;on&#8220; button_bg_color__hover=&#8220;#ffffff&#8220; button_one_bg_color__hover_enabled=&#8220;off&#8220; button_two_bg_color__hover_enabled=&#8220;off&#8220;][\/et_pb_button][\/et_pb_column][\/et_pb_row][\/et_pb_section]<\/p>\n","protected":false},"excerpt":{"rendered":"<p><div class=\"et_pb_module dsm_breadcrumbs dsm_breadcrumbs_0\">\n\t\t\t\t\n\t\t\t\t\n\t\t\t\t\n\t\t\t\t\n\t\t\t\t\n\t\t\t\t\n\t\t\t\t<div class=\"et_pb_module_inner\">\n\t\t\t\t\t<nav class=\"dsm_breadcrumbs_wrap\" role=\"navigation\" itemscope=\"\" itemtype=\"http:\/\/schema.org\/SiteNavigationElement\">\n\t\t\t\t<ul class=\"dsm_breadcrumbs\">\n\t\t\t<li class='dsm_breadcrumbs_item dsm_home_item dsm_home_item_custom'>\n\t\t\t\t<a href=\"https:\/\/www.comebsrl.it\/de\/\" itemprop=\"url\">\n\t\t\t\t\t<span class='dsm_home_text_wrapper'>\n\t\t\t\t\t\t\t\t\t\t\t\t\t<span class=\"et-pb-icon dsm_home_icon\">\ue009<\/span>\n\t\t\t\t\t\t\t\t\t\t\t\t\t<span class=\"dsm_home_text\" itemprop=\"name\">\n\t\t\t\t\t\t\t\tHome\t\t\t\t\t\t\t<\/span>\n\t\t\t\t\t<\/span>\n\t\t\t\t<\/a>\n\t\t\t<\/li>\n\n\t\t<li class=\"dsm_breadcrumbs_separator\"> <span class=\"et-pb-icon dsm_separator_icon\">5<\/span><\/li><\/ul>\n\t\t\t<\/nav>\n\t\t\t\t<\/div>\n\t\t\t<\/div>Bettformer mit hydraulisch angetriebener DruckwalzeDie Bettformer mit hydraulisch angetriebener Druckwalze erzeugen einen oder mehrere Bodenr\u00fccken durch Verdichtung des Bodens. Durch den Einsatz von zwei seitlichen konischen Scheiben in zwei H\u00f6hen (11 cm oder 15 cm) wird das Saatbett entsprechend dem Bedarf vorbereitet. Die Umkehrfr\u00e4se mit [&hellip;]<\/p>\n","protected":false},"author":1,"featured_media":0,"parent":4396577,"menu_order":0,"comment_status":"closed","ping_status":"closed","template":"","meta":{"_et_pb_use_builder":"on","_et_pb_old_content":"","_et_gb_content_width":"","inline_featured_image":false,"footnotes":""},"class_list":["post-4396567","page","type-page","status-publish","hentry"],"yoast_head":"<!-- This site is optimized with the Yoast SEO plugin v26.4 - https:\/\/yoast.com\/wordpress\/plugins\/seo\/ -->\n<title>Dammfr\u00e4se mit hydraulisch angetriebener Walze - CO.ME.B.<\/title>\n<meta name=\"robots\" content=\"index, follow, max-snippet:-1, max-image-preview:large, max-video-preview:-1\" \/>\n<link rel=\"canonical\" href=\"https:\/\/www.comebsrl.it\/de\/fresa-baulatrice-rullo-baulatore-idraulico-vendita\/\" \/>\n<meta property=\"og:locale\" content=\"de_DE\" \/>\n<meta property=\"og:type\" content=\"article\" \/>\n<meta property=\"og:title\" content=\"Dammfr\u00e4se mit hydraulisch angetriebener Walze - CO.ME.B.\" \/>\n<meta property=\"og:description\" content=\"Bettformer mit hydraulisch angetriebener DruckwalzeDie Bettformer mit hydraulisch angetriebener Druckwalze erzeugen einen oder mehrere Bodenr\u00fccken durch Verdichtung des Bodens. Durch den Einsatz von zwei seitlichen konischen Scheiben in zwei H\u00f6hen (11 cm oder 15 cm) wird das Saatbett entsprechend dem Bedarf vorbereitet. Die Umkehrfr\u00e4se mit [&hellip;]\" \/>\n<meta property=\"og:url\" content=\"https:\/\/www.comebsrl.it\/de\/fresa-baulatrice-rullo-baulatore-idraulico-vendita\/\" \/>\n<meta property=\"og:site_name\" content=\"CO.ME.B.\" \/>\n<meta property=\"article:modified_time\" content=\"2025-11-26T11:54:27+00:00\" \/>\n<meta name=\"twitter:card\" content=\"summary_large_image\" \/>\n<meta name=\"twitter:label1\" content=\"Gesch\u00e4tzte Lesezeit\" \/>\n\t<meta name=\"twitter:data1\" content=\"2\u00a0Minuten\" \/>\n<script type=\"application\/ld+json\" class=\"yoast-schema-graph\">{\"@context\":\"https:\/\/schema.org\",\"@graph\":[{\"@type\":\"WebPage\",\"@id\":\"https:\/\/www.comebsrl.it\/de\/fresa-baulatrice-rullo-baulatore-idraulico-vendita\/\",\"url\":\"https:\/\/www.comebsrl.it\/de\/fresa-baulatrice-rullo-baulatore-idraulico-vendita\/\",\"name\":\"Dammfr\u00e4se mit hydraulisch angetriebener Walze - CO.ME.B.\",\"isPartOf\":{\"@id\":\"https:\/\/www.comebsrl.it\/de\/#website\"},\"datePublished\":\"2023-05-11T15:22:48+00:00\",\"dateModified\":\"2025-11-26T11:54:27+00:00\",\"breadcrumb\":{\"@id\":\"https:\/\/www.comebsrl.it\/de\/fresa-baulatrice-rullo-baulatore-idraulico-vendita\/#breadcrumb\"},\"inLanguage\":\"de\",\"potentialAction\":[{\"@type\":\"ReadAction\",\"target\":[\"https:\/\/www.comebsrl.it\/de\/fresa-baulatrice-rullo-baulatore-idraulico-vendita\/\"]}]},{\"@type\":\"BreadcrumbList\",\"@id\":\"https:\/\/www.comebsrl.it\/de\/fresa-baulatrice-rullo-baulatore-idraulico-vendita\/#breadcrumb\",\"itemListElement\":[{\"@type\":\"ListItem\",\"position\":1,\"name\":\"Home\",\"item\":\"https:\/\/www.comebsrl.it\/de\/\"},{\"@type\":\"ListItem\",\"position\":2,\"name\":\"Produkte\",\"item\":\"https:\/\/www.comebsrl.it\/de\/produttori-macchine-attrezzature-preparazione-terreno-diserbo-meccanico\/\"},{\"@type\":\"ListItem\",\"position\":3,\"name\":\"Umkehrfr\u00e4sen\",\"item\":\"https:\/\/www.comebsrl.it\/de\/fresa-interrasassi-produzione-fornitura-attrezzature-agricole\/\"},{\"@type\":\"ListItem\",\"position\":4,\"name\":\"Zubeh\u00f6r f\u00fcr Umkehrfr\u00e4sen\",\"item\":\"https:\/\/www.comebsrl.it\/de\/baulatrici-artigianali-preparazione-letto-solco-prose-semina\/\"},{\"@type\":\"ListItem\",\"position\":5,\"name\":\"Dammfr\u00e4se mit hydraulisch angetriebener Walze\"}]},{\"@type\":\"WebSite\",\"@id\":\"https:\/\/www.comebsrl.it\/de\/#website\",\"url\":\"https:\/\/www.comebsrl.it\/de\/\",\"name\":\"CO.ME.B.\",\"description\":\"\",\"potentialAction\":[{\"@type\":\"SearchAction\",\"target\":{\"@type\":\"EntryPoint\",\"urlTemplate\":\"https:\/\/www.comebsrl.it\/de\/?s={search_term_string}\"},\"query-input\":{\"@type\":\"PropertyValueSpecification\",\"valueRequired\":true,\"valueName\":\"search_term_string\"}}],\"inLanguage\":\"de\"}]}<\/script>\n<!-- \/ Yoast SEO plugin. -->","yoast_head_json":{"title":"Dammfr\u00e4se mit hydraulisch angetriebener Walze - CO.ME.B.","robots":{"index":"index","follow":"follow","max-snippet":"max-snippet:-1","max-image-preview":"max-image-preview:large","max-video-preview":"max-video-preview:-1"},"canonical":"https:\/\/www.comebsrl.it\/de\/fresa-baulatrice-rullo-baulatore-idraulico-vendita\/","og_locale":"de_DE","og_type":"article","og_title":"Dammfr\u00e4se mit hydraulisch angetriebener Walze - CO.ME.B.","og_description":"Bettformer mit hydraulisch angetriebener DruckwalzeDie Bettformer mit hydraulisch angetriebener Druckwalze erzeugen einen oder mehrere Bodenr\u00fccken durch Verdichtung des Bodens. Durch den Einsatz von zwei seitlichen konischen Scheiben in zwei H\u00f6hen (11 cm oder 15 cm) wird das Saatbett entsprechend dem Bedarf vorbereitet. Die Umkehrfr\u00e4se mit [&hellip;]","og_url":"https:\/\/www.comebsrl.it\/de\/fresa-baulatrice-rullo-baulatore-idraulico-vendita\/","og_site_name":"CO.ME.B.","article_modified_time":"2025-11-26T11:54:27+00:00","twitter_card":"summary_large_image","twitter_misc":{"Gesch\u00e4tzte Lesezeit":"2\u00a0Minuten"},"schema":{"@context":"https:\/\/schema.org","@graph":[{"@type":"WebPage","@id":"https:\/\/www.comebsrl.it\/de\/fresa-baulatrice-rullo-baulatore-idraulico-vendita\/","url":"https:\/\/www.comebsrl.it\/de\/fresa-baulatrice-rullo-baulatore-idraulico-vendita\/","name":"Dammfr\u00e4se mit hydraulisch angetriebener Walze - CO.ME.B.","isPartOf":{"@id":"https:\/\/www.comebsrl.it\/de\/#website"},"datePublished":"2023-05-11T15:22:48+00:00","dateModified":"2025-11-26T11:54:27+00:00","breadcrumb":{"@id":"https:\/\/www.comebsrl.it\/de\/fresa-baulatrice-rullo-baulatore-idraulico-vendita\/#breadcrumb"},"inLanguage":"de","potentialAction":[{"@type":"ReadAction","target":["https:\/\/www.comebsrl.it\/de\/fresa-baulatrice-rullo-baulatore-idraulico-vendita\/"]}]},{"@type":"BreadcrumbList","@id":"https:\/\/www.comebsrl.it\/de\/fresa-baulatrice-rullo-baulatore-idraulico-vendita\/#breadcrumb","itemListElement":[{"@type":"ListItem","position":1,"name":"Home","item":"https:\/\/www.comebsrl.it\/de\/"},{"@type":"ListItem","position":2,"name":"Produkte","item":"https:\/\/www.comebsrl.it\/de\/produttori-macchine-attrezzature-preparazione-terreno-diserbo-meccanico\/"},{"@type":"ListItem","position":3,"name":"Umkehrfr\u00e4sen","item":"https:\/\/www.comebsrl.it\/de\/fresa-interrasassi-produzione-fornitura-attrezzature-agricole\/"},{"@type":"ListItem","position":4,"name":"Zubeh\u00f6r f\u00fcr Umkehrfr\u00e4sen","item":"https:\/\/www.comebsrl.it\/de\/baulatrici-artigianali-preparazione-letto-solco-prose-semina\/"},{"@type":"ListItem","position":5,"name":"Dammfr\u00e4se mit hydraulisch angetriebener Walze"}]},{"@type":"WebSite","@id":"https:\/\/www.comebsrl.it\/de\/#website","url":"https:\/\/www.comebsrl.it\/de\/","name":"CO.ME.B.","description":"","potentialAction":[{"@type":"SearchAction","target":{"@type":"EntryPoint","urlTemplate":"https:\/\/www.comebsrl.it\/de\/?s={search_term_string}"},"query-input":{"@type":"PropertyValueSpecification","valueRequired":true,"valueName":"search_term_string"}}],"inLanguage":"de"}]}},"_links":{"self":[{"href":"https:\/\/www.comebsrl.it\/de\/wp-json\/wp\/v2\/pages\/4396567","targetHints":{"allow":["GET"]}}],"collection":[{"href":"https:\/\/www.comebsrl.it\/de\/wp-json\/wp\/v2\/pages"}],"about":[{"href":"https:\/\/www.comebsrl.it\/de\/wp-json\/wp\/v2\/types\/page"}],"author":[{"embeddable":true,"href":"https:\/\/www.comebsrl.it\/de\/wp-json\/wp\/v2\/users\/1"}],"replies":[{"embeddable":true,"href":"https:\/\/www.comebsrl.it\/de\/wp-json\/wp\/v2\/comments?post=4396567"}],"version-history":[{"count":4,"href":"https:\/\/www.comebsrl.it\/de\/wp-json\/wp\/v2\/pages\/4396567\/revisions"}],"predecessor-version":[{"id":4396876,"href":"https:\/\/www.comebsrl.it\/de\/wp-json\/wp\/v2\/pages\/4396567\/revisions\/4396876"}],"up":[{"embeddable":true,"href":"https:\/\/www.comebsrl.it\/de\/wp-json\/wp\/v2\/pages\/4396577"}],"wp:attachment":[{"href":"https:\/\/www.comebsrl.it\/de\/wp-json\/wp\/v2\/media?parent=4396567"}],"curies":[{"name":"wp","href":"https:\/\/api.w.org\/{rel}","templated":true}]}}