{"id":4396569,"date":"2023-05-11T17:21:46","date_gmt":"2023-05-11T15:21:46","guid":{"rendered":"https:\/\/www.comebsrl.it\/isr-fresa-interrasassi-trattore-potenza-100hp\/"},"modified":"2025-11-26T12:54:37","modified_gmt":"2025-11-26T11:54:37","slug":"isr","status":"publish","type":"page","link":"https:\/\/www.comebsrl.it\/de\/isr-fresa-interrasassi-trattore-potenza-100hp\/","title":{"rendered":"ISR"},"content":{"rendered":"<p>[et_pb_section fb_built=&#8220;1&#8243; _builder_version=&#8220;4.21.0&#8243; _module_preset=&#8220;default&#8220; background_color=&#8220;RGBA(255,255,255,0)&#8220; custom_padding=&#8220;0px||||false|false&#8220; global_colors_info=&#8220;{}&#8220;][et_pb_row custom_padding_last_edited=&#8220;off|desktop&#8220; _builder_version=&#8220;4.21.0&#8243; _module_preset=&#8220;default&#8220; background_color=&#8220;RGBA(255,255,255,0)&#8220; custom_padding=&#8220;||||true|false&#8220; custom_padding_tablet=&#8220;14vh||14vh||true|false&#8220; custom_padding_phone=&#8220;12vh||7vh||false|false&#8220; global_colors_info=&#8220;{}&#8220;][et_pb_column type=&#8220;4_4&#8243; _builder_version=&#8220;4.21.0&#8243; _module_preset=&#8220;default&#8220; global_colors_info=&#8220;{}&#8220;][dsm_breadcrumbs align=&#8220;center&#8220; _builder_version=&#8220;4.21.0&#8243; _module_preset=&#8220;default&#8220; items_font=&#8220;|||on|||||&#8220; items_text_color=&#8220;#181f1c&#8220; home_icon_text_color=&#8220;#181f1c&#8220; separators_text_color=&#8220;#181f1c&#8220; current_font=&#8220;|600||on|||||&#8220; current_text_color=&#8220;#f6a534&#8243; global_colors_info=&#8220;{}&#8220;][\/dsm_breadcrumbs][\/et_pb_column][\/et_pb_row][et_pb_row column_structure=&#8220;3_5,2_5&#8243; _builder_version=&#8220;4.21.0&#8243; _module_preset=&#8220;default&#8220; global_colors_info=&#8220;{}&#8220;][et_pb_column type=&#8220;3_5&#8243; _builder_version=&#8220;4.21.0&#8243; _module_preset=&#8220;default&#8220; global_colors_info=&#8220;{}&#8220;][et_pb_image src=&#8220;https:\/\/www.comebsrl.it\/wp-content\/uploads\/2023\/07\/Fresa-interrasassi-per-trattore-isr.jpg&#8220; alt=&#8220;Fresa-interrasassi-per-trattore-isr&#8220; title_text=&#8220;Fresa-interrasassi-per-trattore-isr&#8220; _builder_version=&#8220;4.21.0&#8243; _module_preset=&#8220;default&#8220; custom_margin=&#8220;||0px||false|false&#8220; global_colors_info=&#8220;{}&#8220;][\/et_pb_image][\/et_pb_column][et_pb_column type=&#8220;2_5&#8243; _builder_version=&#8220;4.21.0&#8243; _module_preset=&#8220;default&#8220; custom_padding=&#8220;2vh||||false|false&#8220; global_colors_info=&#8220;{}&#8220;][et_pb_text _builder_version=&#8220;4.27.4&#8243; _module_preset=&#8220;default&#8220; text_font=&#8220;|300|||||||&#8220; header_font=&#8220;||||||||&#8220; header_font_size=&#8220;32px&#8220; header_2_text_align=&#8220;left&#8220; header_2_font_size=&#8220;27px&#8220; header_2_line_height=&#8220;1.4em&#8220; header_6_font=&#8220;|800|||||||&#8220; header_6_text_color=&#8220;#f6a534&#8243; custom_margin=&#8220;||0px||false|false&#8220; global_colors_info=&#8220;{}&#8220;]<\/p>\n<h1><strong>Umkehrfr\u00e4sen ISR<\/strong><\/h1>\n<p>[\/et_pb_text][et_pb_text _builder_version=&#8220;4.27.4&#8243; _module_preset=&#8220;default&#8220; text_font=&#8220;||||||||&#8220; global_colors_info=&#8220;{}&#8220;]Die Umkehrfr\u00e4sen ISR sind <strong>verst\u00e4rkte Modelle f\u00fcr Traktoren bis zu 150 PS.<\/strong><br \/>\nDank ihrer hohen Robustheit k\u00f6nnen sie <strong>sehr steinige, harte<\/strong> und <strong>z\u00e4he B\u00f6den<\/strong> bearbeiten.<br \/>\nDie Maschine lockert unbearbeitete B\u00f6den, zerkleinert und verfeinert Fl\u00e4chen mit gro\u00dfen, harten Erdschollen und Ernter\u00fcckst\u00e4nden und arbeitet gleichzeitig auch Steine und R\u00fcckst\u00e4nde von erheblicher Gr\u00f6\u00dfe ein.<\/p>\n<p>Der <strong>Doppelbodenrahmen<\/strong>, die <strong>Deichsel<\/strong> und der <strong>verst\u00e4rkte Rotor<\/strong> mit Hackmessern sind so konzipiert, dass sie in jedem Einsatzbereich und auf allen Bodenarten zuverl\u00e4ssig arbeiten.<br \/>\nOptional erh\u00e4ltlich sind Zubeh\u00f6r wie ein Doppel-Flansch-Kit f\u00fcr trockene und harte B\u00f6den, ein Rotor mit geraden Hackmessern f\u00fcr stark tonhaltige B\u00f6den, ein Getriebeantrieb sowie eine doppelte Antriebskonfiguration sowohl mit Kettenantrieb als auch mit Zahnradantrieb.<\/p>\n<p>Suchen Sie eine Umkehrfr\u00e4se mit diesen Eigenschaften?<br \/>\nCOMEB ist ein <strong>Hersteller landwirtschaftlicher Ger\u00e4te<\/strong> f\u00fcr die Bodenbearbeitung mit mechanischer Unkrautbek\u00e4mpfung.<\/p>\n<p><strong>Kontaktieren Sie uns, um spezifische Informationen, Beratung und den Preis f\u00fcr das Modell zu erhalten, das Ihren Anforderungen entspricht.<\/strong>[\/et_pb_text][et_pb_button button_url=&#8220;@ET-DC@eyJkeW5hbWljIjp0cnVlLCJjb250ZW50IjoicG9zdF9saW5rX3VybF9wYWdlIiwic2V0dGluZ3MiOnsicG9zdF9pZCI6IjUwIn19@&#8220; button_text=&#8220;KONTAKTIEREN SIE UNS&#8220; _builder_version=&#8220;4.27.4&#8243; _dynamic_attributes=&#8220;button_url&#8220; _module_preset=&#8220;default&#8220; custom_button=&#8220;on&#8220; button_text_size=&#8220;15px&#8220; button_text_color=&#8220;#FFFFFF&#8220; button_bg_color=&#8220;#f6a534&#8243; button_border_width=&#8220;0px&#8220; button_border_color=&#8220;RGBA(255,255,255,0)&#8220; button_border_radius=&#8220;0px&#8220; button_letter_spacing=&#8220;1px&#8220; button_font=&#8220;Lato|600||on|||||&#8220; custom_padding=&#8220;8px|20px|8px|20px|true|true&#8220; global_module=&#8220;4393015&#8243; saved_tabs=&#8220;all&#8220; global_colors_info=&#8220;{}&#8220;][\/et_pb_button][\/et_pb_column][\/et_pb_row][et_pb_row column_structure=&#8220;2_5,3_5&#8243; use_custom_gutter=&#8220;on&#8220; _builder_version=&#8220;4.21.0&#8243; _module_preset=&#8220;default&#8220; global_colors_info=&#8220;{}&#8220;][et_pb_column type=&#8220;2_5&#8243; _builder_version=&#8220;4.21.0&#8243; _module_preset=&#8220;default&#8220; global_colors_info=&#8220;{}&#8220;][et_pb_image src=&#8220;https:\/\/www.comebsrl.it\/wp-content\/uploads\/2023\/07\/Preparazione-terreni-difficili-con-fresa-interrasassi.jpg&#8220; alt=&#8220;Preparazione-terreni-difficili-con-fresa-interrasassi&#8220; title_text=&#8220;Preparazione-terreni-difficili-con-fresa-interrasassi&#8220; _builder_version=&#8220;4.21.0&#8243; _module_preset=&#8220;default&#8220; global_colors_info=&#8220;{}&#8220;][\/et_pb_image][\/et_pb_column][et_pb_column type=&#8220;3_5&#8243; _builder_version=&#8220;4.21.0&#8243; _module_preset=&#8220;default&#8220; global_colors_info=&#8220;{}&#8220;][et_pb_tabs active_tab_background_color=&#8220;#f6a534&#8243; inactive_tab_background_color=&#8220;#258acb&#8220; active_tab_text_color=&#8220;#181f1c&#8220; _builder_version=&#8220;4.27.4&#8243; _module_preset=&#8220;default&#8220; tab_text_color=&#8220;#f6f6f6&#8243; tab_font=&#8220;Orbitron||||||||&#8220; tab_font_size=&#8220;13px&#8220; background_color=&#8220;RGBA(255,255,255,0)&#8220; border_color_all=&#8220;#181f1c&#8220; global_colors_info=&#8220;{}&#8220;][et_pb_tab title=&#8220;Technische Daten&#8220; _builder_version=&#8220;4.27.4&#8243; _module_preset=&#8220;default&#8220; global_colors_info=&#8220;{}&#8220;]<strong>Traktor:<\/strong> 90\u2013150 PS<br \/>\n<strong>Arbeitstiefe:<\/strong> 15\u201327 cm<br \/>\n<strong>Getriebe:<\/strong> 540 U\/min<br \/>\n<strong>Hackmesser:<\/strong> 6 pro Flansch, Winkelmesser[\/et_pb_tab][et_pb_tab title=&#8220;Ausstattung&#8220; _builder_version=&#8220;4.27.4&#8243; _module_preset=&#8220;default&#8220; global_colors_info=&#8220;{}&#8220;]<\/p>\n<ul>\n<li>Kardanwelle mit automatischer Begrenzung<\/li>\n<li>Planierhaube<\/li>\n<li>Vibrorost<\/li>\n<li>Kettenantrieb<\/li>\n<li>\u201eCE\u201c-Norm<\/li>\n<\/ul>\n<p>[\/et_pb_tab][et_pb_tab title=&#8220;Zubeh\u00f6r und Ersatzteil-Kits&#8220; _builder_version=&#8220;4.27.4&#8243; _module_preset=&#8220;default&#8220; global_colors_info=&#8220;{}&#8220;]<\/p>\n<ul>\n<li>Hintere Gitter-, Packer- oder Glattwalze<\/li>\n<li>Hydraulische Anhebung der Walze<\/li>\n<li>Hydraulische Verschiebung der Walze<\/li>\n<li>Getriebe 1000 U\/min<\/li>\n<li>Zahnradantrieb<\/li>\n<li>Doppelbodenrahmen f\u00fcr besonders steinige B\u00f6den<\/li>\n<li>Verst\u00e4rkter Rotor f\u00fcr harte B\u00f6den<\/li>\n<li>Doppel-Flansch-Kit f\u00fcr harte B\u00f6den (nicht besonders feucht)<\/li>\n<li>Gerade Hackmesser (Turbo-Rotor) f\u00fcr tonhaltige B\u00f6den<\/li>\n<li>Tiefenlockerer<\/li>\n<li>Bettformer-Haube oder hydraulisch angetriebene Druckwalze<\/li>\n<\/ul>\n<p>[\/et_pb_tab][\/et_pb_tabs][\/et_pb_column][\/et_pb_row][\/et_pb_section][et_pb_section fb_built=&#8220;1&#8243; _builder_version=&#8220;4.21.0&#8243; _module_preset=&#8220;default&#8220; custom_padding=&#8220;0px||0px||true|false&#8220; global_colors_info=&#8220;{}&#8220;][et_pb_row _builder_version=&#8220;4.21.0&#8243; _module_preset=&#8220;default&#8220; width=&#8220;100%&#8220; max_width=&#8220;2560px&#8220; custom_padding=&#8220;0px||0px||true|false&#8220; global_colors_info=&#8220;{}&#8220;][et_pb_column type=&#8220;4_4&#8243; _builder_version=&#8220;4.21.0&#8243; _module_preset=&#8220;default&#8220; global_colors_info=&#8220;{}&#8220;][dsm_image_carousel gallery_ids=&#8220;4394231,4394235,4394232,4394233,4394894&#8243; speed=&#8220;1000&#8243; space_between=&#8220;0&#8243; arrows=&#8220;off&#8220; dots=&#8220;off&#8220; grab=&#8220;off&#8220; show_lightbox=&#8220;on&#8220; _builder_version=&#8220;4.21.0&#8243; _module_preset=&#8220;default&#8220; custom_margin=&#8220;||-10px||false|false&#8220; global_colors_info=&#8220;{}&#8220;][\/dsm_image_carousel][\/et_pb_column][\/et_pb_row][\/et_pb_section][et_pb_section fb_built=&#8220;1&#8243; module_id=&#8220;get-started&#8220; _builder_version=&#8220;4.21.0&#8243; background_color=&#8220;#f6a534&#8243; custom_padding=&#8220;0px||0px|&#8220; global_module=&#8220;63&#8243; global_colors_info=&#8220;{}&#8220;][et_pb_row column_structure=&#8220;2_3,1_3&#8243; _builder_version=&#8220;4.21.0&#8243; custom_padding=&#8220;|50px||50px&#8220; global_colors_info=&#8220;{}&#8220;][et_pb_column type=&#8220;2_3&#8243; _builder_version=&#8220;4.16&#8243; custom_padding=&#8220;|||&#8220; global_colors_info=&#8220;{}&#8220; custom_padding__hover=&#8220;|||&#8220;][et_pb_text _builder_version=&#8220;4.27.4&#8243; header_3_font_size=&#8220;25px&#8220; global_colors_info=&#8220;{}&#8220;]<\/p>\n<h3>F\u00fcr weitere Informationen kontaktieren Sie uns!<\/h3>\n<p>F\u00fcllen Sie das Formular aus \u2013 wir werden Ihnen so schnell wie m\u00f6glich antworten.[\/et_pb_text][\/et_pb_column][et_pb_column type=&#8220;1_3&#8243; _builder_version=&#8220;4.16&#8243; custom_padding=&#8220;|||&#8220; global_colors_info=&#8220;{}&#8220; custom_padding__hover=&#8220;|||&#8220;][et_pb_button button_url=&#8220;https:\/\/www.comebsrl.it\/contatti\/&#8220; button_text=&#8220;Kontaktieren Sie uns&#8220; button_alignment=&#8220;center&#8220; _builder_version=&#8220;4.27.4&#8243; custom_button=&#8220;on&#8220; button_text_size=&#8220;16&#8243; button_text_color=&#8220;#ffffff&#8220; button_bg_color=&#8220;#15537c&#8220; button_border_width=&#8220;0px&#8220; button_border_color=&#8220;RGBA(255,255,255,0)&#8220; button_border_radius=&#8220;0px&#8220; button_letter_spacing=&#8220;1px&#8220; button_font=&#8220;Lato|700||on|||||&#8220; button_use_icon=&#8220;off&#8220; background_layout=&#8220;dark&#8220; custom_padding=&#8220;8px||8px||true|false&#8220; custom_css_main_element=&#8220;padding:12px 35px!important;&#8220; button_text_color_hover=&#8220;#42ddcd&#8220; button_border_color_hover=&#8220;#42ddcd&#8220; button_bg_color_hover=&#8220;#ffffff&#8220; global_colors_info=&#8220;{}&#8220; button_text_size__hover_enabled=&#8220;off&#8220; button_one_text_size__hover_enabled=&#8220;off&#8220; button_two_text_size__hover_enabled=&#8220;off&#8220; button_text_color__hover_enabled=&#8220;on&#8220; button_text_color__hover=&#8220;#42ddcd&#8220; button_one_text_color__hover_enabled=&#8220;off&#8220; button_two_text_color__hover_enabled=&#8220;off&#8220; button_border_width__hover_enabled=&#8220;off&#8220; button_one_border_width__hover_enabled=&#8220;off&#8220; button_two_border_width__hover_enabled=&#8220;off&#8220; button_border_color__hover_enabled=&#8220;off|desktop&#8220; button_border_color__hover=&#8220;#42ddcd&#8220; button_one_border_color__hover_enabled=&#8220;off&#8220; button_two_border_color__hover_enabled=&#8220;off&#8220; button_border_radius__hover_enabled=&#8220;off&#8220; button_one_border_radius__hover_enabled=&#8220;off&#8220; button_two_border_radius__hover_enabled=&#8220;off&#8220; button_letter_spacing__hover_enabled=&#8220;off&#8220; button_one_letter_spacing__hover_enabled=&#8220;off&#8220; button_two_letter_spacing__hover_enabled=&#8220;off&#8220; button_bg_color__hover_enabled=&#8220;on&#8220; button_bg_color__hover=&#8220;#ffffff&#8220; button_one_bg_color__hover_enabled=&#8220;off&#8220; button_two_bg_color__hover_enabled=&#8220;off&#8220;][\/et_pb_button][\/et_pb_column][\/et_pb_row][\/et_pb_section]<\/p>\n","protected":false},"excerpt":{"rendered":"<p><div class=\"et_pb_module dsm_breadcrumbs dsm_breadcrumbs_0\">\n\t\t\t\t\n\t\t\t\t\n\t\t\t\t\n\t\t\t\t\n\t\t\t\t\n\t\t\t\t\n\t\t\t\t<div class=\"et_pb_module_inner\">\n\t\t\t\t\t<nav class=\"dsm_breadcrumbs_wrap\" role=\"navigation\" itemscope=\"\" itemtype=\"http:\/\/schema.org\/SiteNavigationElement\">\n\t\t\t\t<ul class=\"dsm_breadcrumbs\">\n\t\t\t<li class='dsm_breadcrumbs_item dsm_home_item dsm_home_item_custom'>\n\t\t\t\t<a href=\"https:\/\/www.comebsrl.it\/de\/\" itemprop=\"url\">\n\t\t\t\t\t<span class='dsm_home_text_wrapper'>\n\t\t\t\t\t\t\t\t\t\t\t\t\t<span class=\"et-pb-icon dsm_home_icon\">\ue009<\/span>\n\t\t\t\t\t\t\t\t\t\t\t\t\t<span class=\"dsm_home_text\" itemprop=\"name\">\n\t\t\t\t\t\t\t\tHome\t\t\t\t\t\t\t<\/span>\n\t\t\t\t\t<\/span>\n\t\t\t\t<\/a>\n\t\t\t<\/li>\n\n\t\t<li class=\"dsm_breadcrumbs_separator\"> <span class=\"et-pb-icon dsm_separator_icon\">5<\/span><\/li><\/ul>\n\t\t\t<\/nav>\n\t\t\t\t<\/div>\n\t\t\t<\/div>Umkehrfr\u00e4sen ISRDie Umkehrfr\u00e4sen ISR sind verst\u00e4rkte Modelle f\u00fcr Traktoren bis zu 150 PS. Dank ihrer hohen Robustheit k\u00f6nnen sie sehr steinige, harte und z\u00e4he B\u00f6den bearbeiten. Die Maschine lockert unbearbeitete B\u00f6den, zerkleinert und verfeinert Fl\u00e4chen mit gro\u00dfen, harten Erdschollen und Ernter\u00fcckst\u00e4nden und arbeitet gleichzeitig auch [&hellip;]<\/p>\n","protected":false},"author":1,"featured_media":0,"parent":4396578,"menu_order":0,"comment_status":"closed","ping_status":"closed","template":"","meta":{"_et_pb_use_builder":"on","_et_pb_old_content":"","_et_gb_content_width":"","inline_featured_image":false,"footnotes":""},"class_list":["post-4396569","page","type-page","status-publish","hentry"],"yoast_head":"<!-- This site is optimized with the Yoast SEO plugin v26.4 - https:\/\/yoast.com\/wordpress\/plugins\/seo\/ -->\n<title>ISR - CO.ME.B.<\/title>\n<meta name=\"robots\" content=\"index, follow, max-snippet:-1, max-image-preview:large, max-video-preview:-1\" \/>\n<link rel=\"canonical\" href=\"https:\/\/www.comebsrl.it\/de\/isr-fresa-interrasassi-trattore-potenza-100hp\/\" \/>\n<meta property=\"og:locale\" content=\"de_DE\" \/>\n<meta property=\"og:type\" content=\"article\" \/>\n<meta property=\"og:title\" content=\"ISR - CO.ME.B.\" \/>\n<meta property=\"og:description\" content=\"Umkehrfr\u00e4sen ISRDie Umkehrfr\u00e4sen ISR sind verst\u00e4rkte Modelle f\u00fcr Traktoren bis zu 150 PS. Dank ihrer hohen Robustheit k\u00f6nnen sie sehr steinige, harte und z\u00e4he B\u00f6den bearbeiten. Die Maschine lockert unbearbeitete B\u00f6den, zerkleinert und verfeinert Fl\u00e4chen mit gro\u00dfen, harten Erdschollen und Ernter\u00fcckst\u00e4nden und arbeitet gleichzeitig auch [&hellip;]\" \/>\n<meta property=\"og:url\" content=\"https:\/\/www.comebsrl.it\/de\/isr-fresa-interrasassi-trattore-potenza-100hp\/\" \/>\n<meta property=\"og:site_name\" content=\"CO.ME.B.\" \/>\n<meta property=\"article:modified_time\" content=\"2025-11-26T11:54:37+00:00\" \/>\n<meta name=\"twitter:card\" content=\"summary_large_image\" \/>\n<meta name=\"twitter:label1\" content=\"Gesch\u00e4tzte Lesezeit\" \/>\n\t<meta name=\"twitter:data1\" content=\"2\u00a0Minuten\" \/>\n<script type=\"application\/ld+json\" class=\"yoast-schema-graph\">{\"@context\":\"https:\/\/schema.org\",\"@graph\":[{\"@type\":\"WebPage\",\"@id\":\"https:\/\/www.comebsrl.it\/de\/isr-fresa-interrasassi-trattore-potenza-100hp\/\",\"url\":\"https:\/\/www.comebsrl.it\/de\/isr-fresa-interrasassi-trattore-potenza-100hp\/\",\"name\":\"ISR - CO.ME.B.\",\"isPartOf\":{\"@id\":\"https:\/\/www.comebsrl.it\/de\/#website\"},\"datePublished\":\"2023-05-11T15:21:46+00:00\",\"dateModified\":\"2025-11-26T11:54:37+00:00\",\"breadcrumb\":{\"@id\":\"https:\/\/www.comebsrl.it\/de\/isr-fresa-interrasassi-trattore-potenza-100hp\/#breadcrumb\"},\"inLanguage\":\"de\",\"potentialAction\":[{\"@type\":\"ReadAction\",\"target\":[\"https:\/\/www.comebsrl.it\/de\/isr-fresa-interrasassi-trattore-potenza-100hp\/\"]}]},{\"@type\":\"BreadcrumbList\",\"@id\":\"https:\/\/www.comebsrl.it\/de\/isr-fresa-interrasassi-trattore-potenza-100hp\/#breadcrumb\",\"itemListElement\":[{\"@type\":\"ListItem\",\"position\":1,\"name\":\"Home\",\"item\":\"https:\/\/www.comebsrl.it\/de\/\"},{\"@type\":\"ListItem\",\"position\":2,\"name\":\"Produkte\",\"item\":\"https:\/\/www.comebsrl.it\/de\/produttori-macchine-attrezzature-preparazione-terreno-diserbo-meccanico\/\"},{\"@type\":\"ListItem\",\"position\":3,\"name\":\"Umkehrfr\u00e4sen\",\"item\":\"https:\/\/www.comebsrl.it\/de\/fresa-interrasassi-produzione-fornitura-attrezzature-agricole\/\"},{\"@type\":\"ListItem\",\"position\":4,\"name\":\"ISR\"}]},{\"@type\":\"WebSite\",\"@id\":\"https:\/\/www.comebsrl.it\/de\/#website\",\"url\":\"https:\/\/www.comebsrl.it\/de\/\",\"name\":\"CO.ME.B.\",\"description\":\"\",\"potentialAction\":[{\"@type\":\"SearchAction\",\"target\":{\"@type\":\"EntryPoint\",\"urlTemplate\":\"https:\/\/www.comebsrl.it\/de\/?s={search_term_string}\"},\"query-input\":{\"@type\":\"PropertyValueSpecification\",\"valueRequired\":true,\"valueName\":\"search_term_string\"}}],\"inLanguage\":\"de\"}]}<\/script>\n<!-- \/ Yoast SEO plugin. -->","yoast_head_json":{"title":"ISR - CO.ME.B.","robots":{"index":"index","follow":"follow","max-snippet":"max-snippet:-1","max-image-preview":"max-image-preview:large","max-video-preview":"max-video-preview:-1"},"canonical":"https:\/\/www.comebsrl.it\/de\/isr-fresa-interrasassi-trattore-potenza-100hp\/","og_locale":"de_DE","og_type":"article","og_title":"ISR - CO.ME.B.","og_description":"Umkehrfr\u00e4sen ISRDie Umkehrfr\u00e4sen ISR sind verst\u00e4rkte Modelle f\u00fcr Traktoren bis zu 150 PS. Dank ihrer hohen Robustheit k\u00f6nnen sie sehr steinige, harte und z\u00e4he B\u00f6den bearbeiten. Die Maschine lockert unbearbeitete B\u00f6den, zerkleinert und verfeinert Fl\u00e4chen mit gro\u00dfen, harten Erdschollen und Ernter\u00fcckst\u00e4nden und arbeitet gleichzeitig auch [&hellip;]","og_url":"https:\/\/www.comebsrl.it\/de\/isr-fresa-interrasassi-trattore-potenza-100hp\/","og_site_name":"CO.ME.B.","article_modified_time":"2025-11-26T11:54:37+00:00","twitter_card":"summary_large_image","twitter_misc":{"Gesch\u00e4tzte Lesezeit":"2\u00a0Minuten"},"schema":{"@context":"https:\/\/schema.org","@graph":[{"@type":"WebPage","@id":"https:\/\/www.comebsrl.it\/de\/isr-fresa-interrasassi-trattore-potenza-100hp\/","url":"https:\/\/www.comebsrl.it\/de\/isr-fresa-interrasassi-trattore-potenza-100hp\/","name":"ISR - CO.ME.B.","isPartOf":{"@id":"https:\/\/www.comebsrl.it\/de\/#website"},"datePublished":"2023-05-11T15:21:46+00:00","dateModified":"2025-11-26T11:54:37+00:00","breadcrumb":{"@id":"https:\/\/www.comebsrl.it\/de\/isr-fresa-interrasassi-trattore-potenza-100hp\/#breadcrumb"},"inLanguage":"de","potentialAction":[{"@type":"ReadAction","target":["https:\/\/www.comebsrl.it\/de\/isr-fresa-interrasassi-trattore-potenza-100hp\/"]}]},{"@type":"BreadcrumbList","@id":"https:\/\/www.comebsrl.it\/de\/isr-fresa-interrasassi-trattore-potenza-100hp\/#breadcrumb","itemListElement":[{"@type":"ListItem","position":1,"name":"Home","item":"https:\/\/www.comebsrl.it\/de\/"},{"@type":"ListItem","position":2,"name":"Produkte","item":"https:\/\/www.comebsrl.it\/de\/produttori-macchine-attrezzature-preparazione-terreno-diserbo-meccanico\/"},{"@type":"ListItem","position":3,"name":"Umkehrfr\u00e4sen","item":"https:\/\/www.comebsrl.it\/de\/fresa-interrasassi-produzione-fornitura-attrezzature-agricole\/"},{"@type":"ListItem","position":4,"name":"ISR"}]},{"@type":"WebSite","@id":"https:\/\/www.comebsrl.it\/de\/#website","url":"https:\/\/www.comebsrl.it\/de\/","name":"CO.ME.B.","description":"","potentialAction":[{"@type":"SearchAction","target":{"@type":"EntryPoint","urlTemplate":"https:\/\/www.comebsrl.it\/de\/?s={search_term_string}"},"query-input":{"@type":"PropertyValueSpecification","valueRequired":true,"valueName":"search_term_string"}}],"inLanguage":"de"}]}},"_links":{"self":[{"href":"https:\/\/www.comebsrl.it\/de\/wp-json\/wp\/v2\/pages\/4396569","targetHints":{"allow":["GET"]}}],"collection":[{"href":"https:\/\/www.comebsrl.it\/de\/wp-json\/wp\/v2\/pages"}],"about":[{"href":"https:\/\/www.comebsrl.it\/de\/wp-json\/wp\/v2\/types\/page"}],"author":[{"embeddable":true,"href":"https:\/\/www.comebsrl.it\/de\/wp-json\/wp\/v2\/users\/1"}],"replies":[{"embeddable":true,"href":"https:\/\/www.comebsrl.it\/de\/wp-json\/wp\/v2\/comments?post=4396569"}],"version-history":[{"count":3,"href":"https:\/\/www.comebsrl.it\/de\/wp-json\/wp\/v2\/pages\/4396569\/revisions"}],"predecessor-version":[{"id":4396873,"href":"https:\/\/www.comebsrl.it\/de\/wp-json\/wp\/v2\/pages\/4396569\/revisions\/4396873"}],"up":[{"embeddable":true,"href":"https:\/\/www.comebsrl.it\/de\/wp-json\/wp\/v2\/pages\/4396578"}],"wp:attachment":[{"href":"https:\/\/www.comebsrl.it\/de\/wp-json\/wp\/v2\/media?parent=4396569"}],"curies":[{"name":"wp","href":"https:\/\/api.w.org\/{rel}","templated":true}]}}