{"id":4396576,"date":"2023-05-11T17:17:33","date_gmt":"2023-05-11T15:17:33","guid":{"rendered":"https:\/\/www.comebsrl.it\/rivenditori-negozi-attrezzi-agricoli-professionali-per-trattore\/"},"modified":"2025-11-26T12:53:13","modified_gmt":"2025-11-26T11:53:13","slug":"haendler","status":"publish","type":"page","link":"https:\/\/www.comebsrl.it\/de\/rivenditori-negozi-attrezzi-agricoli-professionali-per-trattore\/","title":{"rendered":"H\u00e4ndler"},"content":{"rendered":"<p>[et_pb_section fb_built=&#8220;1&#8243; custom_padding_last_edited=&#8220;on|phone&#8220; module_class=&#8220;slideint&#8220; _builder_version=&#8220;4.21.0&#8243; _module_preset=&#8220;default&#8220; background_color=&#8220;rgba(0,0,0,0.5)&#8220; background_image=&#8220;https:\/\/www.comebsrl.it\/wp-content\/uploads\/2023\/07\/banner.jpg&#8220; background_position=&#8220;bottom_right&#8220; background_blend=&#8220;overlay&#8220; custom_padding=&#8220;10vh||10vh||true|false&#8220; custom_padding_tablet=&#8220;5vh||5vh||true|false&#8220; custom_padding_phone=&#8220;2vh||2vh||true|false&#8220; custom_css_main_element=&#8220; background-size: cover !important;&#8220; global_colors_info=&#8220;{}&#8220;][et_pb_row custom_padding_last_edited=&#8220;off|desktop&#8220; _builder_version=&#8220;4.21.0&#8243; _module_preset=&#8220;default&#8220; background_color=&#8220;RGBA(255,255,255,0)&#8220; custom_padding=&#8220;||||true|false&#8220; custom_padding_tablet=&#8220;14vh||14vh||true|false&#8220; custom_padding_phone=&#8220;12vh||7vh||false|false&#8220; global_colors_info=&#8220;{}&#8220;][et_pb_column type=&#8220;4_4&#8243; _builder_version=&#8220;4.21.0&#8243; _module_preset=&#8220;default&#8220; hover_enabled=&#8220;0&#8243; global_colors_info=&#8220;{}&#8220; sticky_enabled=&#8220;0&#8243;][et_pb_text _builder_version=&#8220;4.21.0&#8243; _dynamic_attributes=&#8220;content&#8220; _module_preset=&#8220;default&#8220; text_font=&#8220;Orbitron|800|||||||&#8220; text_text_color=&#8220;#FFFFFF&#8220; text_font_size=&#8220;35px&#8220; text_letter_spacing=&#8220;1px&#8220; header_2_font=&#8220;|700|||||||&#8220; header_2_text_align=&#8220;center&#8220; header_2_text_color=&#8220;#FFFFFF&#8220; header_2_font_size=&#8220;51px&#8220; header_3_text_align=&#8220;center&#8220; header_3_text_color=&#8220;#FFFFFF&#8220; header_3_font_size=&#8220;20px&#8220; text_orientation=&#8220;center&#8220; custom_margin=&#8220;||20px||false|false&#8220; hover_enabled=&#8220;0&#8243; text_font_size_tablet=&#8220;30px&#8220; text_font_size_phone=&#8220;28px&#8220; text_font_size_last_edited=&#8220;on|phone&#8220; header_2_font_size_tablet=&#8220;40px&#8220; header_2_font_size_phone=&#8220;30px&#8220; header_2_font_size_last_edited=&#8220;on|phone&#8220; global_colors_info=&#8220;{}&#8220; sticky_enabled=&#8220;0&#8243;]@ET-DC@eyJkeW5hbWljIjp0cnVlLCJjb250ZW50IjoicG9zdF90aXRsZSIsInNldHRpbmdzIjp7ImJlZm9yZSI6IiIsImFmdGVyIjoiIn19@[\/et_pb_text][dsm_breadcrumbs align=&#8220;center&#8220; _builder_version=&#8220;4.21.0&#8243; _module_preset=&#8220;default&#8220; items_font=&#8220;|||on|||||&#8220; items_text_color=&#8220;#FFFFFF&#8220; home_icon_text_color=&#8220;#FFFFFF&#8220; separators_text_color=&#8220;#FFFFFF&#8220; current_font=&#8220;|600||on|||||&#8220; current_text_color=&#8220;#f6a534&#8243; hover_enabled=&#8220;0&#8243; global_colors_info=&#8220;{}&#8220; sticky_enabled=&#8220;0&#8243;][\/dsm_breadcrumbs][\/et_pb_column][\/et_pb_row][\/et_pb_section][et_pb_section fb_built=&#8220;1&#8243; _builder_version=&#8220;4.21.0&#8243; _module_preset=&#8220;default&#8220; background_color=&#8220;RGBA(255,255,255,0)&#8220; global_colors_info=&#8220;{}&#8220;][et_pb_row _builder_version=&#8220;4.21.0&#8243; _module_preset=&#8220;default&#8220; global_colors_info=&#8220;{}&#8220;][et_pb_column type=&#8220;4_4&#8243; _builder_version=&#8220;4.21.0&#8243; _module_preset=&#8220;default&#8220; global_colors_info=&#8220;{}&#8220;][et_pb_text _builder_version=&#8220;4.21.0&#8243; _module_preset=&#8220;default&#8220; text_font=&#8220;|300|||||||&#8220; text_letter_spacing=&#8220;1px&#8220; header_6_font=&#8220;|800|||||||&#8220; header_6_text_color=&#8220;#f6a534&#8243; text_orientation=&#8220;center&#8220; custom_margin=&#8220;||0px||false|false&#8220; hover_enabled=&#8220;0&#8243; global_colors_info=&#8220;{}&#8220; sticky_enabled=&#8220;0&#8243;]<\/p>\n<h6>CO.ME.B.<\/h6>\n<p>[\/et_pb_text][et_pb_text _builder_version=&#8220;4.27.4&#8243; _module_preset=&#8220;default&#8220; text_font=&#8220;|300|||||||&#8220; header_font=&#8220;||||||||&#8220; header_text_align=&#8220;center&#8220; header_font_size=&#8220;32px&#8220; header_6_font=&#8220;|800|||||||&#8220; header_6_text_color=&#8220;#f6a534&#8243; custom_margin=&#8220;||0px||false|false&#8220; hover_enabled=&#8220;0&#8243; global_colors_info=&#8220;{}&#8220; sticky_enabled=&#8220;0&#8243;]<\/p>\n<h1><strong>H\u00e4ndler f\u00fcr Landmaschinen<\/strong><\/h1>\n<p>[\/et_pb_text][et_pb_text _builder_version=&#8220;4.27.4&#8243; _module_preset=&#8220;default&#8220; text_font=&#8220;||||||||&#8220; text_orientation=&#8220;center&#8220; hover_enabled=&#8220;0&#8243; global_colors_info=&#8220;{}&#8220; sticky_enabled=&#8220;0&#8243;]<\/p>\n<p><strong>CO.ME.B. Srl<\/strong> ist seit \u00fcber einem halben Jahrhundert in der ma\u00dfgeschneiderten Produktion und im Vertrieb von <strong>professionellen Landmaschinen<\/strong> t\u00e4tig, die f\u00fcr folgende Anwendungen entwickelt wurden:<\/p>\n<p><strong>&#8211; Mechanische Unkrautbek\u00e4mpfung<\/strong>;<br \/><strong>&#8211; Bodenbearbeitung vor und nach der Aussaat<\/strong>;<br \/><strong>&#8211; Vorbereitung von Parks, Stadien, Golfpl\u00e4tzen<\/strong> und <strong>anderen Gr\u00fcnfl\u00e4chen<\/strong>.<\/p>\n<p>Unsere modernen Anbauger\u00e4te f\u00fcr Traktoren finden Sie bei zahlreichen <strong>H\u00e4ndlern in Italien, in vielen europ\u00e4ischen L\u00e4ndern<\/strong> sowie in <strong>au\u00dfereurop\u00e4ischen Regionen wie den USA, Kanada, S\u00fcdamerika und S\u00fcdafrika<\/strong>.<\/p>\n<p>Finden Sie die <strong>Ihnen n\u00e4chstgelegenen H\u00e4ndler<\/strong>, um <strong>die Qualit\u00e4t unserer Produktion aus erster Hand zu erleben<\/strong> und <strong>die am besten geeigneten Maschinen<\/strong> f\u00fcr Ihre Anforderungen und betrieblichen Bed\u00fcrfnisse auszuw\u00e4hlen.<br \/>Wir stehen auch f\u00fcr <strong>individuelle Beratungen<\/strong> zur Verf\u00fcgung \u2013 kontaktieren Sie uns f\u00fcr weitere Informationen, ein unverbindliches Angebot oder um einen Termin mit einem unserer Vertreter zu vereinbaren.<\/p>\n<p><strong>CO.ME.B. Srl<\/strong> freut sich auf Ihre Anfrage: <strong>Z\u00f6gern Sie nicht, das Formular auszuf\u00fcllen, uns anzurufen<\/strong> oder <strong>eine E-Mail zu senden!<\/strong><\/p>\n<p>[\/et_pb_text][et_pb_button button_url=&#8220;https:\/\/www.comebsrl.it\/contatti\/&#8220; button_text=&#8220;KONTAKTIEREN SIE UNS&#8220; button_alignment=&#8220;center&#8220; _builder_version=&#8220;4.27.4&#8243; _dynamic_attributes=&#8220;button_url&#8220; _module_preset=&#8220;default&#8220; custom_button=&#8220;on&#8220; button_text_size=&#8220;15px&#8220; button_text_color=&#8220;#FFFFFF&#8220; button_bg_color=&#8220;#f6a534&#8243; button_border_width=&#8220;0px&#8220; button_border_color=&#8220;RGBA(255,255,255,0)&#8220; button_border_radius=&#8220;0px&#8220; button_letter_spacing=&#8220;1px&#8220; button_font=&#8220;Lato|600||on|||||&#8220; custom_padding=&#8220;8px|20px|8px|20px|true|true&#8220; global_module=&#8220;4393013&#8243; saved_tabs=&#8220;all&#8220; global_colors_info=&#8220;{}&#8220;][\/et_pb_button][\/et_pb_column][\/et_pb_row][\/et_pb_section][et_pb_section fb_built=&#8220;1&#8243; _builder_version=&#8220;4.21.0&#8243; _module_preset=&#8220;default&#8220; background_color=&#8220;#FFFFFF&#8220; global_colors_info=&#8220;{}&#8220;][et_pb_row column_structure=&#8220;2_3,1_3&#8243; _builder_version=&#8220;4.21.0&#8243; _module_preset=&#8220;default&#8220; width=&#8220;90%&#8220; custom_padding=&#8220;|2%||2%|false|true&#8220; box_shadow_style=&#8220;preset1&#8243; box_shadow_color=&#8220;rgba(0,0,0,0.09)&#8220; global_colors_info=&#8220;{}&#8220;][et_pb_column type=&#8220;2_3&#8243; _builder_version=&#8220;4.21.0&#8243; _module_preset=&#8220;default&#8220; global_colors_info=&#8220;{}&#8220;][et_pb_text _builder_version=&#8220;4.21.0&#8243; _module_preset=&#8220;default&#8220; hover_enabled=&#8220;0&#8243; global_colors_info=&#8220;{}&#8220; sticky_enabled=&#8220;0&#8243;]<\/p>\n\n\n\n\n<div class=\"sopra\">\n\t\n\n           <div class=\"tabs\" id=\"my-tabid1\" data-target=\".my-section1.box\">Italia<\/div>\n    <div class=\"tabs\" id=\"my-tabid2\" data-target=\".my-section2.box\">Europa<\/div>\n    <div class=\"tabs\" id=\"my-tabid3\" data-target=\".my-section3.box\">Resto del mondo<\/div>\n<\/div>\n\n        <div class=\"my_section1 box active\" id=\"my-tab1\">\n           <div id=\"mapplic1\"><\/div>        <\/div>\n\n        <div class=\"my-section2 box vai\" id=\"my-tab2\">\n          <div id=\"mapplic2\"><\/div>        <\/div>\n\n        <div class=\"my-section3 box vai\" id=\"my-tab3\">\n           <div id=\"mapplic3\"><\/div>    <\/div>\n\n        <script>\n        jQuery(document).ready(function($){\n$('#my-tabid2').on('click', function(){\n\t$('#my-tab2').css('visibility','visible');\n\t\n\t$('#my-tab2').removeClass('vai');\n\t\n\t$('#my-tab1').css('visibility','hidden');\n\t$('#my-tab3').css('visibility','hidden');\n\t\n\t$('#my-tab1,#my-tab3').addClass('vai');\n});\n\t\t\t\n$('#my-tabid1').on('click', function(){\n\t$('#my-tab1').css('visibility','visible');\n\t$('#my-tab1').removeClass('vai');\n\t\n\t$('#my-tab2').css('visibility','hidden');\n\t$('#my-tab3').css('visibility','hidden');\n\t$('#my-tab2,#my-tab3').addClass('vai');\n});\t\t\t\n\n\t$('#my-tabid3').on('click', function(){\n\t$('#my-tab3').css('visibility','visible');\n\t\t$('#my-tab3').removeClass('vai');\n\t$('#my-tab2').css('visibility','hidden');\n\t$('#my-tab1').css('visibility','hidden');\n\t\t$('#my-tab2,#my-tab1').addClass('vai');\n});\t\n\t\n});\t\t\n\t\t\t\n\t\t\t\n\t\t\t\n        \n    \n    <\/script>\n\n<style>\n\t.my-section2,.my-section3{visibility:hidden;}\n\t\n.vai {\n  border: solid;\n  position: absolute;\n  width: 100%;\n  left: -999999999999px;\n}\n\t.sopra {\n  margin-bottom: 20px;\n}\n\t\n\t.box {\n  padding-left: 2%;\n  padding-right: 2%;\n}\n.tabs {\n  display: inline;\n  background: #15537c;\n  padding: 4px 10px;\n  color: #fff;\n  font-size: 15px;\n  text-transform: uppercase;\n\tcursor: pointer;\n}\t\n<\/style>\n\n\n\n<p>[\/et_pb_text][\/et_pb_column][et_pb_column type=&#8220;1_3&#8243; _builder_version=&#8220;4.21.0&#8243; _module_preset=&#8220;default&#8220; custom_padding=&#8220;5vh||||false|false&#8220; global_colors_info=&#8220;{}&#8220;][et_pb_text disabled_on=&#8220;off|off|off&#8220; _builder_version=&#8220;4.27.4&#8243; header_2_font=&#8220;|700||on|||||&#8220; custom_margin=&#8220;||30px|&#8220; hover_enabled=&#8220;0&#8243; global_colors_info=&#8220;{}&#8220; sticky_enabled=&#8220;0&#8243;]<\/p>\n<h2 style=\"margin-bottom: 10px;\">Kontaktieren Sie uns<\/h2>\n<p>[\/et_pb_text][et_pb_blurb title=&#8220;Via Menarini, 36 \u2013 40054 Budrio (BO)&#8220; use_icon=&#8220;on&#8220; font_icon=&#8220;&#xe081;||divi||400&#8243; icon_placement=&#8220;left&#8220; _builder_version=&#8220;4.21.0&#8243; header_font_size=&#8220;16&#8243; body_text_color=&#8220;#FFFFFF&#8220; custom_css_blurb_title=&#8220;padding-bottom: 0;||padding-top: 5px;&#8220; global_colors_info=&#8220;{}&#8220;][\/et_pb_blurb][et_pb_blurb title=&#8220;051 801611&#8243; use_icon=&#8220;on&#8220; font_icon=&#8220;&#xe090;||divi||400&#8243; icon_placement=&#8220;left&#8220; _builder_version=&#8220;4.21.0&#8243; header_font_size=&#8220;16&#8243; body_text_color=&#8220;#FFFFFF&#8220; link_option_url=&#8220;tel:+39051801611&#8243; custom_css_blurb_title=&#8220;padding-bottom: 0;||padding-top: 5px;&#8220; global_colors_info=&#8220;{}&#8220;][\/et_pb_blurb][\/et_pb_column][\/et_pb_row][\/et_pb_section][et_pb_section fb_built=&#8220;1&#8243; disabled_on=&#8220;on|on|on&#8220; _builder_version=&#8220;4.21.0&#8243; _module_preset=&#8220;default&#8220; background_color=&#8220;rgba(0,0,0,0.15)&#8220; background_image=&#8220;https:\/\/www.comebsrl.it\/wp-content\/uploads\/2023\/05\/AdobeStock_74641866-1.jpg&#8220; background_blend=&#8220;overlay&#8220; custom_padding=&#8220;10vh||10vh||true|false&#8220; disabled=&#8220;on&#8220; global_colors_info=&#8220;{}&#8220;][et_pb_row _builder_version=&#8220;4.21.0&#8243; _module_preset=&#8220;default&#8220; global_colors_info=&#8220;{}&#8220;][et_pb_column type=&#8220;4_4&#8243; _builder_version=&#8220;4.21.0&#8243; _module_preset=&#8220;default&#8220; global_colors_info=&#8220;{}&#8220;][et_pb_text _builder_version=&#8220;4.21.0&#8243; _module_preset=&#8220;default&#8220; text_font=&#8220;|300|||||||&#8220; header_font=&#8220;||||||||&#8220; header_font_size=&#8220;32px&#8220; header_2_text_align=&#8220;center&#8220; header_2_text_color=&#8220;#f6f6f6&#8243; header_2_font_size=&#8220;27px&#8220; header_2_line_height=&#8220;1.4em&#8220; header_6_font=&#8220;|800|||||||&#8220; header_6_text_color=&#8220;#f6a534&#8243; custom_margin=&#8220;||0px||false|false&#8220; global_colors_info=&#8220;{}&#8220;]<\/p>\n<h2>Lorem ipsum<\/h2>\n<p>[\/et_pb_text][et_pb_text _builder_version=&#8220;4.21.0&#8243; _module_preset=&#8220;default&#8220; text_text_color=&#8220;#FFFFFF&#8220; text_orientation=&#8220;center&#8220; global_colors_info=&#8220;{}&#8220;]<\/p>\n<p>Your content goes here. Edit or remove this text inline or in the module Content settings. You can also style every aspect of this content in the module Design settings and even apply custom CSS to this text in the module Advanced settings. Your content goes here. Edit or remove this text inline or in the module Content settings. You can also style every aspect of this content in the module Design settings and even apply custom CSS to this text in the module Advanced settings.<\/p>\n<p>[\/et_pb_text][\/et_pb_column][\/et_pb_row][\/et_pb_section][et_pb_section fb_built=&#8220;1&#8243; module_id=&#8220;get-started&#8220; _builder_version=&#8220;4.21.0&#8243; background_color=&#8220;#f6a534&#8243; custom_padding=&#8220;0px||0px|&#8220; global_module=&#8220;63&#8243; global_colors_info=&#8220;{}&#8220;][et_pb_row column_structure=&#8220;2_3,1_3&#8243; _builder_version=&#8220;4.21.0&#8243; custom_padding=&#8220;|50px||50px&#8220; global_colors_info=&#8220;{}&#8220;][et_pb_column type=&#8220;2_3&#8243; _builder_version=&#8220;4.16&#8243; custom_padding=&#8220;|||&#8220; global_colors_info=&#8220;{}&#8220; custom_padding__hover=&#8220;|||&#8220;][et_pb_text _builder_version=&#8220;4.27.4&#8243; header_3_font_size=&#8220;25px&#8220; global_colors_info=&#8220;{}&#8220;]<\/p>\n<h3>F\u00fcr weitere Informationen kontaktieren Sie uns!<\/h3>\n<p>F\u00fcllen Sie das Formular aus \u2013 wir werden Ihnen so schnell wie m\u00f6glich antworten.[\/et_pb_text][\/et_pb_column][et_pb_column type=&#8220;1_3&#8243; _builder_version=&#8220;4.16&#8243; custom_padding=&#8220;|||&#8220; global_colors_info=&#8220;{}&#8220; custom_padding__hover=&#8220;|||&#8220;][et_pb_button button_url=&#8220;https:\/\/www.comebsrl.it\/contatti\/&#8220; button_text=&#8220;Kontaktieren Sie uns&#8220; button_alignment=&#8220;center&#8220; _builder_version=&#8220;4.27.4&#8243; custom_button=&#8220;on&#8220; button_text_size=&#8220;16&#8243; button_text_color=&#8220;#ffffff&#8220; button_bg_color=&#8220;#15537c&#8220; button_border_width=&#8220;0px&#8220; button_border_color=&#8220;RGBA(255,255,255,0)&#8220; button_border_radius=&#8220;0px&#8220; button_letter_spacing=&#8220;1px&#8220; button_font=&#8220;Lato|700||on|||||&#8220; button_use_icon=&#8220;off&#8220; background_layout=&#8220;dark&#8220; custom_padding=&#8220;8px||8px||true|false&#8220; custom_css_main_element=&#8220;padding:12px 35px!important;&#8220; button_text_color_hover=&#8220;#42ddcd&#8220; button_border_color_hover=&#8220;#42ddcd&#8220; button_bg_color_hover=&#8220;#ffffff&#8220; global_colors_info=&#8220;{}&#8220; button_text_size__hover_enabled=&#8220;off&#8220; button_one_text_size__hover_enabled=&#8220;off&#8220; button_two_text_size__hover_enabled=&#8220;off&#8220; button_text_color__hover_enabled=&#8220;on&#8220; button_text_color__hover=&#8220;#42ddcd&#8220; button_one_text_color__hover_enabled=&#8220;off&#8220; button_two_text_color__hover_enabled=&#8220;off&#8220; button_border_width__hover_enabled=&#8220;off&#8220; button_one_border_width__hover_enabled=&#8220;off&#8220; button_two_border_width__hover_enabled=&#8220;off&#8220; button_border_color__hover_enabled=&#8220;off|desktop&#8220; button_border_color__hover=&#8220;#42ddcd&#8220; button_one_border_color__hover_enabled=&#8220;off&#8220; button_two_border_color__hover_enabled=&#8220;off&#8220; button_border_radius__hover_enabled=&#8220;off&#8220; button_one_border_radius__hover_enabled=&#8220;off&#8220; button_two_border_radius__hover_enabled=&#8220;off&#8220; button_letter_spacing__hover_enabled=&#8220;off&#8220; button_one_letter_spacing__hover_enabled=&#8220;off&#8220; button_two_letter_spacing__hover_enabled=&#8220;off&#8220; button_bg_color__hover_enabled=&#8220;on&#8220; button_bg_color__hover=&#8220;#ffffff&#8220; button_one_bg_color__hover_enabled=&#8220;off&#8220; button_two_bg_color__hover_enabled=&#8220;off&#8220;][\/et_pb_button][\/et_pb_column][\/et_pb_row][\/et_pb_section]<\/p>\n","protected":false},"excerpt":{"rendered":"<p><div class=\"et_pb_module dsm_breadcrumbs dsm_breadcrumbs_0\">\n\t\t\t\t\n\t\t\t\t\n\t\t\t\t\n\t\t\t\t\n\t\t\t\t\n\t\t\t\t\n\t\t\t\t<div class=\"et_pb_module_inner\">\n\t\t\t\t\t<nav class=\"dsm_breadcrumbs_wrap\" role=\"navigation\" itemscope=\"\" itemtype=\"http:\/\/schema.org\/SiteNavigationElement\">\n\t\t\t\t<ul class=\"dsm_breadcrumbs\">\n\t\t\t<li class='dsm_breadcrumbs_item dsm_home_item dsm_home_item_custom'>\n\t\t\t\t<a href=\"https:\/\/www.comebsrl.it\/de\/\" itemprop=\"url\">\n\t\t\t\t\t<span class='dsm_home_text_wrapper'>\n\t\t\t\t\t\t\t\t\t\t\t\t\t<span class=\"et-pb-icon dsm_home_icon\">\ue009<\/span>\n\t\t\t\t\t\t\t\t\t\t\t\t\t<span class=\"dsm_home_text\" itemprop=\"name\">\n\t\t\t\t\t\t\t\tHome\t\t\t\t\t\t\t<\/span>\n\t\t\t\t\t<\/span>\n\t\t\t\t<\/a>\n\t\t\t<\/li>\n\n\t\t<li class=\"dsm_breadcrumbs_separator\"> <span class=\"et-pb-icon dsm_separator_icon\">5<\/span><\/li><\/ul>\n\t\t\t<\/nav>\n\t\t\t\t<\/div>\n\t\t\t<\/div>CO.ME.B.H\u00e4ndler f\u00fcr LandmaschinenCO.ME.B. Srl ist seit \u00fcber einem halben Jahrhundert in der ma\u00dfgeschneiderten Produktion und im Vertrieb von professionellen Landmaschinen t\u00e4tig, die f\u00fcr folgende Anwendungen entwickelt wurden: &#8211; Mechanische Unkrautbek\u00e4mpfung;- Bodenbearbeitung vor und nach der Aussaat;- Vorbereitung von Parks, Stadien, Golfpl\u00e4tzen und anderen [&hellip;]<\/p>\n","protected":false},"author":1,"featured_media":0,"parent":0,"menu_order":0,"comment_status":"closed","ping_status":"closed","template":"","meta":{"_et_pb_use_builder":"on","_et_pb_old_content":"","_et_gb_content_width":"","inline_featured_image":false,"footnotes":""},"class_list":["post-4396576","page","type-page","status-publish","hentry"],"yoast_head":"<!-- This site is optimized with the Yoast SEO plugin v26.4 - https:\/\/yoast.com\/wordpress\/plugins\/seo\/ -->\n<title>H\u00e4ndler - CO.ME.B.<\/title>\n<meta name=\"robots\" content=\"index, follow, max-snippet:-1, max-image-preview:large, max-video-preview:-1\" \/>\n<link rel=\"canonical\" href=\"https:\/\/www.comebsrl.it\/de\/rivenditori-negozi-attrezzi-agricoli-professionali-per-trattore\/\" \/>\n<meta property=\"og:locale\" content=\"de_DE\" \/>\n<meta property=\"og:type\" content=\"article\" \/>\n<meta property=\"og:title\" content=\"H\u00e4ndler - CO.ME.B.\" \/>\n<meta property=\"og:description\" content=\"CO.ME.B.H\u00e4ndler f\u00fcr LandmaschinenCO.ME.B. Srl ist seit \u00fcber einem halben Jahrhundert in der ma\u00dfgeschneiderten Produktion und im Vertrieb von professionellen Landmaschinen t\u00e4tig, die f\u00fcr folgende Anwendungen entwickelt wurden: - Mechanische Unkrautbek\u00e4mpfung;- Bodenbearbeitung vor und nach der Aussaat;- Vorbereitung von Parks, Stadien, Golfpl\u00e4tzen und anderen [&hellip;]\" \/>\n<meta property=\"og:url\" content=\"https:\/\/www.comebsrl.it\/de\/rivenditori-negozi-attrezzi-agricoli-professionali-per-trattore\/\" \/>\n<meta property=\"og:site_name\" content=\"CO.ME.B.\" \/>\n<meta property=\"article:modified_time\" content=\"2025-11-26T11:53:13+00:00\" \/>\n<meta name=\"twitter:card\" content=\"summary_large_image\" \/>\n<meta name=\"twitter:label1\" content=\"Gesch\u00e4tzte Lesezeit\" \/>\n\t<meta name=\"twitter:data1\" content=\"2\u00a0Minuten\" \/>\n<script type=\"application\/ld+json\" class=\"yoast-schema-graph\">{\"@context\":\"https:\/\/schema.org\",\"@graph\":[{\"@type\":\"WebPage\",\"@id\":\"https:\/\/www.comebsrl.it\/de\/rivenditori-negozi-attrezzi-agricoli-professionali-per-trattore\/\",\"url\":\"https:\/\/www.comebsrl.it\/de\/rivenditori-negozi-attrezzi-agricoli-professionali-per-trattore\/\",\"name\":\"H\u00e4ndler - CO.ME.B.\",\"isPartOf\":{\"@id\":\"https:\/\/www.comebsrl.it\/de\/#website\"},\"datePublished\":\"2023-05-11T15:17:33+00:00\",\"dateModified\":\"2025-11-26T11:53:13+00:00\",\"breadcrumb\":{\"@id\":\"https:\/\/www.comebsrl.it\/de\/rivenditori-negozi-attrezzi-agricoli-professionali-per-trattore\/#breadcrumb\"},\"inLanguage\":\"de\",\"potentialAction\":[{\"@type\":\"ReadAction\",\"target\":[\"https:\/\/www.comebsrl.it\/de\/rivenditori-negozi-attrezzi-agricoli-professionali-per-trattore\/\"]}]},{\"@type\":\"BreadcrumbList\",\"@id\":\"https:\/\/www.comebsrl.it\/de\/rivenditori-negozi-attrezzi-agricoli-professionali-per-trattore\/#breadcrumb\",\"itemListElement\":[{\"@type\":\"ListItem\",\"position\":1,\"name\":\"Home\",\"item\":\"https:\/\/www.comebsrl.it\/de\/\"},{\"@type\":\"ListItem\",\"position\":2,\"name\":\"H\u00e4ndler\"}]},{\"@type\":\"WebSite\",\"@id\":\"https:\/\/www.comebsrl.it\/de\/#website\",\"url\":\"https:\/\/www.comebsrl.it\/de\/\",\"name\":\"CO.ME.B.\",\"description\":\"\",\"potentialAction\":[{\"@type\":\"SearchAction\",\"target\":{\"@type\":\"EntryPoint\",\"urlTemplate\":\"https:\/\/www.comebsrl.it\/de\/?s={search_term_string}\"},\"query-input\":{\"@type\":\"PropertyValueSpecification\",\"valueRequired\":true,\"valueName\":\"search_term_string\"}}],\"inLanguage\":\"de\"}]}<\/script>\n<!-- \/ Yoast SEO plugin. -->","yoast_head_json":{"title":"H\u00e4ndler - CO.ME.B.","robots":{"index":"index","follow":"follow","max-snippet":"max-snippet:-1","max-image-preview":"max-image-preview:large","max-video-preview":"max-video-preview:-1"},"canonical":"https:\/\/www.comebsrl.it\/de\/rivenditori-negozi-attrezzi-agricoli-professionali-per-trattore\/","og_locale":"de_DE","og_type":"article","og_title":"H\u00e4ndler - CO.ME.B.","og_description":"CO.ME.B.H\u00e4ndler f\u00fcr LandmaschinenCO.ME.B. Srl ist seit \u00fcber einem halben Jahrhundert in der ma\u00dfgeschneiderten Produktion und im Vertrieb von professionellen Landmaschinen t\u00e4tig, die f\u00fcr folgende Anwendungen entwickelt wurden: - Mechanische Unkrautbek\u00e4mpfung;- Bodenbearbeitung vor und nach der Aussaat;- Vorbereitung von Parks, Stadien, Golfpl\u00e4tzen und anderen [&hellip;]","og_url":"https:\/\/www.comebsrl.it\/de\/rivenditori-negozi-attrezzi-agricoli-professionali-per-trattore\/","og_site_name":"CO.ME.B.","article_modified_time":"2025-11-26T11:53:13+00:00","twitter_card":"summary_large_image","twitter_misc":{"Gesch\u00e4tzte Lesezeit":"2\u00a0Minuten"},"schema":{"@context":"https:\/\/schema.org","@graph":[{"@type":"WebPage","@id":"https:\/\/www.comebsrl.it\/de\/rivenditori-negozi-attrezzi-agricoli-professionali-per-trattore\/","url":"https:\/\/www.comebsrl.it\/de\/rivenditori-negozi-attrezzi-agricoli-professionali-per-trattore\/","name":"H\u00e4ndler - CO.ME.B.","isPartOf":{"@id":"https:\/\/www.comebsrl.it\/de\/#website"},"datePublished":"2023-05-11T15:17:33+00:00","dateModified":"2025-11-26T11:53:13+00:00","breadcrumb":{"@id":"https:\/\/www.comebsrl.it\/de\/rivenditori-negozi-attrezzi-agricoli-professionali-per-trattore\/#breadcrumb"},"inLanguage":"de","potentialAction":[{"@type":"ReadAction","target":["https:\/\/www.comebsrl.it\/de\/rivenditori-negozi-attrezzi-agricoli-professionali-per-trattore\/"]}]},{"@type":"BreadcrumbList","@id":"https:\/\/www.comebsrl.it\/de\/rivenditori-negozi-attrezzi-agricoli-professionali-per-trattore\/#breadcrumb","itemListElement":[{"@type":"ListItem","position":1,"name":"Home","item":"https:\/\/www.comebsrl.it\/de\/"},{"@type":"ListItem","position":2,"name":"H\u00e4ndler"}]},{"@type":"WebSite","@id":"https:\/\/www.comebsrl.it\/de\/#website","url":"https:\/\/www.comebsrl.it\/de\/","name":"CO.ME.B.","description":"","potentialAction":[{"@type":"SearchAction","target":{"@type":"EntryPoint","urlTemplate":"https:\/\/www.comebsrl.it\/de\/?s={search_term_string}"},"query-input":{"@type":"PropertyValueSpecification","valueRequired":true,"valueName":"search_term_string"}}],"inLanguage":"de"}]}},"_links":{"self":[{"href":"https:\/\/www.comebsrl.it\/de\/wp-json\/wp\/v2\/pages\/4396576","targetHints":{"allow":["GET"]}}],"collection":[{"href":"https:\/\/www.comebsrl.it\/de\/wp-json\/wp\/v2\/pages"}],"about":[{"href":"https:\/\/www.comebsrl.it\/de\/wp-json\/wp\/v2\/types\/page"}],"author":[{"embeddable":true,"href":"https:\/\/www.comebsrl.it\/de\/wp-json\/wp\/v2\/users\/1"}],"replies":[{"embeddable":true,"href":"https:\/\/www.comebsrl.it\/de\/wp-json\/wp\/v2\/comments?post=4396576"}],"version-history":[{"count":6,"href":"https:\/\/www.comebsrl.it\/de\/wp-json\/wp\/v2\/pages\/4396576\/revisions"}],"predecessor-version":[{"id":4396894,"href":"https:\/\/www.comebsrl.it\/de\/wp-json\/wp\/v2\/pages\/4396576\/revisions\/4396894"}],"wp:attachment":[{"href":"https:\/\/www.comebsrl.it\/de\/wp-json\/wp\/v2\/media?parent=4396576"}],"curies":[{"name":"wp","href":"https:\/\/api.w.org\/{rel}","templated":true}]}}