{"id":4395572,"date":"2023-05-11T17:19:44","date_gmt":"2023-05-11T15:19:44","guid":{"rendered":"https:\/\/comeng.sviluppokeyweb.com\/isxl-interrasassi-piccoli-trattori-medio-leggeri\/"},"modified":"2024-06-05T11:11:26","modified_gmt":"2024-06-05T09:11:26","slug":"isxl","status":"publish","type":"page","link":"https:\/\/www.comebsrl.it\/es\/isxl\/","title":{"rendered":"ISXL"},"content":{"rendered":"<p>[et_pb_section fb_built=\u00bb1&#8243; _builder_version=\u00bb4.21.0&#8243; _module_preset=\u00bbdefault\u00bb background_color=\u00bbRGBA(255,255,255,0)\u00bb custom_padding=\u00bb0px||||false|false\u00bb global_colors_info=\u00bb{}\u00bb][et_pb_row custom_padding_last_edited=\u00bboff|desktop\u00bb _builder_version=\u00bb4.21.0&#8243; _module_preset=\u00bbdefault\u00bb background_color=\u00bbRGBA(255,255,255,0)\u00bb custom_padding=\u00bb||||true|false\u00bb custom_padding_tablet=\u00bb14vh||14vh||true|false\u00bb custom_padding_phone=\u00bb12vh||7vh||false|false\u00bb global_colors_info=\u00bb{}\u00bb][et_pb_column type=\u00bb4_4&#8243; _builder_version=\u00bb4.21.0&#8243; _module_preset=\u00bbdefault\u00bb global_colors_info=\u00bb{}\u00bb][dsm_breadcrumbs align=\u00bbcenter\u00bb _builder_version=\u00bb4.21.0&#8243; _module_preset=\u00bbdefault\u00bb items_font=\u00bb|||on|||||\u00bb items_text_color=\u00bb#181f1c\u00bb home_icon_text_color=\u00bb#181f1c\u00bb separators_text_color=\u00bb#181f1c\u00bb current_font=\u00bb|600||on|||||\u00bb current_text_color=\u00bb#f6a534&#8243; global_colors_info=\u00bb{}\u00bb][\/dsm_breadcrumbs][\/et_pb_column][\/et_pb_row][et_pb_row column_structure=\u00bb3_5,2_5&#8243; _builder_version=\u00bb4.21.0&#8243; _module_preset=\u00bbdefault\u00bb global_colors_info=\u00bb{}\u00bb][et_pb_column type=\u00bb3_5&#8243; _builder_version=\u00bb4.21.0&#8243; _module_preset=\u00bbdefault\u00bb global_colors_info=\u00bb{}\u00bb][et_pb_image src=\u00bbhttps:\/\/www.comebsrl.it\/wp-content\/uploads\/2023\/07\/Interrasassi-per-piccoli-trattori-isxl.jpg\u00bb alt=\u00bbInterrasassi-per-piccoli-trattori-isxl\u00bb title_text=\u00bbInterrasassi-per-piccoli-trattori-isxl\u00bb _builder_version=\u00bb4.21.0&#8243; _module_preset=\u00bbdefault\u00bb custom_margin=\u00bb||0px||false|false\u00bb global_colors_info=\u00bb{}\u00bb][\/et_pb_image][\/et_pb_column][et_pb_column type=\u00bb2_5&#8243; _builder_version=\u00bb4.21.0&#8243; _module_preset=\u00bbdefault\u00bb custom_padding=\u00bb2vh||||false|false\u00bb global_colors_info=\u00bb{}\u00bb][et_pb_text _builder_version=\u00bb4.25.1&#8243; _module_preset=\u00bbdefault\u00bb text_font=\u00bb|300|||||||\u00bb header_font=\u00bb||||||||\u00bb header_font_size=\u00bb32px\u00bb header_2_text_align=\u00bbleft\u00bb header_2_font_size=\u00bb27px\u00bb header_2_line_height=\u00bb1.4em\u00bb header_6_font=\u00bb|800|||||||\u00bb header_6_text_color=\u00bb#f6a534&#8243; custom_margin=\u00bb||0px||false|false\u00bb hover_enabled=\u00bb0&#8243; global_colors_info=\u00bb{}\u00bb sticky_enabled=\u00bb0&#8243;]<\/p>\n<h1><strong>Enterrador de piedra ISXL<\/strong><\/h1>\n<p>[\/et_pb_text][et_pb_text _builder_version=\u00bb4.25.1&#8243; _module_preset=\u00bbdefault\u00bb text_font=\u00bb||||||||\u00bb hover_enabled=\u00bb0&#8243; global_colors_info=\u00bb{}\u00bb sticky_enabled=\u00bb0&#8243;]<\/p>\n<p><span>Las enterradoras de piedras ISXL son\u00a0<\/span><strong><span>modelos ligeros para tractores compactos y de baja potencia<\/span><\/strong><span>\u00a0, construidos para ofrecer\u00a0<\/span><strong><span>eficiencia<\/span><\/strong><span>\u00a0y\u00a0<\/span><strong><span>robustez<\/span><\/strong><span>\u00a0en cualquier contexto agr\u00edcola y no agr\u00edcola. Han sido dise\u00f1ados para trabajar suelos hort\u00edcolas, c\u00e9spedes y espacios verdes en preparaci\u00f3n para la siembra. Entierran y rompen el suelo al mismo tiempo que entierran profundamente escombros y piedras para facilitar las actividades de cultivo agr\u00edcola, para la creaci\u00f3n de c\u00e9sped, jardines y parques.<\/span><\/p>\n<p><span>\u00bfBuscas un enterrador de piedras con estas caracter\u00edsticas? COMEB es\u00a0\u00a0<\/span><strong><span>un fabricante de equipos agr\u00edcolas<\/span><\/strong><span>\u00a0\u00a0para la preparaci\u00f3n del suelo con deshierbe mec\u00e1nico.<\/span><\/p>\n<p><strong><span>Cont\u00e1ctenos para solicitar informaci\u00f3n espec\u00edfica, asesoramiento y el precio del modelo que corresponde a sus necesidades.<\/span><\/strong><\/p>\n<p>[\/et_pb_text][et_pb_button button_url=\u00bb@ET-DC@eyJkeW5hbWljIjp0cnVlLCJjb250ZW50IjoicG9zdF9saW5rX3VybF9wYWdlIiwic2V0dGluZ3MiOnsicG9zdF9pZCI6IjUwIn19@\u00bb button_text=\u00bbCONT\u00c1CTENOS\u00bb _builder_version=\u00bb4.25.1&#8243; _dynamic_attributes=\u00bbbutton_url\u00bb _module_preset=\u00bbdefault\u00bb custom_button=\u00bbon\u00bb button_text_size=\u00bb15px\u00bb button_text_color=\u00bb#FFFFFF\u00bb button_bg_color=\u00bb#f6a534&#8243; button_border_width=\u00bb0px\u00bb button_border_color=\u00bbRGBA(255,255,255,0)\u00bb button_border_radius=\u00bb0px\u00bb button_letter_spacing=\u00bb1px\u00bb button_font=\u00bbLato|600||on|||||\u00bb custom_padding=\u00bb8px|20px|8px|20px|true|true\u00bb global_module=\u00bb4393015&#8243; saved_tabs=\u00bball\u00bb global_colors_info=\u00bb{}\u00bb][\/et_pb_button][\/et_pb_column][\/et_pb_row][et_pb_row column_structure=\u00bb2_5,3_5&#8243; use_custom_gutter=\u00bbon\u00bb _builder_version=\u00bb4.21.0&#8243; _module_preset=\u00bbdefault\u00bb global_colors_info=\u00bb{}\u00bb][et_pb_column type=\u00bb2_5&#8243; _builder_version=\u00bb4.21.0&#8243; _module_preset=\u00bbdefault\u00bb global_colors_info=\u00bb{}\u00bb][et_pb_image src=\u00bbhttps:\/\/www.comebsrl.it\/wp-content\/uploads\/2023\/07\/Macchine-preparazione-terreno-prati-orticoltura-coltivazione-agricola.jpg\u00bb alt=\u00bbMacchine-preparazione-terreno-prati-orticoltura-coltivazione-agricola\u00bb title_text=\u00bbMacchine-preparazione-terreno-prati-orticoltura-coltivazione-agricola\u00bb _builder_version=\u00bb4.21.0&#8243; _module_preset=\u00bbdefault\u00bb global_colors_info=\u00bb{}\u00bb][\/et_pb_image][\/et_pb_column][et_pb_column type=\u00bb3_5&#8243; _builder_version=\u00bb4.21.0&#8243; _module_preset=\u00bbdefault\u00bb global_colors_info=\u00bb{}\u00bb][et_pb_tabs active_tab_background_color=\u00bb#f6a534&#8243; inactive_tab_background_color=\u00bb#258acb\u00bb active_tab_text_color=\u00bb#181f1c\u00bb _builder_version=\u00bb4.25.1&#8243; _module_preset=\u00bbdefault\u00bb tab_text_color=\u00bb#f6f6f6&#8243; tab_font=\u00bbOrbitron||||||||\u00bb tab_font_size=\u00bb13px\u00bb background_color=\u00bbRGBA(255,255,255,0)\u00bb hover_enabled=\u00bb0&#8243; border_color_all=\u00bb#181f1c\u00bb global_colors_info=\u00bb{}\u00bb sticky_enabled=\u00bb0&#8243;][et_pb_tab title=\u00bbEspecificaciones t\u00e9cnicas\u00bb _builder_version=\u00bb4.25.1&#8243; _module_preset=\u00bbdefault\u00bb hover_enabled=\u00bb0&#8243; global_colors_info=\u00bb{}\u00bb sticky_enabled=\u00bb0&#8243;]<\/p>\n<p><strong><span>Tractores:<\/span><\/strong><span>\u00a020-40 HP<\/span><br \/><strong><span>Profundidad de trabajo<\/span><\/strong><span>\u00a0: 15 \u2013 20 cm<\/span><br \/><strong><span>Reductor<\/span><\/strong><span>\u00a0: 540 rpm<\/span><br \/><strong><span>Azadas:<\/span><\/strong><span>\u00a0\u00a04 por brida cuadrada corta<\/span><\/p>\n<p>[\/et_pb_tab][et_pb_tab title=\u00bbEquipo\u00bb _builder_version=\u00bb4.25.1&#8243; _module_preset=\u00bbdefault\u00bb hover_enabled=\u00bb0&#8243; global_colors_info=\u00bb{}\u00bb sticky_enabled=\u00bb0&#8243;]<\/p>\n<ul>\n<li><span>Card\u00e1n con embrague<\/span><\/li>\n<li><span>Hoja niveladora con manivela<\/span><\/li>\n<li><span>parrilla vibratoria<\/span><\/li>\n<li><span>Transmisi\u00f3n por cadena<\/span><\/li>\n<li><span>Normativa \u201cCE\u00a0<\/span><strong><span>\u201d<\/span><\/strong><\/li>\n<\/ul>\n<p>[\/et_pb_tab][et_pb_tab title=\u00bbAccesorios y kits de piezas de repuesto\u00bb _builder_version=\u00bb4.25.1&#8243; _module_preset=\u00bbdefault\u00bb hover_enabled=\u00bb0&#8243; global_colors_info=\u00bb{}\u00bb sticky_enabled=\u00bb0&#8243;]<\/p>\n<ul>\n<li><span>Rodillo de rejilla trasera<\/span><\/li>\n<li><span>Sembradora con motorreductor<\/span><\/li>\n<li><span>cap\u00f3 del pilar<\/span><\/li>\n<\/ul>\n<p>[\/et_pb_tab][\/et_pb_tabs][\/et_pb_column][\/et_pb_row][\/et_pb_section][et_pb_section fb_built=\u00bb1&#8243; _builder_version=\u00bb4.21.0&#8243; _module_preset=\u00bbdefault\u00bb custom_padding=\u00bb0px||0px||true|false\u00bb global_colors_info=\u00bb{}\u00bb][et_pb_row _builder_version=\u00bb4.21.0&#8243; _module_preset=\u00bbdefault\u00bb width=\u00bb100%\u00bb max_width=\u00bb2560px\u00bb custom_padding=\u00bb0px||0px||true|false\u00bb global_colors_info=\u00bb{}\u00bb][et_pb_column type=\u00bb4_4&#8243; _builder_version=\u00bb4.21.0&#8243; _module_preset=\u00bbdefault\u00bb global_colors_info=\u00bb{}\u00bb][dsm_image_carousel gallery_ids=\u00bb4394217,4394219,4394218,4394215,4394889&#8243; speed=\u00bb1000&#8243; space_between=\u00bb0&#8243; arrows=\u00bboff\u00bb dots=\u00bboff\u00bb grab=\u00bboff\u00bb show_lightbox=\u00bbon\u00bb _builder_version=\u00bb4.21.0&#8243; _module_preset=\u00bbdefault\u00bb custom_margin=\u00bb||-10px||false|false\u00bb global_colors_info=\u00bb{}\u00bb][\/dsm_image_carousel][\/et_pb_column][\/et_pb_row][\/et_pb_section][et_pb_section fb_built=\u00bb1&#8243; module_id=\u00bbget-started\u00bb _builder_version=\u00bb4.21.0&#8243; background_color=\u00bb#f6a534&#8243; custom_padding=\u00bb0px||0px|\u00bb global_module=\u00bb63&#8243; global_colors_info=\u00bb{}\u00bb][et_pb_row column_structure=\u00bb2_3,1_3&#8243; _builder_version=\u00bb4.21.0&#8243; custom_padding=\u00bb|50px||50px\u00bb global_colors_info=\u00bb{}\u00bb][et_pb_column type=\u00bb2_3&#8243; _builder_version=\u00bb4.16&#8243; custom_padding=\u00bb|||\u00bb global_colors_info=\u00bb{}\u00bb custom_padding__hover=\u00bb|||\u00bb][et_pb_text _builder_version=\u00bb4.25.1&#8243; header_3_font_size=\u00bb25px\u00bb global_colors_info=\u00bb{}\u00bb]<\/p>\n<h3>Para informaci\u00f3n, \u00a1cont\u00e1ctanos!<\/h3>\n<p>Rellena el formulario: te responderemos lo antes posible.[\/et_pb_text][\/et_pb_column][et_pb_column type=\u00bb1_3&#8243; _builder_version=\u00bb4.16&#8243; custom_padding=\u00bb|||\u00bb global_colors_info=\u00bb{}\u00bb custom_padding__hover=\u00bb|||\u00bb][et_pb_button button_url=\u00bb@ET-DC@eyJkeW5hbWljIjp0cnVlLCJjb250ZW50IjoicG9zdF9saW5rX3VybF9wYWdlIiwic2V0dGluZ3MiOnsicG9zdF9pZCI6IjUwIn19@\u00bb button_text=\u00bbCONT\u00c1CTENOS\u00bb button_alignment=\u00bbcenter\u00bb _builder_version=\u00bb4.25.1&#8243; _dynamic_attributes=\u00bbbutton_url\u00bb custom_button=\u00bbon\u00bb button_text_size=\u00bb16&#8243; button_text_color=\u00bb#ffffff\u00bb button_bg_color=\u00bb#15537c\u00bb button_border_width=\u00bb0px\u00bb button_border_color=\u00bbRGBA(255,255,255,0)\u00bb button_border_radius=\u00bb0px\u00bb button_letter_spacing=\u00bb1px\u00bb button_font=\u00bbLato|700||on|||||\u00bb button_use_icon=\u00bboff\u00bb background_layout=\u00bbdark\u00bb custom_padding=\u00bb8px||8px||true|false\u00bb custom_css_main_element=\u00bbpadding:12px 35px!important;\u00bb button_text_color_hover=\u00bb#42ddcd\u00bb button_border_color_hover=\u00bb#42ddcd\u00bb button_bg_color_hover=\u00bb#ffffff\u00bb global_colors_info=\u00bb{}\u00bb button_text_size__hover_enabled=\u00bboff\u00bb button_one_text_size__hover_enabled=\u00bboff\u00bb button_two_text_size__hover_enabled=\u00bboff\u00bb button_text_color__hover_enabled=\u00bbon\u00bb button_text_color__hover=\u00bb#42ddcd\u00bb button_one_text_color__hover_enabled=\u00bboff\u00bb button_two_text_color__hover_enabled=\u00bboff\u00bb button_border_width__hover_enabled=\u00bboff\u00bb button_one_border_width__hover_enabled=\u00bboff\u00bb button_two_border_width__hover_enabled=\u00bboff\u00bb button_border_color__hover_enabled=\u00bboff|desktop\u00bb button_border_color__hover=\u00bb#42ddcd\u00bb button_one_border_color__hover_enabled=\u00bboff\u00bb button_two_border_color__hover_enabled=\u00bboff\u00bb button_border_radius__hover_enabled=\u00bboff\u00bb button_one_border_radius__hover_enabled=\u00bboff\u00bb button_two_border_radius__hover_enabled=\u00bboff\u00bb button_letter_spacing__hover_enabled=\u00bboff\u00bb button_one_letter_spacing__hover_enabled=\u00bboff\u00bb button_two_letter_spacing__hover_enabled=\u00bboff\u00bb button_bg_color__hover_enabled=\u00bbon\u00bb button_bg_color__hover=\u00bb#ffffff\u00bb button_one_bg_color__hover_enabled=\u00bboff\u00bb button_two_bg_color__hover_enabled=\u00bboff\u00bb][\/et_pb_button][\/et_pb_column][\/et_pb_row][\/et_pb_section]<\/p>\n","protected":false},"excerpt":{"rendered":"<p><div class=\"et_pb_module dsm_breadcrumbs dsm_breadcrumbs_0\">\n\t\t\t\t\n\t\t\t\t\n\t\t\t\t\n\t\t\t\t\n\t\t\t\t\n\t\t\t\t\n\t\t\t\t<div class=\"et_pb_module_inner\">\n\t\t\t\t\t<nav class=\"dsm_breadcrumbs_wrap\" role=\"navigation\" itemscope=\"\" itemtype=\"http:\/\/schema.org\/SiteNavigationElement\">\n\t\t\t\t<ul class=\"dsm_breadcrumbs\">\n\t\t\t<li class='dsm_breadcrumbs_item dsm_home_item dsm_home_item_custom'>\n\t\t\t\t<a href=\"https:\/\/www.comebsrl.it\/es\/\" itemprop=\"url\">\n\t\t\t\t\t<span class='dsm_home_text_wrapper'>\n\t\t\t\t\t\t\t\t\t\t\t\t\t<span class=\"et-pb-icon dsm_home_icon\">\ue009<\/span>\n\t\t\t\t\t\t\t\t\t\t\t\t\t<span class=\"dsm_home_text\" itemprop=\"name\">\n\t\t\t\t\t\t\t\tHome\t\t\t\t\t\t\t<\/span>\n\t\t\t\t\t<\/span>\n\t\t\t\t<\/a>\n\t\t\t<\/li>\n\n\t\t<li class=\"dsm_breadcrumbs_separator\"> <span class=\"et-pb-icon dsm_separator_icon\">5<\/span><\/li><\/ul>\n\t\t\t<\/nav>\n\t\t\t\t<\/div>\n\t\t\t<\/div>Enterrador de piedra ISXLLas enterradoras de piedras ISXL son\u00a0modelos ligeros para tractores compactos y de baja potencia\u00a0, construidos para ofrecer\u00a0eficiencia\u00a0y\u00a0robustez\u00a0en cualquier contexto agr\u00edcola y no agr\u00edcola. Han sido dise\u00f1ados para trabajar suelos hort\u00edcolas, c\u00e9spedes y espacios verdes en preparaci\u00f3n para la siembra. Entierran y rompen [&hellip;]<\/p>\n","protected":false},"author":1,"featured_media":0,"parent":4395596,"menu_order":0,"comment_status":"closed","ping_status":"closed","template":"","meta":{"_et_pb_use_builder":"on","_et_pb_old_content":"","_et_gb_content_width":"","inline_featured_image":false,"footnotes":""},"class_list":["post-4395572","page","type-page","status-publish","hentry"],"yoast_head":"<!-- This site is optimized with the Yoast SEO plugin v26.4 - https:\/\/yoast.com\/wordpress\/plugins\/seo\/ -->\n<title>ISXL - CO.ME.B.<\/title>\n<meta name=\"robots\" content=\"index, follow, max-snippet:-1, max-image-preview:large, max-video-preview:-1\" \/>\n<link rel=\"canonical\" href=\"https:\/\/www.comebsrl.it\/es\/isxl\/\" \/>\n<meta property=\"og:locale\" content=\"es_ES\" \/>\n<meta property=\"og:type\" content=\"article\" \/>\n<meta property=\"og:title\" content=\"ISXL - CO.ME.B.\" \/>\n<meta property=\"og:description\" content=\"Enterrador de piedra ISXLLas enterradoras de piedras ISXL son\u00a0modelos ligeros para tractores compactos y de baja potencia\u00a0, construidos para ofrecer\u00a0eficiencia\u00a0y\u00a0robustez\u00a0en cualquier contexto agr\u00edcola y no agr\u00edcola. Han sido dise\u00f1ados para trabajar suelos hort\u00edcolas, c\u00e9spedes y espacios verdes en preparaci\u00f3n para la siembra. Entierran y rompen [&hellip;]\" \/>\n<meta property=\"og:url\" content=\"https:\/\/www.comebsrl.it\/es\/isxl\/\" \/>\n<meta property=\"og:site_name\" content=\"CO.ME.B.\" \/>\n<meta property=\"article:modified_time\" content=\"2024-06-05T09:11:26+00:00\" \/>\n<meta name=\"twitter:card\" content=\"summary_large_image\" \/>\n<meta name=\"twitter:label1\" content=\"Tiempo de lectura\" \/>\n\t<meta name=\"twitter:data1\" content=\"2 minutos\" \/>\n<script type=\"application\/ld+json\" class=\"yoast-schema-graph\">{\"@context\":\"https:\/\/schema.org\",\"@graph\":[{\"@type\":\"WebPage\",\"@id\":\"https:\/\/www.comebsrl.it\/es\/isxl\/\",\"url\":\"https:\/\/www.comebsrl.it\/es\/isxl\/\",\"name\":\"ISXL - CO.ME.B.\",\"isPartOf\":{\"@id\":\"https:\/\/www.comebsrl.it\/es\/#website\"},\"datePublished\":\"2023-05-11T15:19:44+00:00\",\"dateModified\":\"2024-06-05T09:11:26+00:00\",\"breadcrumb\":{\"@id\":\"https:\/\/www.comebsrl.it\/es\/isxl\/#breadcrumb\"},\"inLanguage\":\"es\",\"potentialAction\":[{\"@type\":\"ReadAction\",\"target\":[\"https:\/\/www.comebsrl.it\/es\/isxl\/\"]}]},{\"@type\":\"BreadcrumbList\",\"@id\":\"https:\/\/www.comebsrl.it\/es\/isxl\/#breadcrumb\",\"itemListElement\":[{\"@type\":\"ListItem\",\"position\":1,\"name\":\"Home\",\"item\":\"https:\/\/www.comebsrl.it\/es\/\"},{\"@type\":\"ListItem\",\"position\":2,\"name\":\"Productos\",\"item\":\"https:\/\/www.comebsrl.it\/es\/productos\/\"},{\"@type\":\"ListItem\",\"position\":3,\"name\":\"Enterrador de piedra\",\"item\":\"https:\/\/www.comebsrl.it\/es\/productos\/enterrador-de-piedra\/\"},{\"@type\":\"ListItem\",\"position\":4,\"name\":\"ISXL\"}]},{\"@type\":\"WebSite\",\"@id\":\"https:\/\/www.comebsrl.it\/es\/#website\",\"url\":\"https:\/\/www.comebsrl.it\/es\/\",\"name\":\"CO.ME.B.\",\"description\":\"\",\"potentialAction\":[{\"@type\":\"SearchAction\",\"target\":{\"@type\":\"EntryPoint\",\"urlTemplate\":\"https:\/\/www.comebsrl.it\/es\/?s={search_term_string}\"},\"query-input\":{\"@type\":\"PropertyValueSpecification\",\"valueRequired\":true,\"valueName\":\"search_term_string\"}}],\"inLanguage\":\"es\"}]}<\/script>\n<!-- \/ Yoast SEO plugin. -->","yoast_head_json":{"title":"ISXL - CO.ME.B.","robots":{"index":"index","follow":"follow","max-snippet":"max-snippet:-1","max-image-preview":"max-image-preview:large","max-video-preview":"max-video-preview:-1"},"canonical":"https:\/\/www.comebsrl.it\/es\/isxl\/","og_locale":"es_ES","og_type":"article","og_title":"ISXL - CO.ME.B.","og_description":"Enterrador de piedra ISXLLas enterradoras de piedras ISXL son\u00a0modelos ligeros para tractores compactos y de baja potencia\u00a0, construidos para ofrecer\u00a0eficiencia\u00a0y\u00a0robustez\u00a0en cualquier contexto agr\u00edcola y no agr\u00edcola. Han sido dise\u00f1ados para trabajar suelos hort\u00edcolas, c\u00e9spedes y espacios verdes en preparaci\u00f3n para la siembra. Entierran y rompen [&hellip;]","og_url":"https:\/\/www.comebsrl.it\/es\/isxl\/","og_site_name":"CO.ME.B.","article_modified_time":"2024-06-05T09:11:26+00:00","twitter_card":"summary_large_image","twitter_misc":{"Tiempo de lectura":"2 minutos"},"schema":{"@context":"https:\/\/schema.org","@graph":[{"@type":"WebPage","@id":"https:\/\/www.comebsrl.it\/es\/isxl\/","url":"https:\/\/www.comebsrl.it\/es\/isxl\/","name":"ISXL - CO.ME.B.","isPartOf":{"@id":"https:\/\/www.comebsrl.it\/es\/#website"},"datePublished":"2023-05-11T15:19:44+00:00","dateModified":"2024-06-05T09:11:26+00:00","breadcrumb":{"@id":"https:\/\/www.comebsrl.it\/es\/isxl\/#breadcrumb"},"inLanguage":"es","potentialAction":[{"@type":"ReadAction","target":["https:\/\/www.comebsrl.it\/es\/isxl\/"]}]},{"@type":"BreadcrumbList","@id":"https:\/\/www.comebsrl.it\/es\/isxl\/#breadcrumb","itemListElement":[{"@type":"ListItem","position":1,"name":"Home","item":"https:\/\/www.comebsrl.it\/es\/"},{"@type":"ListItem","position":2,"name":"Productos","item":"https:\/\/www.comebsrl.it\/es\/productos\/"},{"@type":"ListItem","position":3,"name":"Enterrador de piedra","item":"https:\/\/www.comebsrl.it\/es\/productos\/enterrador-de-piedra\/"},{"@type":"ListItem","position":4,"name":"ISXL"}]},{"@type":"WebSite","@id":"https:\/\/www.comebsrl.it\/es\/#website","url":"https:\/\/www.comebsrl.it\/es\/","name":"CO.ME.B.","description":"","potentialAction":[{"@type":"SearchAction","target":{"@type":"EntryPoint","urlTemplate":"https:\/\/www.comebsrl.it\/es\/?s={search_term_string}"},"query-input":{"@type":"PropertyValueSpecification","valueRequired":true,"valueName":"search_term_string"}}],"inLanguage":"es"}]}},"_links":{"self":[{"href":"https:\/\/www.comebsrl.it\/es\/wp-json\/wp\/v2\/pages\/4395572","targetHints":{"allow":["GET"]}}],"collection":[{"href":"https:\/\/www.comebsrl.it\/es\/wp-json\/wp\/v2\/pages"}],"about":[{"href":"https:\/\/www.comebsrl.it\/es\/wp-json\/wp\/v2\/types\/page"}],"author":[{"embeddable":true,"href":"https:\/\/www.comebsrl.it\/es\/wp-json\/wp\/v2\/users\/1"}],"replies":[{"embeddable":true,"href":"https:\/\/www.comebsrl.it\/es\/wp-json\/wp\/v2\/comments?post=4395572"}],"version-history":[{"count":3,"href":"https:\/\/www.comebsrl.it\/es\/wp-json\/wp\/v2\/pages\/4395572\/revisions"}],"predecessor-version":[{"id":4396071,"href":"https:\/\/www.comebsrl.it\/es\/wp-json\/wp\/v2\/pages\/4395572\/revisions\/4396071"}],"up":[{"embeddable":true,"href":"https:\/\/www.comebsrl.it\/es\/wp-json\/wp\/v2\/pages\/4395596"}],"wp:attachment":[{"href":"https:\/\/www.comebsrl.it\/es\/wp-json\/wp\/v2\/media?parent=4395572"}],"curies":[{"name":"wp","href":"https:\/\/api.w.org\/{rel}","templated":true}]}}