{"id":4395592,"date":"2023-05-11T17:17:33","date_gmt":"2023-05-11T15:17:33","guid":{"rendered":"https:\/\/comeng.sviluppokeyweb.com\/rivenditori-negozi-attrezzi-agricoli-professionali-per-trattore\/"},"modified":"2024-06-05T11:32:17","modified_gmt":"2024-06-05T09:32:17","slug":"minoristas","status":"publish","type":"page","link":"https:\/\/www.comebsrl.it\/es\/minoristas\/","title":{"rendered":"Minoristas"},"content":{"rendered":"<p>[et_pb_section fb_built=\u00bb1&#8243; custom_padding_last_edited=\u00bbon|phone\u00bb module_class=\u00bbslideint\u00bb _builder_version=\u00bb4.21.0&#8243; _module_preset=\u00bbdefault\u00bb background_color=\u00bbrgba(0,0,0,0.5)\u00bb background_image=\u00bbhttps:\/\/www.comebsrl.it\/wp-content\/uploads\/2023\/07\/banner.jpg\u00bb background_position=\u00bbbottom_right\u00bb background_blend=\u00bboverlay\u00bb custom_padding=\u00bb10vh||10vh||true|false\u00bb custom_padding_tablet=\u00bb5vh||5vh||true|false\u00bb custom_padding_phone=\u00bb2vh||2vh||true|false\u00bb custom_css_main_element=\u00bb background-size: cover !important;\u00bb global_colors_info=\u00bb{}\u00bb][et_pb_row custom_padding_last_edited=\u00bboff|desktop\u00bb _builder_version=\u00bb4.21.0&#8243; _module_preset=\u00bbdefault\u00bb background_color=\u00bbRGBA(255,255,255,0)\u00bb custom_padding=\u00bb||||true|false\u00bb custom_padding_tablet=\u00bb14vh||14vh||true|false\u00bb custom_padding_phone=\u00bb12vh||7vh||false|false\u00bb global_colors_info=\u00bb{}\u00bb][et_pb_column type=\u00bb4_4&#8243; _builder_version=\u00bb4.21.0&#8243; _module_preset=\u00bbdefault\u00bb global_colors_info=\u00bb{}\u00bb][et_pb_text _builder_version=\u00bb4.21.0&#8243; _dynamic_attributes=\u00bbcontent\u00bb _module_preset=\u00bbdefault\u00bb text_font=\u00bbOrbitron|800|||||||\u00bb text_text_color=\u00bb#FFFFFF\u00bb text_font_size=\u00bb35px\u00bb text_letter_spacing=\u00bb1px\u00bb header_2_font=\u00bb|700|||||||\u00bb header_2_text_align=\u00bbcenter\u00bb header_2_text_color=\u00bb#FFFFFF\u00bb header_2_font_size=\u00bb51px\u00bb header_3_text_align=\u00bbcenter\u00bb header_3_text_color=\u00bb#FFFFFF\u00bb header_3_font_size=\u00bb20px\u00bb text_orientation=\u00bbcenter\u00bb custom_margin=\u00bb||20px||false|false\u00bb text_font_size_tablet=\u00bb30px\u00bb text_font_size_phone=\u00bb28px\u00bb text_font_size_last_edited=\u00bbon|phone\u00bb header_2_font_size_tablet=\u00bb40px\u00bb header_2_font_size_phone=\u00bb30px\u00bb header_2_font_size_last_edited=\u00bbon|phone\u00bb global_colors_info=\u00bb{}\u00bb]@ET-DC@eyJkeW5hbWljIjp0cnVlLCJjb250ZW50IjoicG9zdF90aXRsZSIsInNldHRpbmdzIjp7ImJlZm9yZSI6IiIsImFmdGVyIjoiIn19@[\/et_pb_text][dsm_breadcrumbs align=\u00bbcenter\u00bb _builder_version=\u00bb4.21.0&#8243; _module_preset=\u00bbdefault\u00bb items_font=\u00bb|||on|||||\u00bb items_text_color=\u00bb#FFFFFF\u00bb home_icon_text_color=\u00bb#FFFFFF\u00bb separators_text_color=\u00bb#FFFFFF\u00bb current_font=\u00bb|600||on|||||\u00bb current_text_color=\u00bb#f6a534&#8243; global_colors_info=\u00bb{}\u00bb][\/dsm_breadcrumbs][\/et_pb_column][\/et_pb_row][\/et_pb_section][et_pb_section fb_built=\u00bb1&#8243; _builder_version=\u00bb4.21.0&#8243; _module_preset=\u00bbdefault\u00bb background_color=\u00bbRGBA(255,255,255,0)\u00bb global_colors_info=\u00bb{}\u00bb][et_pb_row _builder_version=\u00bb4.21.0&#8243; _module_preset=\u00bbdefault\u00bb global_colors_info=\u00bb{}\u00bb][et_pb_column type=\u00bb4_4&#8243; _builder_version=\u00bb4.21.0&#8243; _module_preset=\u00bbdefault\u00bb global_colors_info=\u00bb{}\u00bb][et_pb_text _builder_version=\u00bb4.21.0&#8243; _module_preset=\u00bbdefault\u00bb text_font=\u00bb|300|||||||\u00bb text_letter_spacing=\u00bb1px\u00bb header_6_font=\u00bb|800|||||||\u00bb header_6_text_color=\u00bb#f6a534&#8243; text_orientation=\u00bbcenter\u00bb custom_margin=\u00bb||0px||false|false\u00bb global_colors_info=\u00bb{}\u00bb]<\/p>\n<h6>CO.ME.B.<\/h6>\n<p>[\/et_pb_text][et_pb_text _builder_version=\u00bb4.25.1&#8243; _module_preset=\u00bbdefault\u00bb text_font=\u00bb|300|||||||\u00bb header_font=\u00bb||||||||\u00bb header_text_align=\u00bbcenter\u00bb header_font_size=\u00bb32px\u00bb header_6_font=\u00bb|800|||||||\u00bb header_6_text_color=\u00bb#f6a534&#8243; custom_margin=\u00bb||0px||false|false\u00bb hover_enabled=\u00bb0&#8243; global_colors_info=\u00bb{}\u00bb sticky_enabled=\u00bb0&#8243;]<\/p>\n<h1><strong>Distribuidores de maquinaria agr\u00edcola<\/strong><\/h1>\n<p>[\/et_pb_text][et_pb_text _builder_version=\u00bb4.25.1&#8243; _module_preset=\u00bbdefault\u00bb text_font=\u00bb||||||||\u00bb text_orientation=\u00bbcenter\u00bb hover_enabled=\u00bb0&#8243; global_colors_info=\u00bb{}\u00bb sticky_enabled=\u00bb0&#8243;]<\/p>\n<p><span>COME.B. Srl est\u00e1 activa desde hace m\u00e1s de medio siglo en el sector de la producci\u00f3n y venta a medida de\u00a0<\/span><strong><span>maquinaria agr\u00edcola<\/span><\/strong><span>\u00a0profesional para:<\/span><\/p>\n<p><strong><span>\u2013 Deshierbe mec\u00e1nico<\/span><\/strong><span>\u00a0;<\/span><br \/><strong><span>\u2013 Preparaci\u00f3n del suelo antes y despu\u00e9s de la siembra;<\/span><\/strong><br \/><strong><span>\u2013 Preparaci\u00f3n de parques, estadios, campos de golf<\/span><\/strong><span>\u00a0y\u00a0<\/span><strong><span>otros espacios verdes<\/span><\/strong><span>\u00a0.<\/span><\/p>\n<p><span>Puede encontrar nuestros equipos tractores de \u00faltima generaci\u00f3n en numerosos\u00a0<\/span><strong><span>minoristas en Italia, en muchos pa\u00edses europeos<\/span><\/strong><span>\u00a0y\u00a0<\/span><strong><span>en\u00a0<\/span><\/strong><strong><span>territorios no europeos como Estados Unidos, Canad\u00e1, Am\u00e9rica del Sur y Sud\u00e1frica<\/span><\/strong><span>\u00a0.<\/span><\/p>\n<p><span>Busque los\u00a0<\/span><strong><span>revendedores m\u00e1s cercanos a\u00a0<\/span><\/strong><strong><span>usted para comprobar de primera mano la calidad de nuestra producci\u00f3n<\/span><\/strong><span>\u00a0y\u00a0<\/span><strong><span>elegir la maquinaria que mejor se adapte<\/span><\/strong><span>\u00a0a sus necesidades y a las necesidades espec\u00edficas de su negocio. Tambi\u00e9n estamos disponibles para consultas personalizadas: cont\u00e1ctenos para m\u00e1s informaci\u00f3n, para un presupuesto sin compromiso o para solicitar una cita con uno de nuestros representantes.<\/span><\/p>\n<p><span>COME.B. Srl le est\u00e1 esperando:\u00a0<\/span><strong><span>\u00a1no dude en rellenar el formulario, llamarnos<\/span><\/strong><span>\u00a0o\u00a0<\/span><strong><span>enviarnos una solicitud por correo electr\u00f3nico!<\/span><\/strong><\/p>\n<p>[\/et_pb_text][et_pb_button button_url=\u00bbhttps:\/\/www.comebsrl.it\/en\/contacts\u00bb button_text=\u00bbCONT\u00c1CTENOS\u00bb button_alignment=\u00bbcenter\u00bb _builder_version=\u00bb4.25.1&#8243; _dynamic_attributes=\u00bbbutton_url\u00bb _module_preset=\u00bbdefault\u00bb custom_button=\u00bbon\u00bb button_text_size=\u00bb15px\u00bb button_text_color=\u00bb#FFFFFF\u00bb button_bg_color=\u00bb#f6a534&#8243; button_border_width=\u00bb0px\u00bb button_border_color=\u00bbRGBA(255,255,255,0)\u00bb button_border_radius=\u00bb0px\u00bb button_letter_spacing=\u00bb1px\u00bb button_font=\u00bbLato|600||on|||||\u00bb custom_padding=\u00bb8px|20px|8px|20px|true|true\u00bb global_module=\u00bb4393013&#8243; saved_tabs=\u00bball\u00bb global_colors_info=\u00bb{}\u00bb][\/et_pb_button][\/et_pb_column][\/et_pb_row][\/et_pb_section][et_pb_section fb_built=\u00bb1&#8243; _builder_version=\u00bb4.21.0&#8243; _module_preset=\u00bbdefault\u00bb background_color=\u00bb#FFFFFF\u00bb global_colors_info=\u00bb{}\u00bb][et_pb_row column_structure=\u00bb2_3,1_3&#8243; _builder_version=\u00bb4.21.0&#8243; _module_preset=\u00bbdefault\u00bb width=\u00bb90%\u00bb custom_padding=\u00bb|2%||2%|false|true\u00bb box_shadow_style=\u00bbpreset1&#8243; box_shadow_color=\u00bbrgba(0,0,0,0.09)\u00bb global_colors_info=\u00bb{}\u00bb][et_pb_column type=\u00bb2_3&#8243; _builder_version=\u00bb4.21.0&#8243; _module_preset=\u00bbdefault\u00bb global_colors_info=\u00bb{}\u00bb][et_pb_text _builder_version=\u00bb4.25.1&#8243; _module_preset=\u00bbdefault\u00bb hover_enabled=\u00bb0&#8243; global_colors_info=\u00bb{}\u00bb sticky_enabled=\u00bb0&#8243;]<\/p>\n\n\n\n\n<div class=\"sopra\">\n\t\n\n           <div class=\"tabs\" id=\"my-tabid1\" data-target=\".my-section1.box\">Italia<\/div>\n    <div class=\"tabs\" id=\"my-tabid2\" data-target=\".my-section2.box\">Europa<\/div>\n    <div class=\"tabs\" id=\"my-tabid3\" data-target=\".my-section3.box\">Resto del mundo<\/div>\n<\/div>\n\n        <div class=\"my_section1 box active\" id=\"my-tab1\">\n           <div id=\"mapplic1\"><\/div>        <\/div>\n\n        <div class=\"my-section2 box vai\" id=\"my-tab2\">\n          <div id=\"mapplic2\"><\/div>        <\/div>\n\n        <div class=\"my-section3 box vai\" id=\"my-tab3\">\n           <div id=\"mapplic3\"><\/div>    <\/div>\n\n        <script>\n        jQuery(document).ready(function($){\n$('#my-tabid2').on('click', function(){\n\t$('#my-tab2').css('visibility','visible');\n\t\n\t$('#my-tab2').removeClass('vai');\n\t\n\t$('#my-tab1').css('visibility','hidden');\n\t$('#my-tab3').css('visibility','hidden');\n\t\n\t$('#my-tab1,#my-tab3').addClass('vai');\n});\n\t\t\t\n$('#my-tabid1').on('click', function(){\n\t$('#my-tab1').css('visibility','visible');\n\t$('#my-tab1').removeClass('vai');\n\t\n\t$('#my-tab2').css('visibility','hidden');\n\t$('#my-tab3').css('visibility','hidden');\n\t$('#my-tab2,#my-tab3').addClass('vai');\n});\t\t\t\n\n\t$('#my-tabid3').on('click', function(){\n\t$('#my-tab3').css('visibility','visible');\n\t\t$('#my-tab3').removeClass('vai');\n\t$('#my-tab2').css('visibility','hidden');\n\t$('#my-tab1').css('visibility','hidden');\n\t\t$('#my-tab2,#my-tab1').addClass('vai');\n});\t\n\t\n});\t\t\n\t\t\t\n\t\t\t\n\t\t\t\n        \n    \n    <\/script>\n\n<style>\n\t.my-section2,.my-section3{visibility:hidden;}\n\t\n.vai {\n  border: solid;\n  position: absolute;\n  width: 100%;\n  left: -999999999999px;\n}\n\t.sopra {\n  margin-bottom: 20px;\n}\n\t\n\t.box {\n  padding-left: 2%;\n  padding-right: 2%;\n}\n.tabs {\n  display: inline;\n  background: #15537c;\n  padding: 4px 10px;\n  color: #fff;\n  font-size: 15px;\n  text-transform: uppercase;\n\tcursor: pointer;\n}\t\n<\/style>\n\n\n\n<p>[\/et_pb_text][\/et_pb_column][et_pb_column type=\u00bb1_3&#8243; _builder_version=\u00bb4.21.0&#8243; _module_preset=\u00bbdefault\u00bb custom_padding=\u00bb5vh||||false|false\u00bb global_colors_info=\u00bb{}\u00bb][et_pb_text disabled_on=\u00bboff|off|off\u00bb _builder_version=\u00bb4.25.1&#8243; header_2_font=\u00bb|700||on|||||\u00bb custom_margin=\u00bb||30px|\u00bb hover_enabled=\u00bb0&#8243; global_colors_info=\u00bb{}\u00bb sticky_enabled=\u00bb0&#8243;]<\/p>\n<h2 style=\"margin-bottom: 10px;\">CONT\u00c1CTENOS<\/h2>\n<p>[\/et_pb_text][et_pb_blurb title=\u00bbVia Menarini, 36 \u2013 40054 Budrio (BO)\u00bb use_icon=\u00bbon\u00bb font_icon=\u00bb&#xe081;||divi||400&#8243; icon_placement=\u00bbleft\u00bb _builder_version=\u00bb4.21.0&#8243; header_font_size=\u00bb16&#8243; body_text_color=\u00bb#FFFFFF\u00bb custom_css_blurb_title=\u00bbpadding-bottom: 0;||padding-top: 5px;\u00bb global_colors_info=\u00bb{}\u00bb][\/et_pb_blurb][et_pb_blurb title=\u00bb051 801611&#8243; use_icon=\u00bbon\u00bb font_icon=\u00bb&#xe090;||divi||400&#8243; icon_placement=\u00bbleft\u00bb _builder_version=\u00bb4.21.0&#8243; header_font_size=\u00bb16&#8243; body_text_color=\u00bb#FFFFFF\u00bb link_option_url=\u00bbtel:+39051801611&#8243; custom_css_blurb_title=\u00bbpadding-bottom: 0;||padding-top: 5px;\u00bb global_colors_info=\u00bb{}\u00bb][\/et_pb_blurb][\/et_pb_column][\/et_pb_row][\/et_pb_section][et_pb_section fb_built=\u00bb1&#8243; disabled_on=\u00bbon|on|on\u00bb _builder_version=\u00bb4.21.0&#8243; _module_preset=\u00bbdefault\u00bb background_color=\u00bbrgba(0,0,0,0.15)\u00bb background_image=\u00bbhttps:\/\/www.comebsrl.it\/wp-content\/uploads\/2023\/05\/AdobeStock_74641866-1.jpg\u00bb background_blend=\u00bboverlay\u00bb custom_padding=\u00bb10vh||10vh||true|false\u00bb disabled=\u00bbon\u00bb global_colors_info=\u00bb{}\u00bb][et_pb_row _builder_version=\u00bb4.21.0&#8243; _module_preset=\u00bbdefault\u00bb global_colors_info=\u00bb{}\u00bb][et_pb_column type=\u00bb4_4&#8243; _builder_version=\u00bb4.21.0&#8243; _module_preset=\u00bbdefault\u00bb global_colors_info=\u00bb{}\u00bb][et_pb_text _builder_version=\u00bb4.21.0&#8243; _module_preset=\u00bbdefault\u00bb text_font=\u00bb|300|||||||\u00bb header_font=\u00bb||||||||\u00bb header_font_size=\u00bb32px\u00bb header_2_text_align=\u00bbcenter\u00bb header_2_text_color=\u00bb#f6f6f6&#8243; header_2_font_size=\u00bb27px\u00bb header_2_line_height=\u00bb1.4em\u00bb header_6_font=\u00bb|800|||||||\u00bb header_6_text_color=\u00bb#f6a534&#8243; custom_margin=\u00bb||0px||false|false\u00bb global_colors_info=\u00bb{}\u00bb]<\/p>\n<h2>Lorem ipsum<\/h2>\n<p>[\/et_pb_text][et_pb_text _builder_version=\u00bb4.21.0&#8243; _module_preset=\u00bbdefault\u00bb text_text_color=\u00bb#FFFFFF\u00bb text_orientation=\u00bbcenter\u00bb global_colors_info=\u00bb{}\u00bb]<\/p>\n<p>Your content goes here. Edit or remove this text inline or in the module Content settings. You can also style every aspect of this content in the module Design settings and even apply custom CSS to this text in the module Advanced settings. Your content goes here. Edit or remove this text inline or in the module Content settings. You can also style every aspect of this content in the module Design settings and even apply custom CSS to this text in the module Advanced settings.<\/p>\n<p>[\/et_pb_text][\/et_pb_column][\/et_pb_row][\/et_pb_section][et_pb_section fb_built=\u00bb1&#8243; module_id=\u00bbget-started\u00bb _builder_version=\u00bb4.21.0&#8243; background_color=\u00bb#f6a534&#8243; custom_padding=\u00bb0px||0px|\u00bb global_module=\u00bb63&#8243; global_colors_info=\u00bb{}\u00bb][et_pb_row column_structure=\u00bb2_3,1_3&#8243; _builder_version=\u00bb4.21.0&#8243; custom_padding=\u00bb|50px||50px\u00bb global_colors_info=\u00bb{}\u00bb][et_pb_column type=\u00bb2_3&#8243; _builder_version=\u00bb4.16&#8243; custom_padding=\u00bb|||\u00bb global_colors_info=\u00bb{}\u00bb custom_padding__hover=\u00bb|||\u00bb][et_pb_text _builder_version=\u00bb4.25.1&#8243; header_3_font_size=\u00bb25px\u00bb global_colors_info=\u00bb{}\u00bb]<\/p>\n<h3>Para informaci\u00f3n, \u00a1cont\u00e1ctanos!<\/h3>\n<p>Rellena el formulario: te responderemos lo antes posible.[\/et_pb_text][\/et_pb_column][et_pb_column type=\u00bb1_3&#8243; _builder_version=\u00bb4.16&#8243; custom_padding=\u00bb|||\u00bb global_colors_info=\u00bb{}\u00bb custom_padding__hover=\u00bb|||\u00bb][et_pb_button button_url=\u00bb@ET-DC@eyJkeW5hbWljIjp0cnVlLCJjb250ZW50IjoicG9zdF9saW5rX3VybF9wYWdlIiwic2V0dGluZ3MiOnsicG9zdF9pZCI6IjUwIn19@\u00bb button_text=\u00bbCONT\u00c1CTENOS\u00bb button_alignment=\u00bbcenter\u00bb _builder_version=\u00bb4.25.1&#8243; _dynamic_attributes=\u00bbbutton_url\u00bb custom_button=\u00bbon\u00bb button_text_size=\u00bb16&#8243; button_text_color=\u00bb#ffffff\u00bb button_bg_color=\u00bb#15537c\u00bb button_border_width=\u00bb0px\u00bb button_border_color=\u00bbRGBA(255,255,255,0)\u00bb button_border_radius=\u00bb0px\u00bb button_letter_spacing=\u00bb1px\u00bb button_font=\u00bbLato|700||on|||||\u00bb button_use_icon=\u00bboff\u00bb background_layout=\u00bbdark\u00bb custom_padding=\u00bb8px||8px||true|false\u00bb custom_css_main_element=\u00bbpadding:12px 35px!important;\u00bb button_text_color_hover=\u00bb#42ddcd\u00bb button_border_color_hover=\u00bb#42ddcd\u00bb button_bg_color_hover=\u00bb#ffffff\u00bb global_colors_info=\u00bb{}\u00bb button_text_size__hover_enabled=\u00bboff\u00bb button_one_text_size__hover_enabled=\u00bboff\u00bb button_two_text_size__hover_enabled=\u00bboff\u00bb button_text_color__hover_enabled=\u00bbon\u00bb button_text_color__hover=\u00bb#42ddcd\u00bb button_one_text_color__hover_enabled=\u00bboff\u00bb button_two_text_color__hover_enabled=\u00bboff\u00bb button_border_width__hover_enabled=\u00bboff\u00bb button_one_border_width__hover_enabled=\u00bboff\u00bb button_two_border_width__hover_enabled=\u00bboff\u00bb button_border_color__hover_enabled=\u00bboff|desktop\u00bb button_border_color__hover=\u00bb#42ddcd\u00bb button_one_border_color__hover_enabled=\u00bboff\u00bb button_two_border_color__hover_enabled=\u00bboff\u00bb button_border_radius__hover_enabled=\u00bboff\u00bb button_one_border_radius__hover_enabled=\u00bboff\u00bb button_two_border_radius__hover_enabled=\u00bboff\u00bb button_letter_spacing__hover_enabled=\u00bboff\u00bb button_one_letter_spacing__hover_enabled=\u00bboff\u00bb button_two_letter_spacing__hover_enabled=\u00bboff\u00bb button_bg_color__hover_enabled=\u00bbon\u00bb button_bg_color__hover=\u00bb#ffffff\u00bb button_one_bg_color__hover_enabled=\u00bboff\u00bb button_two_bg_color__hover_enabled=\u00bboff\u00bb][\/et_pb_button][\/et_pb_column][\/et_pb_row][\/et_pb_section]<\/p>\n","protected":false},"excerpt":{"rendered":"<p><div class=\"et_pb_module dsm_breadcrumbs dsm_breadcrumbs_0\">\n\t\t\t\t\n\t\t\t\t\n\t\t\t\t\n\t\t\t\t\n\t\t\t\t\n\t\t\t\t\n\t\t\t\t<div class=\"et_pb_module_inner\">\n\t\t\t\t\t<nav class=\"dsm_breadcrumbs_wrap\" role=\"navigation\" itemscope=\"\" itemtype=\"http:\/\/schema.org\/SiteNavigationElement\">\n\t\t\t\t<ul class=\"dsm_breadcrumbs\">\n\t\t\t<li class='dsm_breadcrumbs_item dsm_home_item dsm_home_item_custom'>\n\t\t\t\t<a href=\"https:\/\/www.comebsrl.it\/es\/\" itemprop=\"url\">\n\t\t\t\t\t<span class='dsm_home_text_wrapper'>\n\t\t\t\t\t\t\t\t\t\t\t\t\t<span class=\"et-pb-icon dsm_home_icon\">\ue009<\/span>\n\t\t\t\t\t\t\t\t\t\t\t\t\t<span class=\"dsm_home_text\" itemprop=\"name\">\n\t\t\t\t\t\t\t\tHome\t\t\t\t\t\t\t<\/span>\n\t\t\t\t\t<\/span>\n\t\t\t\t<\/a>\n\t\t\t<\/li>\n\n\t\t<li class=\"dsm_breadcrumbs_separator\"> <span class=\"et-pb-icon dsm_separator_icon\">5<\/span><\/li><\/ul>\n\t\t\t<\/nav>\n\t\t\t\t<\/div>\n\t\t\t<\/div>CO.ME.B.Distribuidores de maquinaria agr\u00edcolaCOME.B. Srl est\u00e1 activa desde hace m\u00e1s de medio siglo en el sector de la producci\u00f3n y venta a medida de\u00a0maquinaria agr\u00edcola\u00a0profesional para: \u2013 Deshierbe mec\u00e1nico\u00a0;\u2013 Preparaci\u00f3n del suelo antes y despu\u00e9s de la siembra;\u2013 Preparaci\u00f3n de parques, estadios, campos de golf\u00a0y\u00a0otros [&hellip;]<\/p>\n","protected":false},"author":1,"featured_media":0,"parent":0,"menu_order":0,"comment_status":"closed","ping_status":"closed","template":"","meta":{"_et_pb_use_builder":"on","_et_pb_old_content":"","_et_gb_content_width":"","inline_featured_image":false,"footnotes":""},"class_list":["post-4395592","page","type-page","status-publish","hentry"],"yoast_head":"<!-- This site is optimized with the Yoast SEO plugin v26.4 - https:\/\/yoast.com\/wordpress\/plugins\/seo\/ -->\n<title>Minoristas - CO.ME.B.<\/title>\n<meta name=\"robots\" content=\"index, follow, max-snippet:-1, max-image-preview:large, max-video-preview:-1\" \/>\n<link rel=\"canonical\" href=\"https:\/\/www.comebsrl.it\/es\/minoristas\/\" \/>\n<meta property=\"og:locale\" content=\"es_ES\" \/>\n<meta property=\"og:type\" content=\"article\" \/>\n<meta property=\"og:title\" content=\"Minoristas - CO.ME.B.\" \/>\n<meta property=\"og:description\" content=\"CO.ME.B.Distribuidores de maquinaria agr\u00edcolaCOME.B. Srl est\u00e1 activa desde hace m\u00e1s de medio siglo en el sector de la producci\u00f3n y venta a medida de\u00a0maquinaria agr\u00edcola\u00a0profesional para: \u2013 Deshierbe mec\u00e1nico\u00a0;\u2013 Preparaci\u00f3n del suelo antes y despu\u00e9s de la siembra;\u2013 Preparaci\u00f3n de parques, estadios, campos de golf\u00a0y\u00a0otros [&hellip;]\" \/>\n<meta property=\"og:url\" content=\"https:\/\/www.comebsrl.it\/es\/minoristas\/\" \/>\n<meta property=\"og:site_name\" content=\"CO.ME.B.\" \/>\n<meta property=\"article:modified_time\" content=\"2024-06-05T09:32:17+00:00\" \/>\n<meta name=\"twitter:card\" content=\"summary_large_image\" \/>\n<meta name=\"twitter:label1\" content=\"Tiempo de lectura\" \/>\n\t<meta name=\"twitter:data1\" content=\"1 minuto\" \/>\n<script type=\"application\/ld+json\" class=\"yoast-schema-graph\">{\"@context\":\"https:\/\/schema.org\",\"@graph\":[{\"@type\":\"WebPage\",\"@id\":\"https:\/\/www.comebsrl.it\/es\/minoristas\/\",\"url\":\"https:\/\/www.comebsrl.it\/es\/minoristas\/\",\"name\":\"Minoristas - CO.ME.B.\",\"isPartOf\":{\"@id\":\"https:\/\/www.comebsrl.it\/es\/#website\"},\"datePublished\":\"2023-05-11T15:17:33+00:00\",\"dateModified\":\"2024-06-05T09:32:17+00:00\",\"breadcrumb\":{\"@id\":\"https:\/\/www.comebsrl.it\/es\/minoristas\/#breadcrumb\"},\"inLanguage\":\"es\",\"potentialAction\":[{\"@type\":\"ReadAction\",\"target\":[\"https:\/\/www.comebsrl.it\/es\/minoristas\/\"]}]},{\"@type\":\"BreadcrumbList\",\"@id\":\"https:\/\/www.comebsrl.it\/es\/minoristas\/#breadcrumb\",\"itemListElement\":[{\"@type\":\"ListItem\",\"position\":1,\"name\":\"Home\",\"item\":\"https:\/\/www.comebsrl.it\/es\/\"},{\"@type\":\"ListItem\",\"position\":2,\"name\":\"Minoristas\"}]},{\"@type\":\"WebSite\",\"@id\":\"https:\/\/www.comebsrl.it\/es\/#website\",\"url\":\"https:\/\/www.comebsrl.it\/es\/\",\"name\":\"CO.ME.B.\",\"description\":\"\",\"potentialAction\":[{\"@type\":\"SearchAction\",\"target\":{\"@type\":\"EntryPoint\",\"urlTemplate\":\"https:\/\/www.comebsrl.it\/es\/?s={search_term_string}\"},\"query-input\":{\"@type\":\"PropertyValueSpecification\",\"valueRequired\":true,\"valueName\":\"search_term_string\"}}],\"inLanguage\":\"es\"}]}<\/script>\n<!-- \/ Yoast SEO plugin. -->","yoast_head_json":{"title":"Minoristas - CO.ME.B.","robots":{"index":"index","follow":"follow","max-snippet":"max-snippet:-1","max-image-preview":"max-image-preview:large","max-video-preview":"max-video-preview:-1"},"canonical":"https:\/\/www.comebsrl.it\/es\/minoristas\/","og_locale":"es_ES","og_type":"article","og_title":"Minoristas - CO.ME.B.","og_description":"CO.ME.B.Distribuidores de maquinaria agr\u00edcolaCOME.B. Srl est\u00e1 activa desde hace m\u00e1s de medio siglo en el sector de la producci\u00f3n y venta a medida de\u00a0maquinaria agr\u00edcola\u00a0profesional para: \u2013 Deshierbe mec\u00e1nico\u00a0;\u2013 Preparaci\u00f3n del suelo antes y despu\u00e9s de la siembra;\u2013 Preparaci\u00f3n de parques, estadios, campos de golf\u00a0y\u00a0otros [&hellip;]","og_url":"https:\/\/www.comebsrl.it\/es\/minoristas\/","og_site_name":"CO.ME.B.","article_modified_time":"2024-06-05T09:32:17+00:00","twitter_card":"summary_large_image","twitter_misc":{"Tiempo de lectura":"1 minuto"},"schema":{"@context":"https:\/\/schema.org","@graph":[{"@type":"WebPage","@id":"https:\/\/www.comebsrl.it\/es\/minoristas\/","url":"https:\/\/www.comebsrl.it\/es\/minoristas\/","name":"Minoristas - CO.ME.B.","isPartOf":{"@id":"https:\/\/www.comebsrl.it\/es\/#website"},"datePublished":"2023-05-11T15:17:33+00:00","dateModified":"2024-06-05T09:32:17+00:00","breadcrumb":{"@id":"https:\/\/www.comebsrl.it\/es\/minoristas\/#breadcrumb"},"inLanguage":"es","potentialAction":[{"@type":"ReadAction","target":["https:\/\/www.comebsrl.it\/es\/minoristas\/"]}]},{"@type":"BreadcrumbList","@id":"https:\/\/www.comebsrl.it\/es\/minoristas\/#breadcrumb","itemListElement":[{"@type":"ListItem","position":1,"name":"Home","item":"https:\/\/www.comebsrl.it\/es\/"},{"@type":"ListItem","position":2,"name":"Minoristas"}]},{"@type":"WebSite","@id":"https:\/\/www.comebsrl.it\/es\/#website","url":"https:\/\/www.comebsrl.it\/es\/","name":"CO.ME.B.","description":"","potentialAction":[{"@type":"SearchAction","target":{"@type":"EntryPoint","urlTemplate":"https:\/\/www.comebsrl.it\/es\/?s={search_term_string}"},"query-input":{"@type":"PropertyValueSpecification","valueRequired":true,"valueName":"search_term_string"}}],"inLanguage":"es"}]}},"_links":{"self":[{"href":"https:\/\/www.comebsrl.it\/es\/wp-json\/wp\/v2\/pages\/4395592","targetHints":{"allow":["GET"]}}],"collection":[{"href":"https:\/\/www.comebsrl.it\/es\/wp-json\/wp\/v2\/pages"}],"about":[{"href":"https:\/\/www.comebsrl.it\/es\/wp-json\/wp\/v2\/types\/page"}],"author":[{"embeddable":true,"href":"https:\/\/www.comebsrl.it\/es\/wp-json\/wp\/v2\/users\/1"}],"replies":[{"embeddable":true,"href":"https:\/\/www.comebsrl.it\/es\/wp-json\/wp\/v2\/comments?post=4395592"}],"version-history":[{"count":4,"href":"https:\/\/www.comebsrl.it\/es\/wp-json\/wp\/v2\/pages\/4395592\/revisions"}],"predecessor-version":[{"id":4396091,"href":"https:\/\/www.comebsrl.it\/es\/wp-json\/wp\/v2\/pages\/4395592\/revisions\/4396091"}],"wp:attachment":[{"href":"https:\/\/www.comebsrl.it\/es\/wp-json\/wp\/v2\/media?parent=4395592"}],"curies":[{"name":"wp","href":"https:\/\/api.w.org\/{rel}","templated":true}]}}