{"id":4395571,"date":"2023-05-11T17:19:44","date_gmt":"2023-05-11T15:19:44","guid":{"rendered":"https:\/\/comeng.sviluppokeyweb.com\/isxl-interrasassi-piccoli-trattori-medio-leggeri\/"},"modified":"2025-02-25T17:33:44","modified_gmt":"2025-02-25T16:33:44","slug":"isxl","status":"publish","type":"page","link":"https:\/\/www.comebsrl.it\/fr\/isxl\/","title":{"rendered":"ISXL"},"content":{"rendered":"<p>[et_pb_section fb_built=\u00a0\u00bb1&Prime; _builder_version=\u00a0\u00bb4.21.0&Prime; _module_preset=\u00a0\u00bbdefault\u00a0\u00bb background_color=\u00a0\u00bbRGBA(255,255,255,0)\u00a0\u00bb custom_padding=\u00a0\u00bb0px||||false|false\u00a0\u00bb global_colors_info=\u00a0\u00bb{}\u00a0\u00bb][et_pb_row custom_padding_last_edited=\u00a0\u00bboff|desktop\u00a0\u00bb _builder_version=\u00a0\u00bb4.21.0&Prime; _module_preset=\u00a0\u00bbdefault\u00a0\u00bb background_color=\u00a0\u00bbRGBA(255,255,255,0)\u00a0\u00bb custom_padding=\u00a0\u00bb||||true|false\u00a0\u00bb custom_padding_tablet=\u00a0\u00bb14vh||14vh||true|false\u00a0\u00bb custom_padding_phone=\u00a0\u00bb12vh||7vh||false|false\u00a0\u00bb global_colors_info=\u00a0\u00bb{}\u00a0\u00bb][et_pb_column type=\u00a0\u00bb4_4&Prime; _builder_version=\u00a0\u00bb4.21.0&Prime; _module_preset=\u00a0\u00bbdefault\u00a0\u00bb global_colors_info=\u00a0\u00bb{}\u00a0\u00bb][dsm_breadcrumbs align=\u00a0\u00bbcenter\u00a0\u00bb _builder_version=\u00a0\u00bb4.21.0&Prime; _module_preset=\u00a0\u00bbdefault\u00a0\u00bb items_font=\u00a0\u00bb|||on|||||\u00a0\u00bb items_text_color=\u00a0\u00bb#181f1c\u00a0\u00bb home_icon_text_color=\u00a0\u00bb#181f1c\u00a0\u00bb separators_text_color=\u00a0\u00bb#181f1c\u00a0\u00bb current_font=\u00a0\u00bb|600||on|||||\u00a0\u00bb current_text_color=\u00a0\u00bb#f6a534&Prime; global_colors_info=\u00a0\u00bb{}\u00a0\u00bb][\/dsm_breadcrumbs][\/et_pb_column][\/et_pb_row][et_pb_row column_structure=\u00a0\u00bb3_5,2_5&Prime; _builder_version=\u00a0\u00bb4.21.0&Prime; _module_preset=\u00a0\u00bbdefault\u00a0\u00bb global_colors_info=\u00a0\u00bb{}\u00a0\u00bb][et_pb_column type=\u00a0\u00bb3_5&Prime; _builder_version=\u00a0\u00bb4.21.0&Prime; _module_preset=\u00a0\u00bbdefault\u00a0\u00bb global_colors_info=\u00a0\u00bb{}\u00a0\u00bb][et_pb_image src=\u00a0\u00bbhttps:\/\/www.comebsrl.it\/wp-content\/uploads\/2023\/07\/Interrasassi-per-piccoli-trattori-isxl.jpg\u00a0\u00bb alt=\u00a0\u00bbInterrasassi-per-piccoli-trattori-isxl\u00a0\u00bb title_text=\u00a0\u00bbInterrasassi-per-piccoli-trattori-isxl\u00a0\u00bb _builder_version=\u00a0\u00bb4.21.0&Prime; _module_preset=\u00a0\u00bbdefault\u00a0\u00bb custom_margin=\u00a0\u00bb||0px||false|false\u00a0\u00bb global_colors_info=\u00a0\u00bb{}\u00a0\u00bb][\/et_pb_image][\/et_pb_column][et_pb_column type=\u00a0\u00bb2_5&Prime; _builder_version=\u00a0\u00bb4.21.0&Prime; _module_preset=\u00a0\u00bbdefault\u00a0\u00bb custom_padding=\u00a0\u00bb2vh||||false|false\u00a0\u00bb global_colors_info=\u00a0\u00bb{}\u00a0\u00bb][et_pb_text _builder_version=\u00a0\u00bb4.27.4&Prime; _module_preset=\u00a0\u00bbdefault\u00a0\u00bb text_font=\u00a0\u00bb|300|||||||\u00a0\u00bb header_font=\u00a0\u00bb||||||||\u00a0\u00bb header_font_size=\u00a0\u00bb32px\u00a0\u00bb header_2_text_align=\u00a0\u00bbleft\u00a0\u00bb header_2_font_size=\u00a0\u00bb27px\u00a0\u00bb header_2_line_height=\u00a0\u00bb1.4em\u00a0\u00bb header_6_font=\u00a0\u00bb|800|||||||\u00a0\u00bb header_6_text_color=\u00a0\u00bb#f6a534&Prime; custom_margin=\u00a0\u00bb||0px||false|false\u00a0\u00bb global_colors_info=\u00a0\u00bb{}\u00a0\u00bb]<\/p>\n<h1><strong>Enfouisseur de pierres ISXL<\/strong><\/h1>\n<p>[\/et_pb_text][et_pb_text _builder_version=\u00a0\u00bb4.27.4&Prime; _module_preset=\u00a0\u00bbdefault\u00a0\u00bb text_font=\u00a0\u00bb||||||||\u00a0\u00bb global_colors_info=\u00a0\u00bb{}\u00a0\u00bb]<\/p>\n<p><span>Les enfouisseurs de pierres ISXL sont\u00a0<\/span><strong><span>des mod\u00e8les l\u00e9gers pour tracteurs compacts de faible puissance<\/span><\/strong><span>\u00a0, construits pour offrir\u00a0<\/span><strong><span>efficacit\u00e9<\/span><\/strong><span>\u00a0et\u00a0<\/span><strong><span>robustesse<\/span><\/strong><span>\u00a0dans tout contexte agricole et non agricole. Ils ont \u00e9t\u00e9 con\u00e7us pour travailler les sols horticoles, les pelouses et les espaces verts en vue du semis. Ils enterrent et brisent le sol tout en enterrant profond\u00e9ment les d\u00e9bris et les pierres pour faciliter les activit\u00e9s de culture agricole, pour la cr\u00e9ation de pelouses, de jardins et de parcs.<\/span><\/p>\n<p><span>Vous recherchez un enfouisseur de pierres avec ces caract\u00e9ristiques ? COMEB est\u00a0\u00a0<\/span><strong><span>un fabricant de mat\u00e9riel agricole<\/span><\/strong><span>\u00a0\u00a0pour la pr\u00e9paration du sol avec d\u00e9sherbage m\u00e9canique.<\/span><\/p>\n<p><strong><span>Contactez-nous pour demander des informations sp\u00e9cifiques, des conseils et le prix du mod\u00e8le qui correspond \u00e0 vos besoins.<\/span><\/strong><\/p>\n<p>[\/et_pb_text][et_pb_button button_url=\u00a0\u00bbhttps:\/\/www.comebsrl.it\/fr\/contacts\/\u00a0\u00bb button_text=\u00a0\u00bbCONTACTEZ-NOUS\u00a0\u00bb _builder_version=\u00a0\u00bb4.25.1&Prime; _dynamic_attributes=\u00a0\u00bbbutton_url\u00a0\u00bb _module_preset=\u00a0\u00bbdefault\u00a0\u00bb custom_button=\u00a0\u00bbon\u00a0\u00bb button_text_size=\u00a0\u00bb15px\u00a0\u00bb button_text_color=\u00a0\u00bb#FFFFFF\u00a0\u00bb button_bg_color=\u00a0\u00bb#f6a534&Prime; button_border_width=\u00a0\u00bb0px\u00a0\u00bb button_border_color=\u00a0\u00bbRGBA(255,255,255,0)\u00a0\u00bb button_border_radius=\u00a0\u00bb0px\u00a0\u00bb button_letter_spacing=\u00a0\u00bb1px\u00a0\u00bb button_font=\u00a0\u00bbLato|600||on|||||\u00a0\u00bb custom_padding=\u00a0\u00bb8px|20px|8px|20px|true|true\u00a0\u00bb global_module=\u00a0\u00bb4393015&Prime; saved_tabs=\u00a0\u00bball\u00a0\u00bb global_colors_info=\u00a0\u00bb{}\u00a0\u00bb][\/et_pb_button][\/et_pb_column][\/et_pb_row][et_pb_row column_structure=\u00a0\u00bb2_5,3_5&Prime; use_custom_gutter=\u00a0\u00bbon\u00a0\u00bb _builder_version=\u00a0\u00bb4.21.0&Prime; _module_preset=\u00a0\u00bbdefault\u00a0\u00bb global_colors_info=\u00a0\u00bb{}\u00a0\u00bb][et_pb_column type=\u00a0\u00bb2_5&Prime; _builder_version=\u00a0\u00bb4.21.0&Prime; _module_preset=\u00a0\u00bbdefault\u00a0\u00bb global_colors_info=\u00a0\u00bb{}\u00a0\u00bb][et_pb_image src=\u00a0\u00bbhttps:\/\/www.comebsrl.it\/wp-content\/uploads\/2023\/07\/Macchine-preparazione-terreno-prati-orticoltura-coltivazione-agricola.jpg\u00a0\u00bb alt=\u00a0\u00bbMacchine-preparazione-terreno-prati-orticoltura-coltivazione-agricola\u00a0\u00bb title_text=\u00a0\u00bbMacchine-preparazione-terreno-prati-orticoltura-coltivazione-agricola\u00a0\u00bb _builder_version=\u00a0\u00bb4.21.0&Prime; _module_preset=\u00a0\u00bbdefault\u00a0\u00bb global_colors_info=\u00a0\u00bb{}\u00a0\u00bb][\/et_pb_image][\/et_pb_column][et_pb_column type=\u00a0\u00bb3_5&Prime; _builder_version=\u00a0\u00bb4.21.0&Prime; _module_preset=\u00a0\u00bbdefault\u00a0\u00bb global_colors_info=\u00a0\u00bb{}\u00a0\u00bb][et_pb_tabs active_tab_background_color=\u00a0\u00bb#f6a534&Prime; inactive_tab_background_color=\u00a0\u00bb#258acb\u00a0\u00bb active_tab_text_color=\u00a0\u00bb#181f1c\u00a0\u00bb _builder_version=\u00a0\u00bb4.27.4&Prime; _module_preset=\u00a0\u00bbdefault\u00a0\u00bb tab_text_color=\u00a0\u00bb#f6f6f6&Prime; tab_font=\u00a0\u00bbOrbitron||||||||\u00a0\u00bb tab_font_size=\u00a0\u00bb13px\u00a0\u00bb background_color=\u00a0\u00bbRGBA(255,255,255,0)\u00a0\u00bb hover_enabled=\u00a0\u00bb0&Prime; border_color_all=\u00a0\u00bb#181f1c\u00a0\u00bb global_colors_info=\u00a0\u00bb{}\u00a0\u00bb sticky_enabled=\u00a0\u00bb0&Prime;][et_pb_tab title=\u00a0\u00bbSp\u00e9cifications techniques\u00a0\u00bb _builder_version=\u00a0\u00bb4.27.4&Prime; _module_preset=\u00a0\u00bbdefault\u00a0\u00bb hover_enabled=\u00a0\u00bb0&Prime; global_colors_info=\u00a0\u00bb{}\u00a0\u00bb sticky_enabled=\u00a0\u00bb0&Prime;]<\/p>\n<p><strong><span><span class=\"VIpgJd-yAWNEb-VIpgJd-fmcmS-sn54Q\">Tracteurs\u00a0<\/span><\/span>:<\/strong> 20-40 CV<br \/><strong><span><span class=\"VIpgJd-yAWNEb-VIpgJd-fmcmS-sn54Q\">Profondeur de travail<\/span><\/span><\/strong><span><span class=\"VIpgJd-yAWNEb-VIpgJd-fmcmS-sn54Q\">\u00a0<\/span><\/span>: 15 \u2013 20 cm<br \/><strong><span><span class=\"\">Bo\u00eete de vitesses <\/span><\/span><\/strong>: <span>\u00a0540 tr\/min<\/span><br \/><strong><span><span class=\"VIpgJd-yAWNEb-VIpgJd-fmcmS-sn54Q\">Houes\u00a0<\/span><\/span>:<\/strong> <span>4 par bride carr\u00e9e courte<\/span><\/p>\n<p>[\/et_pb_tab][et_pb_tab title=\u00a0\u00bb\u00c9quipement\u00a0\u00bb _builder_version=\u00a0\u00bb4.27.4&Prime; _module_preset=\u00a0\u00bbdefault\u00a0\u00bb hover_enabled=\u00a0\u00bb0&Prime; global_colors_info=\u00a0\u00bb{}\u00a0\u00bb sticky_enabled=\u00a0\u00bb0&Prime;]<\/p>\n<ul>\n<li><span>Arbre \u00e0 cardan avec embrayage<\/span><\/li>\n<li><span>Lame de nivellement avec manivelle<\/span><\/li>\n<li><span>Grille vibrante<\/span><\/li>\n<li><span>Transmission par cha\u00eene<\/span><\/li>\n<li><span>R\u00e8glement \u00ab CE\u00a0<\/span><strong><span>\u00bb<\/span><\/strong><\/li>\n<\/ul>\n<p>[\/et_pb_tab][et_pb_tab title=\u00a0\u00bbKits d&rsquo;accessoires et de pi\u00e8ces de rechange\u00a0\u00bb _builder_version=\u00a0\u00bb4.27.4&Prime; _module_preset=\u00a0\u00bbdefault\u00a0\u00bb hover_enabled=\u00a0\u00bb0&Prime; global_colors_info=\u00a0\u00bb{}\u00a0\u00bb sticky_enabled=\u00a0\u00bb0&Prime;]<\/p>\n<ul>\n<li><span>Rouleau de grille arri\u00e8re<\/span><\/li>\n<li><span>Semoir avec motor\u00e9ducteur<\/span><\/li>\n<li><span>Couvercle de coffre<\/span><\/li>\n<\/ul>\n<p>[\/et_pb_tab][\/et_pb_tabs][\/et_pb_column][\/et_pb_row][\/et_pb_section][et_pb_section fb_built=\u00a0\u00bb1&Prime; _builder_version=\u00a0\u00bb4.21.0&Prime; _module_preset=\u00a0\u00bbdefault\u00a0\u00bb custom_padding=\u00a0\u00bb0px||0px||true|false\u00a0\u00bb global_colors_info=\u00a0\u00bb{}\u00a0\u00bb][et_pb_row _builder_version=\u00a0\u00bb4.21.0&Prime; _module_preset=\u00a0\u00bbdefault\u00a0\u00bb width=\u00a0\u00bb100%\u00a0\u00bb max_width=\u00a0\u00bb2560px\u00a0\u00bb custom_padding=\u00a0\u00bb0px||0px||true|false\u00a0\u00bb global_colors_info=\u00a0\u00bb{}\u00a0\u00bb][et_pb_column type=\u00a0\u00bb4_4&Prime; _builder_version=\u00a0\u00bb4.21.0&Prime; _module_preset=\u00a0\u00bbdefault\u00a0\u00bb global_colors_info=\u00a0\u00bb{}\u00a0\u00bb][dsm_image_carousel gallery_ids=\u00a0\u00bb4394217,4394219,4394218,4394215,4394889&Prime; speed=\u00a0\u00bb1000&Prime; space_between=\u00a0\u00bb0&Prime; arrows=\u00a0\u00bboff\u00a0\u00bb dots=\u00a0\u00bboff\u00a0\u00bb grab=\u00a0\u00bboff\u00a0\u00bb show_lightbox=\u00a0\u00bbon\u00a0\u00bb _builder_version=\u00a0\u00bb4.21.0&Prime; _module_preset=\u00a0\u00bbdefault\u00a0\u00bb custom_margin=\u00a0\u00bb||-10px||false|false\u00a0\u00bb global_colors_info=\u00a0\u00bb{}\u00a0\u00bb][\/dsm_image_carousel][\/et_pb_column][\/et_pb_row][\/et_pb_section][et_pb_section fb_built=\u00a0\u00bb1&Prime; module_id=\u00a0\u00bbget-started\u00a0\u00bb _builder_version=\u00a0\u00bb4.21.0&Prime; background_color=\u00a0\u00bb#f6a534&Prime; custom_padding=\u00a0\u00bb0px||0px|\u00a0\u00bb global_module=\u00a0\u00bb63&Prime; global_colors_info=\u00a0\u00bb{}\u00a0\u00bb][et_pb_row column_structure=\u00a0\u00bb2_3,1_3&Prime; _builder_version=\u00a0\u00bb4.21.0&Prime; custom_padding=\u00a0\u00bb|50px||50px\u00a0\u00bb global_colors_info=\u00a0\u00bb{}\u00a0\u00bb][et_pb_column type=\u00a0\u00bb2_3&Prime; _builder_version=\u00a0\u00bb4.16&Prime; custom_padding=\u00a0\u00bb|||\u00a0\u00bb global_colors_info=\u00a0\u00bb{}\u00a0\u00bb custom_padding__hover=\u00a0\u00bb|||\u00a0\u00bb][et_pb_text _builder_version=\u00a0\u00bb4.27.4&Prime; header_3_font_size=\u00a0\u00bb25px\u00a0\u00bb global_colors_info=\u00a0\u00bb{}\u00a0\u00bb]<\/p>\n<h3>Pour plus d&rsquo;informations, contactez-nous!<\/h3>\n<p>Remplissez le formulaire : nous vous r\u00e9pondrons dans les plus brefs d\u00e9lais.[\/et_pb_text][\/et_pb_column][et_pb_column type=\u00a0\u00bb1_3&Prime; _builder_version=\u00a0\u00bb4.16&Prime; custom_padding=\u00a0\u00bb|||\u00a0\u00bb global_colors_info=\u00a0\u00bb{}\u00a0\u00bb custom_padding__hover=\u00a0\u00bb|||\u00a0\u00bb][et_pb_button button_url=\u00a0\u00bbhttps:\/\/www.comebsrl.it\/fr\/contacts\/\u00a0\u00bb button_text=\u00a0\u00bbCONTACTEZ-NOUS\u00a0\u00bb button_alignment=\u00a0\u00bbcenter\u00a0\u00bb _builder_version=\u00a0\u00bb4.27.4&Prime; custom_button=\u00a0\u00bbon\u00a0\u00bb button_text_size=\u00a0\u00bb16&Prime; button_text_color=\u00a0\u00bb#ffffff\u00a0\u00bb button_bg_color=\u00a0\u00bb#15537c\u00a0\u00bb button_border_width=\u00a0\u00bb0px\u00a0\u00bb button_border_color=\u00a0\u00bbRGBA(255,255,255,0)\u00a0\u00bb button_border_radius=\u00a0\u00bb0px\u00a0\u00bb button_letter_spacing=\u00a0\u00bb1px\u00a0\u00bb button_font=\u00a0\u00bbLato|700||on|||||\u00a0\u00bb button_use_icon=\u00a0\u00bboff\u00a0\u00bb background_layout=\u00a0\u00bbdark\u00a0\u00bb custom_padding=\u00a0\u00bb8px||8px||true|false\u00a0\u00bb custom_css_main_element=\u00a0\u00bbpadding:12px 35px!important;\u00a0\u00bb button_text_color_hover=\u00a0\u00bb#42ddcd\u00a0\u00bb button_border_color_hover=\u00a0\u00bb#42ddcd\u00a0\u00bb button_bg_color_hover=\u00a0\u00bb#ffffff\u00a0\u00bb global_colors_info=\u00a0\u00bb{}\u00a0\u00bb button_text_size__hover_enabled=\u00a0\u00bboff\u00a0\u00bb button_one_text_size__hover_enabled=\u00a0\u00bboff\u00a0\u00bb button_two_text_size__hover_enabled=\u00a0\u00bboff\u00a0\u00bb button_text_color__hover_enabled=\u00a0\u00bbon\u00a0\u00bb button_text_color__hover=\u00a0\u00bb#42ddcd\u00a0\u00bb button_one_text_color__hover_enabled=\u00a0\u00bboff\u00a0\u00bb button_two_text_color__hover_enabled=\u00a0\u00bboff\u00a0\u00bb button_border_width__hover_enabled=\u00a0\u00bboff\u00a0\u00bb button_one_border_width__hover_enabled=\u00a0\u00bboff\u00a0\u00bb button_two_border_width__hover_enabled=\u00a0\u00bboff\u00a0\u00bb button_border_color__hover_enabled=\u00a0\u00bboff|desktop\u00a0\u00bb button_border_color__hover=\u00a0\u00bb#42ddcd\u00a0\u00bb button_one_border_color__hover_enabled=\u00a0\u00bboff\u00a0\u00bb button_two_border_color__hover_enabled=\u00a0\u00bboff\u00a0\u00bb button_border_radius__hover_enabled=\u00a0\u00bboff\u00a0\u00bb button_one_border_radius__hover_enabled=\u00a0\u00bboff\u00a0\u00bb button_two_border_radius__hover_enabled=\u00a0\u00bboff\u00a0\u00bb button_letter_spacing__hover_enabled=\u00a0\u00bboff\u00a0\u00bb button_one_letter_spacing__hover_enabled=\u00a0\u00bboff\u00a0\u00bb button_two_letter_spacing__hover_enabled=\u00a0\u00bboff\u00a0\u00bb button_bg_color__hover_enabled=\u00a0\u00bbon\u00a0\u00bb button_bg_color__hover=\u00a0\u00bb#ffffff\u00a0\u00bb button_one_bg_color__hover_enabled=\u00a0\u00bboff\u00a0\u00bb button_two_bg_color__hover_enabled=\u00a0\u00bboff\u00a0\u00bb][\/et_pb_button][\/et_pb_column][\/et_pb_row][\/et_pb_section]<\/p>\n","protected":false},"excerpt":{"rendered":"<p><div class=\"et_pb_module dsm_breadcrumbs dsm_breadcrumbs_0\">\n\t\t\t\t\n\t\t\t\t\n\t\t\t\t\n\t\t\t\t\n\t\t\t\t\n\t\t\t\t\n\t\t\t\t<div class=\"et_pb_module_inner\">\n\t\t\t\t\t<nav class=\"dsm_breadcrumbs_wrap\" role=\"navigation\" itemscope=\"\" itemtype=\"http:\/\/schema.org\/SiteNavigationElement\">\n\t\t\t\t<ul class=\"dsm_breadcrumbs\">\n\t\t\t<li class='dsm_breadcrumbs_item dsm_home_item dsm_home_item_custom'>\n\t\t\t\t<a href=\"https:\/\/www.comebsrl.it\/fr\/\" itemprop=\"url\">\n\t\t\t\t\t<span class='dsm_home_text_wrapper'>\n\t\t\t\t\t\t\t\t\t\t\t\t\t<span class=\"et-pb-icon dsm_home_icon\">\ue009<\/span>\n\t\t\t\t\t\t\t\t\t\t\t\t\t<span class=\"dsm_home_text\" itemprop=\"name\">\n\t\t\t\t\t\t\t\tHome\t\t\t\t\t\t\t<\/span>\n\t\t\t\t\t<\/span>\n\t\t\t\t<\/a>\n\t\t\t<\/li>\n\n\t\t<li class=\"dsm_breadcrumbs_separator\"> <span class=\"et-pb-icon dsm_separator_icon\">5<\/span><\/li><\/ul>\n\t\t\t<\/nav>\n\t\t\t\t<\/div>\n\t\t\t<\/div>Enfouisseur de pierres ISXLLes enfouisseurs de pierres ISXL sont\u00a0des mod\u00e8les l\u00e9gers pour tracteurs compacts de faible puissance\u00a0, construits pour offrir\u00a0efficacit\u00e9\u00a0et\u00a0robustesse\u00a0dans tout contexte agricole et non agricole. Ils ont \u00e9t\u00e9 con\u00e7us pour travailler les sols horticoles, les pelouses et les espaces verts en vue du semis. [&hellip;]<\/p>\n","protected":false},"author":1,"featured_media":0,"parent":4395595,"menu_order":0,"comment_status":"closed","ping_status":"closed","template":"","meta":{"_et_pb_use_builder":"on","_et_pb_old_content":"","_et_gb_content_width":"","inline_featured_image":false,"footnotes":""},"class_list":["post-4395571","page","type-page","status-publish","hentry"],"yoast_head":"<!-- This site is optimized with the Yoast SEO plugin v26.4 - https:\/\/yoast.com\/wordpress\/plugins\/seo\/ -->\n<title>Enfouisseurs de pierres pour petits tracteurs ISXL \u2013 Machines pour la pr\u00e9paration du sol, des pelouses, de l&#039;horticulture, de la culture agricole<\/title>\n<meta name=\"description\" content=\"L&#039;enfouisseur de pierres ISXL est con\u00e7u pour les tracteurs de petite et moyenne taille et peut vous aider \u00e0 pr\u00e9parer le sol pour l&#039;horticulture, les cultures agricoles et les prairies. Demandez nos machines : nous sommes pr\u00e9sents dans toute l&#039;Italie et \u00e0 l&#039;\u00e9tranger.\" \/>\n<meta name=\"robots\" content=\"index, follow, max-snippet:-1, max-image-preview:large, max-video-preview:-1\" \/>\n<link rel=\"canonical\" href=\"https:\/\/www.comebsrl.it\/fr\/isxl\/\" \/>\n<meta property=\"og:locale\" content=\"fr_FR\" \/>\n<meta property=\"og:type\" content=\"article\" \/>\n<meta property=\"og:title\" content=\"Enfouisseurs de pierres pour petits tracteurs ISXL \u2013 Machines pour la pr\u00e9paration du sol, des pelouses, de l&#039;horticulture, de la culture agricole\" \/>\n<meta property=\"og:description\" content=\"L&#039;enfouisseur de pierres ISXL est con\u00e7u pour les tracteurs de petite et moyenne taille et peut vous aider \u00e0 pr\u00e9parer le sol pour l&#039;horticulture, les cultures agricoles et les prairies. Demandez nos machines : nous sommes pr\u00e9sents dans toute l&#039;Italie et \u00e0 l&#039;\u00e9tranger.\" \/>\n<meta property=\"og:url\" content=\"https:\/\/www.comebsrl.it\/fr\/isxl\/\" \/>\n<meta property=\"og:site_name\" content=\"CO.ME.B.\" \/>\n<meta property=\"article:modified_time\" content=\"2025-02-25T16:33:44+00:00\" \/>\n<meta name=\"twitter:card\" content=\"summary_large_image\" \/>\n<meta name=\"twitter:label1\" content=\"Dur\u00e9e de lecture estim\u00e9e\" \/>\n\t<meta name=\"twitter:data1\" content=\"2 minutes\" \/>\n<script type=\"application\/ld+json\" class=\"yoast-schema-graph\">{\"@context\":\"https:\/\/schema.org\",\"@graph\":[{\"@type\":\"WebPage\",\"@id\":\"https:\/\/www.comebsrl.it\/fr\/isxl\/\",\"url\":\"https:\/\/www.comebsrl.it\/fr\/isxl\/\",\"name\":\"Enfouisseurs de pierres pour petits tracteurs ISXL \u2013 Machines pour la pr\u00e9paration du sol, des pelouses, de l'horticulture, de la culture agricole\",\"isPartOf\":{\"@id\":\"https:\/\/www.comebsrl.it\/fr\/#website\"},\"datePublished\":\"2023-05-11T15:19:44+00:00\",\"dateModified\":\"2025-02-25T16:33:44+00:00\",\"description\":\"L'enfouisseur de pierres ISXL est con\u00e7u pour les tracteurs de petite et moyenne taille et peut vous aider \u00e0 pr\u00e9parer le sol pour l'horticulture, les cultures agricoles et les prairies. Demandez nos machines : nous sommes pr\u00e9sents dans toute l'Italie et \u00e0 l'\u00e9tranger.\",\"breadcrumb\":{\"@id\":\"https:\/\/www.comebsrl.it\/fr\/isxl\/#breadcrumb\"},\"inLanguage\":\"fr-FR\",\"potentialAction\":[{\"@type\":\"ReadAction\",\"target\":[\"https:\/\/www.comebsrl.it\/fr\/isxl\/\"]}]},{\"@type\":\"BreadcrumbList\",\"@id\":\"https:\/\/www.comebsrl.it\/fr\/isxl\/#breadcrumb\",\"itemListElement\":[{\"@type\":\"ListItem\",\"position\":1,\"name\":\"Home\",\"item\":\"https:\/\/www.comebsrl.it\/fr\/\"},{\"@type\":\"ListItem\",\"position\":2,\"name\":\"Produits\",\"item\":\"https:\/\/www.comebsrl.it\/fr\/produits\/\"},{\"@type\":\"ListItem\",\"position\":3,\"name\":\"Enfouisseur de pierres\",\"item\":\"https:\/\/www.comebsrl.it\/fr\/produits\/enfouisseur-de-pierres\/\"},{\"@type\":\"ListItem\",\"position\":4,\"name\":\"ISXL\"}]},{\"@type\":\"WebSite\",\"@id\":\"https:\/\/www.comebsrl.it\/fr\/#website\",\"url\":\"https:\/\/www.comebsrl.it\/fr\/\",\"name\":\"CO.ME.B.\",\"description\":\"\",\"potentialAction\":[{\"@type\":\"SearchAction\",\"target\":{\"@type\":\"EntryPoint\",\"urlTemplate\":\"https:\/\/www.comebsrl.it\/fr\/?s={search_term_string}\"},\"query-input\":{\"@type\":\"PropertyValueSpecification\",\"valueRequired\":true,\"valueName\":\"search_term_string\"}}],\"inLanguage\":\"fr-FR\"}]}<\/script>\n<!-- \/ Yoast SEO plugin. -->","yoast_head_json":{"title":"Enfouisseurs de pierres pour petits tracteurs ISXL \u2013 Machines pour la pr\u00e9paration du sol, des pelouses, de l'horticulture, de la culture agricole","description":"L'enfouisseur de pierres ISXL est con\u00e7u pour les tracteurs de petite et moyenne taille et peut vous aider \u00e0 pr\u00e9parer le sol pour l'horticulture, les cultures agricoles et les prairies. Demandez nos machines : nous sommes pr\u00e9sents dans toute l'Italie et \u00e0 l'\u00e9tranger.","robots":{"index":"index","follow":"follow","max-snippet":"max-snippet:-1","max-image-preview":"max-image-preview:large","max-video-preview":"max-video-preview:-1"},"canonical":"https:\/\/www.comebsrl.it\/fr\/isxl\/","og_locale":"fr_FR","og_type":"article","og_title":"Enfouisseurs de pierres pour petits tracteurs ISXL \u2013 Machines pour la pr\u00e9paration du sol, des pelouses, de l'horticulture, de la culture agricole","og_description":"L'enfouisseur de pierres ISXL est con\u00e7u pour les tracteurs de petite et moyenne taille et peut vous aider \u00e0 pr\u00e9parer le sol pour l'horticulture, les cultures agricoles et les prairies. Demandez nos machines : nous sommes pr\u00e9sents dans toute l'Italie et \u00e0 l'\u00e9tranger.","og_url":"https:\/\/www.comebsrl.it\/fr\/isxl\/","og_site_name":"CO.ME.B.","article_modified_time":"2025-02-25T16:33:44+00:00","twitter_card":"summary_large_image","twitter_misc":{"Dur\u00e9e de lecture estim\u00e9e":"2 minutes"},"schema":{"@context":"https:\/\/schema.org","@graph":[{"@type":"WebPage","@id":"https:\/\/www.comebsrl.it\/fr\/isxl\/","url":"https:\/\/www.comebsrl.it\/fr\/isxl\/","name":"Enfouisseurs de pierres pour petits tracteurs ISXL \u2013 Machines pour la pr\u00e9paration du sol, des pelouses, de l'horticulture, de la culture agricole","isPartOf":{"@id":"https:\/\/www.comebsrl.it\/fr\/#website"},"datePublished":"2023-05-11T15:19:44+00:00","dateModified":"2025-02-25T16:33:44+00:00","description":"L'enfouisseur de pierres ISXL est con\u00e7u pour les tracteurs de petite et moyenne taille et peut vous aider \u00e0 pr\u00e9parer le sol pour l'horticulture, les cultures agricoles et les prairies. Demandez nos machines : nous sommes pr\u00e9sents dans toute l'Italie et \u00e0 l'\u00e9tranger.","breadcrumb":{"@id":"https:\/\/www.comebsrl.it\/fr\/isxl\/#breadcrumb"},"inLanguage":"fr-FR","potentialAction":[{"@type":"ReadAction","target":["https:\/\/www.comebsrl.it\/fr\/isxl\/"]}]},{"@type":"BreadcrumbList","@id":"https:\/\/www.comebsrl.it\/fr\/isxl\/#breadcrumb","itemListElement":[{"@type":"ListItem","position":1,"name":"Home","item":"https:\/\/www.comebsrl.it\/fr\/"},{"@type":"ListItem","position":2,"name":"Produits","item":"https:\/\/www.comebsrl.it\/fr\/produits\/"},{"@type":"ListItem","position":3,"name":"Enfouisseur de pierres","item":"https:\/\/www.comebsrl.it\/fr\/produits\/enfouisseur-de-pierres\/"},{"@type":"ListItem","position":4,"name":"ISXL"}]},{"@type":"WebSite","@id":"https:\/\/www.comebsrl.it\/fr\/#website","url":"https:\/\/www.comebsrl.it\/fr\/","name":"CO.ME.B.","description":"","potentialAction":[{"@type":"SearchAction","target":{"@type":"EntryPoint","urlTemplate":"https:\/\/www.comebsrl.it\/fr\/?s={search_term_string}"},"query-input":{"@type":"PropertyValueSpecification","valueRequired":true,"valueName":"search_term_string"}}],"inLanguage":"fr-FR"}]}},"_links":{"self":[{"href":"https:\/\/www.comebsrl.it\/fr\/wp-json\/wp\/v2\/pages\/4395571","targetHints":{"allow":["GET"]}}],"collection":[{"href":"https:\/\/www.comebsrl.it\/fr\/wp-json\/wp\/v2\/pages"}],"about":[{"href":"https:\/\/www.comebsrl.it\/fr\/wp-json\/wp\/v2\/types\/page"}],"author":[{"embeddable":true,"href":"https:\/\/www.comebsrl.it\/fr\/wp-json\/wp\/v2\/users\/1"}],"replies":[{"embeddable":true,"href":"https:\/\/www.comebsrl.it\/fr\/wp-json\/wp\/v2\/comments?post=4395571"}],"version-history":[{"count":4,"href":"https:\/\/www.comebsrl.it\/fr\/wp-json\/wp\/v2\/pages\/4395571\/revisions"}],"predecessor-version":[{"id":4396250,"href":"https:\/\/www.comebsrl.it\/fr\/wp-json\/wp\/v2\/pages\/4395571\/revisions\/4396250"}],"up":[{"embeddable":true,"href":"https:\/\/www.comebsrl.it\/fr\/wp-json\/wp\/v2\/pages\/4395595"}],"wp:attachment":[{"href":"https:\/\/www.comebsrl.it\/fr\/wp-json\/wp\/v2\/media?parent=4395571"}],"curies":[{"name":"wp","href":"https:\/\/api.w.org\/{rel}","templated":true}]}}