{"id":4396170,"date":"2018-07-16T13:04:58","date_gmt":"2018-07-16T11:04:58","guid":{"rendered":"https:\/\/comeng.sviluppokeyweb.com\/contacts\/"},"modified":"2025-06-06T12:33:53","modified_gmt":"2025-06-06T10:33:53","slug":"contactez-nous","status":"publish","type":"page","link":"https:\/\/www.comebsrl.it\/fr\/contactez-nous\/","title":{"rendered":"Contactez nous"},"content":{"rendered":"<p>[et_pb_section fb_built=\u00a0\u00bb1&Prime; _builder_version=\u00a0\u00bb4.21.0&Prime; background_color=\u00a0\u00bbrgba(0,0,0,0.74)\u00a0\u00bb background_image=\u00a0\u00bbhttps:\/\/www.comebsrl.it\/wp-content\/uploads\/2023\/07\/home-3.jpg\u00a0\u00bb background_blend=\u00a0\u00bbsoft-light\u00a0\u00bb global_colors_info=\u00a0\u00bb{}\u00a0\u00bb][et_pb_row column_structure=\u00a0\u00bb1_2,1_2&Prime; _builder_version=\u00a0\u00bb4.16&Prime; global_colors_info=\u00a0\u00bb{}\u00a0\u00bb][et_pb_column type=\u00a0\u00bb1_2&Prime; _builder_version=\u00a0\u00bb4.16&Prime; custom_padding=\u00a0\u00bb|||\u00a0\u00bb global_colors_info=\u00a0\u00bb{}\u00a0\u00bb custom_padding__hover=\u00a0\u00bb|||\u00a0\u00bb][et_pb_text disabled_on=\u00a0\u00bboff|off|on\u00a0\u00bb _builder_version=\u00a0\u00bb4.21.0&Prime; header_2_font=\u00a0\u00bb|700||on|||||\u00a0\u00bb header_2_text_color=\u00a0\u00bb#FFFFFF\u00a0\u00bb custom_margin=\u00a0\u00bb||10px||false|false\u00a0\u00bb global_colors_info=\u00a0\u00bb{}\u00a0\u00bb]<\/p>\n<h2 style=\"margin-bottom: 10px;\">Contattaci<\/h2>\n<p>[\/et_pb_text][dvppl_cf7_styler use_form_button_fullwidth=\u00a0\u00bbon\u00a0\u00bb cf7=\u00a0\u00bb2387&Prime; cr_custom_styles=\u00a0\u00bbon\u00a0\u00bb cr_background_color=\u00a0\u00bb#FFFFFF\u00a0\u00bb cr_selected_color=\u00a0\u00bb#15537c\u00a0\u00bb _builder_version=\u00a0\u00bb4.21.0&Prime; _module_preset=\u00a0\u00bbdefault\u00a0\u00bb labels_text_color=\u00a0\u00bb#FFFFFF\u00a0\u00bb border_color_all_field=\u00a0\u00bbRGBA(255,255,255,0)\u00a0\u00bb global_colors_info=\u00a0\u00bb{}\u00a0\u00bb][\/dvppl_cf7_styler][\/et_pb_column][et_pb_column type=\u00a0\u00bb1_2&Prime; _builder_version=\u00a0\u00bb4.16&Prime; custom_padding=\u00a0\u00bb0px|||\u00a0\u00bb custom_padding_tablet=\u00a0\u00bb\u00a0\u00bb custom_padding_phone=\u00a0\u00bb20px|||\u00a0\u00bb custom_padding_last_edited=\u00a0\u00bbon|phone\u00a0\u00bb global_colors_info=\u00a0\u00bb{}\u00a0\u00bb custom_padding__hover=\u00a0\u00bb|||\u00a0\u00bb][et_pb_text disabled_on=\u00a0\u00bbon|on|off\u00a0\u00bb _builder_version=\u00a0\u00bb4.27.4&Prime; header_2_font=\u00a0\u00bb|700||on|||||\u00a0\u00bb header_2_text_color=\u00a0\u00bb#FFFFFF\u00a0\u00bb custom_margin=\u00a0\u00bb||30px|\u00a0\u00bb global_colors_info=\u00a0\u00bb{}\u00a0\u00bb]<\/p>\n<h2 style=\"margin-bottom: 10px;\">Contactez nous<\/h2>\n<p>[\/et_pb_text][et_pb_blurb title=\u00a0\u00bbVia Menarini, 36 \u2013 40054 Budrio (BO)\u00a0\u00bb use_icon=\u00a0\u00bbon\u00a0\u00bb font_icon=\u00a0\u00bb&#xe081;||divi||400&Prime; icon_color=\u00a0\u00bb#FFFFFF\u00a0\u00bb icon_placement=\u00a0\u00bbleft\u00a0\u00bb _builder_version=\u00a0\u00bb4.21.0&Prime; header_text_color=\u00a0\u00bb#FFFFFF\u00a0\u00bb header_font_size=\u00a0\u00bb16&Prime; body_text_color=\u00a0\u00bb#FFFFFF\u00a0\u00bb custom_css_blurb_title=\u00a0\u00bbpadding-bottom: 0;||padding-top: 5px;\u00a0\u00bb global_colors_info=\u00a0\u00bb{}\u00a0\u00bb][\/et_pb_blurb][et_pb_blurb title=\u00a0\u00bb051 801611&Prime; use_icon=\u00a0\u00bbon\u00a0\u00bb font_icon=\u00a0\u00bb&#xe090;||divi||400&Prime; icon_color=\u00a0\u00bb#FFFFFF\u00a0\u00bb icon_placement=\u00a0\u00bbleft\u00a0\u00bb _builder_version=\u00a0\u00bb4.27.4&Prime; header_text_color=\u00a0\u00bb#FFFFFF\u00a0\u00bb header_font_size=\u00a0\u00bb16&Prime; link_option_url=\u00a0\u00bbtel:+39051801611&Prime; hover_enabled=\u00a0\u00bb0&Prime; custom_css_blurb_title=\u00a0\u00bbpadding-bottom: 0;||padding-top: 5px;\u00a0\u00bb global_colors_info=\u00a0\u00bb{}\u00a0\u00bb url=\u00a0\u00bbtel:+39051801611&Prime; sticky_enabled=\u00a0\u00bb0&Prime;][\/et_pb_blurb][et_pb_code _builder_version=\u00a0\u00bb4.21.0&Prime; _module_preset=\u00a0\u00bbdefault\u00a0\u00bb global_colors_info=\u00a0\u00bb{}\u00a0\u00bb]<iframe src=\"https:\/\/www.google.com\/maps\/embed?pb=!1m14!1m8!1m3!1d11379.704022664051!2d11.526127!3d44.516669!3m2!1i1024!2i768!4f13.1!3m3!1m2!1s0x477e2f1ce83ca023%3A0x25b4e8de255cd3c4!2sComeb%20S.R.L.!5e0!3m2!1sit!2sus!4v1683821292407!5m2!1sit!2sus\" width=\"600\" height=\"450\" style=\"border:0;\" allowfullscreen=\"\" loading=\"lazy\" referrerpolicy=\"no-referrer-when-downgrade\"><\/iframe>[\/et_pb_code][\/et_pb_column][\/et_pb_row][\/et_pb_section]<\/p>\n","protected":false},"excerpt":{"rendered":"<p>Contattaci<div class=\"et_pb_with_border et_pb_module dvppl_cf7_styler dvppl_cf7_styler_0\">\n\t\t\t\t\n\t\t\t\t\n\t\t\t\t\n\t\t\t\t\n\t\t\t\t\n\t\t\t\t\n\t\t\t\t<div class=\"et_pb_module_inner\">\n\t\t\t\t\t<div class=\"dipe-cf7-container dipe-cf7-button-fullwidth\">\n\t\t\t\t\n\t\t\t\t<div class=\"dipe-cf7 dipe-cf7-styler dipe-cf7-cr\">\n\t\t\t\t\t\n<div class=\"wpcf7 no-js\" id=\"wpcf7-f4395641-o1\" lang=\"fr-FR\" dir=\"ltr\" data-wpcf7-id=\"4395641\">\n<div class=\"screen-reader-response\"><p role=\"status\" aria-live=\"polite\" aria-atomic=\"true\"><\/p> <ul><\/ul><\/div>\n<form action=\"\/fr\/wp-json\/wp\/v2\/pages\/4396170#wpcf7-f4395641-o1\" method=\"post\" class=\"wpcf7-form init\" aria-label=\"Formulaire de contact\" novalidate=\"novalidate\" data-status=\"init\">\n<fieldset class=\"hidden-fields-container\"><input type=\"hidden\" name=\"_wpcf7\" value=\"4395641\" \/><input type=\"hidden\" name=\"_wpcf7_version\" value=\"6.1.3\" \/><input type=\"hidden\" name=\"_wpcf7_locale\" value=\"fr_FR\" \/><input type=\"hidden\" name=\"_wpcf7_unit_tag\" value=\"wpcf7-f4395641-o1\" \/><input type=\"hidden\" name=\"_wpcf7_container_post\" value=\"0\" \/><input type=\"hidden\" name=\"_wpcf7_posted_data_hash\" value=\"\" \/><input type=\"hidden\" name=\"_wpcf7_recaptcha_response\" value=\"\" \/>\n<\/fieldset>\n<div class=\"one-half\">\n<span class=\"wpcf7-form-control-wrap\" data-name=\"your-name\"><input size=\"40\" maxlength=\"400\" class=\"wpcf7-form-control wpcf7-text wpcf7-validates-as-required\" id=\"cf7_name\" aria-required=\"true\" aria-invalid=\"false\" placeholder=\"Nom et pr\u00e9nom\/Soci\u00e9t\u00e9\" value=\"\" type=\"text\" name=\"your-name\" \/><\/span><\/div>\n<div class=\"one-half last\">\n<span class=\"wpcf7-form-control-wrap\" data-name=\"your-address\"><input size=\"40\" maxlength=\"400\" class=\"wpcf7-form-control wpcf7-text wpcf7-validates-as-required\" aria-required=\"true\" aria-invalid=\"false\" placeholder=\"Adresse et num\u00e9ro de t\u00e9l\u00e9phone\" value=\"\" type=\"text\" name=\"your-address\" \/><\/span><\/div>\n<span class=\"wpcf7-form-control-wrap\" data-name=\"citta\"><input size=\"40\" maxlength=\"400\" class=\"wpcf7-form-control wpcf7-text wpcf7-validates-as-required\" aria-required=\"true\" aria-invalid=\"false\" placeholder=\"Ville et province\" value=\"\" type=\"text\" name=\"citta\" \/><\/span>\n<div class=\"one-half\">\n<span class=\"wpcf7-form-control-wrap\" data-name=\"your-phone\"><input size=\"40\" maxlength=\"400\" class=\"wpcf7-form-control wpcf7-text wpcf7-validates-as-required\" aria-required=\"true\" aria-invalid=\"false\" placeholder=\"T\u00e9l\u00e9phone\" value=\"\" type=\"text\" name=\"your-phone\" \/><\/span><\/div>\n<div class=\"one-half last\">\n<span class=\"wpcf7-form-control-wrap\" data-name=\"your-email\"><input size=\"40\" maxlength=\"400\" class=\"wpcf7-form-control wpcf7-email wpcf7-validates-as-required wpcf7-text wpcf7-validates-as-email\" id=\"cf7_email\" aria-required=\"true\" aria-invalid=\"false\" placeholder=\"Adresse \u00e9lectronique\" value=\"\" type=\"email\" name=\"your-email\" \/><\/span><\/div>\n\n<div class=\"a one-half\">\n<span class=\"wpcf7-form-control-wrap\" data-name=\"trattore\"><input size=\"40\" maxlength=\"400\" class=\"wpcf7-form-control wpcf7-text wpcf7-validates-as-required\" aria-required=\"true\" aria-invalid=\"false\" placeholder=\"Tracteur HP\" value=\"\" type=\"text\" name=\"trattore\" \/><\/span>\n<\/div>\n<div class=\"a one-half last\">\n<span class=\"wpcf7-form-control-wrap\" data-name=\"terreno\"><input size=\"40\" maxlength=\"400\" class=\"wpcf7-form-control wpcf7-text wpcf7-validates-as-required\" aria-required=\"true\" aria-invalid=\"false\" placeholder=\"Type de terrain\" value=\"\" type=\"text\" name=\"terreno\" \/><\/span>\n<\/div>\n<div class=\"a one-half\">\n<span class=\"wpcf7-form-control-wrap\" data-name=\"coltura\"><input size=\"40\" maxlength=\"400\" class=\"wpcf7-form-control wpcf7-text wpcf7-validates-as-required\" aria-required=\"true\" aria-invalid=\"false\" placeholder=\"Culture\" value=\"\" type=\"text\" name=\"coltura\" \/><\/span>\n<\/div>\n<div class=\"a one-half last\">\n<span class=\"wpcf7-form-control-wrap\" data-name=\"quanti\"><input size=\"40\" maxlength=\"400\" class=\"wpcf7-form-control wpcf7-text wpcf7-validates-as-required\" aria-required=\"true\" aria-invalid=\"false\" placeholder=\"Combien d\u2019\u00e9l\u00e9ments et de dimensions\" value=\"\" type=\"text\" name=\"quanti\" \/><\/span>\n<\/div>\n<div class=\"a\">\n<span class=\"wpcf7-form-control-wrap\" data-name=\"distanza\"><input size=\"40\" maxlength=\"400\" class=\"wpcf7-form-control wpcf7-text wpcf7-validates-as-required\" aria-required=\"true\" aria-invalid=\"false\" placeholder=\"Distance entre les rang\u00e9es\" value=\"\" type=\"text\" name=\"distanza\" \/><\/span>\n<\/div>\n\n\n<span class=\"wpcf7-form-control-wrap\" data-name=\"your-message\"><textarea cols=\"40\" rows=\"10\" maxlength=\"2000\" class=\"wpcf7-form-control wpcf7-textarea wpcf7-validates-as-required\" aria-required=\"true\" aria-invalid=\"false\" placeholder=\"Demande d&#039;information\" name=\"your-message\"><\/textarea><\/span><br\/>\n<a href=\"https:\/\/www.comebsrl.it\/fr\/privacy\/\" class=\"labelPrivacy\">Consulter Politique de confidentialit\u00e9<\/a>\n<span class=\"wpcf7-form-control-wrap\" data-name=\"acceptance-176\"><span class=\"wpcf7-form-control wpcf7-acceptance\"><span class=\"wpcf7-list-item\"><label><input type=\"checkbox\" name=\"acceptance-176\" value=\"1\" aria-invalid=\"false\" \/><span class=\"wpcf7-list-item-label\">J'ai lu et accept\u00e9 la politique de confidentialit\u00e9 -. cookies conform\u00e9ment au r\u00e8glement europ\u00e9en 679\/16 (RGPD)<\/span><\/label><\/span><\/span><\/span>\n\n<button class=\"wpcf7-form-control wpcf7-submit has-spinner et_pb_button et_pb_bg_layout_light\" id=\"cf7_submit\" type=\"submit\" value=\"Envoyer\">Envoyer<\/button><div class=\"wpcf7-response-output\" aria-hidden=\"true\"><\/div>\n<\/form>\n<\/div>\n\n\t\t\t\t<\/div>\n\t\t\t<\/div>\n\t\t\t\t<\/div>\n\t\t\t<\/div>Contactez nous<\/p>\n","protected":false},"author":1,"featured_media":0,"parent":0,"menu_order":0,"comment_status":"closed","ping_status":"closed","template":"","meta":{"_et_pb_use_builder":"on","_et_pb_old_content":"","_et_gb_content_width":"","inline_featured_image":false,"footnotes":""},"class_list":["post-4396170","page","type-page","status-publish","hentry"],"yoast_head":"<!-- This site is optimized with the Yoast SEO plugin v26.4 - https:\/\/yoast.com\/wordpress\/plugins\/seo\/ -->\n<title>Contactez nous - CO.ME.B.<\/title>\n<meta name=\"description\" content=\"CO.ME.B. Srl est une entreprise sp\u00e9cialis\u00e9e dans la production et la vente d&#039;\u00e9quipements et de machines agricoles pour tous les types de terrains et de cultures. Pour plus d&#039;informations, n&#039;h\u00e9sitez pas \u00e0 nous contacter !\" \/>\n<meta name=\"robots\" content=\"index, follow, max-snippet:-1, max-image-preview:large, max-video-preview:-1\" \/>\n<link rel=\"canonical\" href=\"https:\/\/www.comebsrl.it\/fr\/contactez-nous\/\" \/>\n<meta property=\"og:locale\" content=\"fr_FR\" \/>\n<meta property=\"og:type\" content=\"article\" \/>\n<meta property=\"og:title\" content=\"Contactez nous - CO.ME.B.\" \/>\n<meta property=\"og:description\" content=\"CO.ME.B. Srl est une entreprise sp\u00e9cialis\u00e9e dans la production et la vente d&#039;\u00e9quipements et de machines agricoles pour tous les types de terrains et de cultures. Pour plus d&#039;informations, n&#039;h\u00e9sitez pas \u00e0 nous contacter !\" \/>\n<meta property=\"og:url\" content=\"https:\/\/www.comebsrl.it\/fr\/contactez-nous\/\" \/>\n<meta property=\"og:site_name\" content=\"CO.ME.B.\" \/>\n<meta property=\"article:modified_time\" content=\"2025-06-06T10:33:53+00:00\" \/>\n<meta name=\"twitter:card\" content=\"summary_large_image\" \/>\n<meta name=\"twitter:label1\" content=\"Dur\u00e9e de lecture estim\u00e9e\" \/>\n\t<meta name=\"twitter:data1\" content=\"1 minute\" \/>\n<script type=\"application\/ld+json\" class=\"yoast-schema-graph\">{\"@context\":\"https:\/\/schema.org\",\"@graph\":[{\"@type\":\"WebPage\",\"@id\":\"https:\/\/www.comebsrl.it\/fr\/contactez-nous\/\",\"url\":\"https:\/\/www.comebsrl.it\/fr\/contactez-nous\/\",\"name\":\"Contactez nous - CO.ME.B.\",\"isPartOf\":{\"@id\":\"https:\/\/www.comebsrl.it\/fr\/#website\"},\"datePublished\":\"2018-07-16T11:04:58+00:00\",\"dateModified\":\"2025-06-06T10:33:53+00:00\",\"description\":\"CO.ME.B. Srl est une entreprise sp\u00e9cialis\u00e9e dans la production et la vente d'\u00e9quipements et de machines agricoles pour tous les types de terrains et de cultures. Pour plus d'informations, n'h\u00e9sitez pas \u00e0 nous contacter !\",\"breadcrumb\":{\"@id\":\"https:\/\/www.comebsrl.it\/fr\/contactez-nous\/#breadcrumb\"},\"inLanguage\":\"fr-FR\",\"potentialAction\":[{\"@type\":\"ReadAction\",\"target\":[\"https:\/\/www.comebsrl.it\/fr\/contactez-nous\/\"]}]},{\"@type\":\"BreadcrumbList\",\"@id\":\"https:\/\/www.comebsrl.it\/fr\/contactez-nous\/#breadcrumb\",\"itemListElement\":[{\"@type\":\"ListItem\",\"position\":1,\"name\":\"Home\",\"item\":\"https:\/\/www.comebsrl.it\/fr\/\"},{\"@type\":\"ListItem\",\"position\":2,\"name\":\"Contactez nous\"}]},{\"@type\":\"WebSite\",\"@id\":\"https:\/\/www.comebsrl.it\/fr\/#website\",\"url\":\"https:\/\/www.comebsrl.it\/fr\/\",\"name\":\"CO.ME.B.\",\"description\":\"\",\"potentialAction\":[{\"@type\":\"SearchAction\",\"target\":{\"@type\":\"EntryPoint\",\"urlTemplate\":\"https:\/\/www.comebsrl.it\/fr\/?s={search_term_string}\"},\"query-input\":{\"@type\":\"PropertyValueSpecification\",\"valueRequired\":true,\"valueName\":\"search_term_string\"}}],\"inLanguage\":\"fr-FR\"}]}<\/script>\n<!-- \/ Yoast SEO plugin. -->","yoast_head_json":{"title":"Contactez nous - CO.ME.B.","description":"CO.ME.B. Srl est une entreprise sp\u00e9cialis\u00e9e dans la production et la vente d'\u00e9quipements et de machines agricoles pour tous les types de terrains et de cultures. Pour plus d'informations, n'h\u00e9sitez pas \u00e0 nous contacter !","robots":{"index":"index","follow":"follow","max-snippet":"max-snippet:-1","max-image-preview":"max-image-preview:large","max-video-preview":"max-video-preview:-1"},"canonical":"https:\/\/www.comebsrl.it\/fr\/contactez-nous\/","og_locale":"fr_FR","og_type":"article","og_title":"Contactez nous - CO.ME.B.","og_description":"CO.ME.B. Srl est une entreprise sp\u00e9cialis\u00e9e dans la production et la vente d'\u00e9quipements et de machines agricoles pour tous les types de terrains et de cultures. Pour plus d'informations, n'h\u00e9sitez pas \u00e0 nous contacter !","og_url":"https:\/\/www.comebsrl.it\/fr\/contactez-nous\/","og_site_name":"CO.ME.B.","article_modified_time":"2025-06-06T10:33:53+00:00","twitter_card":"summary_large_image","twitter_misc":{"Dur\u00e9e de lecture estim\u00e9e":"1 minute"},"schema":{"@context":"https:\/\/schema.org","@graph":[{"@type":"WebPage","@id":"https:\/\/www.comebsrl.it\/fr\/contactez-nous\/","url":"https:\/\/www.comebsrl.it\/fr\/contactez-nous\/","name":"Contactez nous - CO.ME.B.","isPartOf":{"@id":"https:\/\/www.comebsrl.it\/fr\/#website"},"datePublished":"2018-07-16T11:04:58+00:00","dateModified":"2025-06-06T10:33:53+00:00","description":"CO.ME.B. Srl est une entreprise sp\u00e9cialis\u00e9e dans la production et la vente d'\u00e9quipements et de machines agricoles pour tous les types de terrains et de cultures. Pour plus d'informations, n'h\u00e9sitez pas \u00e0 nous contacter !","breadcrumb":{"@id":"https:\/\/www.comebsrl.it\/fr\/contactez-nous\/#breadcrumb"},"inLanguage":"fr-FR","potentialAction":[{"@type":"ReadAction","target":["https:\/\/www.comebsrl.it\/fr\/contactez-nous\/"]}]},{"@type":"BreadcrumbList","@id":"https:\/\/www.comebsrl.it\/fr\/contactez-nous\/#breadcrumb","itemListElement":[{"@type":"ListItem","position":1,"name":"Home","item":"https:\/\/www.comebsrl.it\/fr\/"},{"@type":"ListItem","position":2,"name":"Contactez nous"}]},{"@type":"WebSite","@id":"https:\/\/www.comebsrl.it\/fr\/#website","url":"https:\/\/www.comebsrl.it\/fr\/","name":"CO.ME.B.","description":"","potentialAction":[{"@type":"SearchAction","target":{"@type":"EntryPoint","urlTemplate":"https:\/\/www.comebsrl.it\/fr\/?s={search_term_string}"},"query-input":{"@type":"PropertyValueSpecification","valueRequired":true,"valueName":"search_term_string"}}],"inLanguage":"fr-FR"}]}},"_links":{"self":[{"href":"https:\/\/www.comebsrl.it\/fr\/wp-json\/wp\/v2\/pages\/4396170","targetHints":{"allow":["GET"]}}],"collection":[{"href":"https:\/\/www.comebsrl.it\/fr\/wp-json\/wp\/v2\/pages"}],"about":[{"href":"https:\/\/www.comebsrl.it\/fr\/wp-json\/wp\/v2\/types\/page"}],"author":[{"embeddable":true,"href":"https:\/\/www.comebsrl.it\/fr\/wp-json\/wp\/v2\/users\/1"}],"replies":[{"embeddable":true,"href":"https:\/\/www.comebsrl.it\/fr\/wp-json\/wp\/v2\/comments?post=4396170"}],"version-history":[{"count":19,"href":"https:\/\/www.comebsrl.it\/fr\/wp-json\/wp\/v2\/pages\/4396170\/revisions"}],"predecessor-version":[{"id":4396514,"href":"https:\/\/www.comebsrl.it\/fr\/wp-json\/wp\/v2\/pages\/4396170\/revisions\/4396514"}],"wp:attachment":[{"href":"https:\/\/www.comebsrl.it\/fr\/wp-json\/wp\/v2\/media?parent=4396170"}],"curies":[{"name":"wp","href":"https:\/\/api.w.org\/{rel}","templated":true}]}}